{"id":16149,"date":"2022-11-05T20:28:56","date_gmt":"2022-11-05T19:28:56","guid":{"rendered":"https:\/\/swisssabers.ch\/cgv\/"},"modified":"2026-03-16T00:34:33","modified_gmt":"2026-03-15T23:34:33","slug":"cgv","status":"publish","type":"page","link":"https:\/\/swisssabers.ch\/fr\/cgv\/","title":{"rendered":"CGV"},"content":{"rendered":"\t\t<div data-elementor-type=\"wp-page\" data-elementor-id=\"16149\" class=\"elementor elementor-16149 elementor-283\" data-elementor-post-type=\"page\">\n\t\t\t\t<div class=\"elementor-element elementor-element-c310f91 e-flex e-con-boxed e-con e-parent\" data-id=\"c310f91\" data-element_type=\"container\" data-e-type=\"container\" data-settings=\"{&quot;background_background&quot;:&quot;classic&quot;}\">\n\t\t\t\t\t<div class=\"e-con-inner\">\n\t\t\t\t<div class=\"elementor-element elementor-element-6b754ce elementor-widget elementor-widget-heading\" data-id=\"6b754ce\" data-element_type=\"widget\" data-e-type=\"widget\" data-widget_type=\"heading.default\">\n\t\t\t\t<div class=\"elementor-widget-container\">\n\t\t\t\t\t<h1 class=\"elementor-heading-title elementor-size-default\">CGV<\/h1>\t\t\t\t<\/div>\n\t\t\t\t<\/div>\n\t\t\t\t<div class=\"elementor-element elementor-element-10fb71d elementor-widget elementor-widget-text-editor\" data-id=\"10fb71d\" data-element_type=\"widget\" data-e-type=\"widget\" data-widget_type=\"text-editor.default\">\n\t\t\t\t<div class=\"elementor-widget-container\">\n\t\t\t\t\t\t\t\t\t<ol><li>Champ d&#8217;application<\/li><\/ol><p>Ce site web est g\u00e9r\u00e9 par Swiss Sabers. Partout sur le site, les termes &#8220;nous&#8221;, &#8220;notre&#8221; et &#8220;nos\/nos&#8221; font r\u00e9f\u00e9rence \u00e0 Swiss Sabers GmbH. Swiss Sabers GmbH met \u00e0 ta disposition ce site Web, y compris toutes les informations, tous les outils et tous les services disponibles sur ce site Web, \u00e0 condition que tu acceptes tous les termes, conditions, directives et avis indiqu\u00e9s ici.  <\/p><p>Les conditions g\u00e9n\u00e9rales de vente suivantes s&#8217;appliquent \u00e0 toutes les commandes pass\u00e9es sur notre boutique en ligne. Notre boutique en ligne s&#8217;adresse exclusivement aux consommateurs. <\/p><p>Le consommateur est toute personne physique qui conclut un acte juridique \u00e0 des fins qui, pour l&#8217;essentiel, ne peuvent \u00eatre attribu\u00e9es ni \u00e0 son activit\u00e9 commerciale ni \u00e0 son activit\u00e9 professionnelle ind\u00e9pendante. Un entrepreneur est une personne physique ou morale ou une soci\u00e9t\u00e9 de personnes ayant la capacit\u00e9 juridique qui, lors de la conclusion d&#8217;un acte juridique, agit dans le cadre de son activit\u00e9 professionnelle commerciale ou ind\u00e9pendante. <\/p><ol start=\"2\"><li>Lieu de juridiction<\/li><\/ol><p>Seul le droit suisse est applicable, \u00e0 l&#8217;exclusion des normes de conflit de lois et de la Convention de Vienne sur les contrats de vente internationale de marchandises. Le lieu de juridiction est Zurich. <\/p><ol start=\"3\"><li>Produits et prix<\/li><\/ol><p>Les images des produits dans les publicit\u00e9s et les vid\u00e9os sont fournies \u00e0 titre d&#8217;illustration et ne sont pas contractuelles. Les images des produits dans la boutique en ligne essaient de repr\u00e9senter la r\u00e9alit\u00e9 le plus fid\u00e8lement possible. <\/p><p>Tous les prix sont en francs suisses et incluent tous les frais d&#8217;exp\u00e9dition, d&#8217;emballage et de paiement.<\/p><p>Nous nous r\u00e9servons le droit de modifier les prix et de faire des erreurs de prix. Nous nous r\u00e9servons le droit de modifier \u00e0 tout moment les prix des produits propos\u00e9s. Le prix figurant dans la boutique en ligne au moment de la commande est d\u00e9terminant pour la conclusion du contrat d&#8217;achat.  <\/p><ol start=\"4\"><li>Garantie, garantie et reprises<\/li><\/ol><p>Nous accordons un droit de r\u00e9tractation de 14 jours sur tous les produits. En cas de dommages avant ou pendant l&#8217;exp\u00e9dition, tu as droit au remplacement des articles concern\u00e9s. Si aucun produit de remplacement n&#8217;est disponible au moment de la demande de garantie, les clients ont la possibilit\u00e9 de demander un remboursement du prix d&#8217;achat ou un produit de remplacement \u00e9quivalent au m\u00eame prix. L&#8217;article endommag\u00e9 doit toujours \u00eatre renvoy\u00e9.<br>Par ailleurs, nous proposons un droit de retour de 14 jours. Les clients peuvent faire usage de leur droit de retour dans les 14 jours suivant la r\u00e9ception de l&#8217;article (date de livraison), \u00e0 condition que l&#8217;article n&#8217;ait pas \u00e9t\u00e9 utilis\u00e9, qu&#8217;il soit dans son \u00e9tat d&#8217;origine et qu&#8217;il ne pr\u00e9sente aucun d\u00e9faut.    <\/p><p>Conform\u00e9ment \u00e0 la loi suisse, nous accordons une garantie de 2 ans \u00e0 partir de la r\u00e9ception du sabre laser sur la poign\u00e9e et les composants qui s&#8217;y trouvent (notamment le &#8220;soundboard&#8221; ou le &#8220;core&#8221;).<br>La lame et la batterie sont consid\u00e9r\u00e9es comme des pi\u00e8ces d&#8217;usure et peuvent \u00eatre endommag\u00e9es lors de leur utilisation (notamment les lames lors des combats). C&#8217;est pourquoi les lames et les piles ne sont pas garanties, \u00e0 moins qu&#8217;elles ne soient d\u00e9fectueuses \u00e0 la r\u00e9ception. <\/p><p>En cas de d\u00e9fauts survenant apr\u00e8s l&#8217;expiration de la p\u00e9riode de garantie, il est possible de demander une r\u00e9paration ou un remplacement \u00e0 titre gracieux. Swiss Sabers se r\u00e9serve toutefois le droit de refuser cette demande. <\/p><ol start=\"5\"><li>Responsabilit\u00e9<\/li><\/ol><p>Le contrat de vente est conclu avec Swiss Sabers GmbH.<\/p><p>En pla\u00e7ant les produits dans la boutique en ligne, nous faisons une offre ferme pour conclure un contrat sur ces articles. Le contrat est conclu lorsque tu acceptes l&#8217;offre concernant les marchandises contenues dans le panier en cliquant sur le bouton de commande. Imm\u00e9diatement apr\u00e8s l&#8217;envoi de la commande, tu recevras \u00e0 nouveau une confirmation par e-mail.  <\/p><p>En cas de r\u00e9clamation pour des dommages caus\u00e9s par nous, nos repr\u00e9sentants l\u00e9gaux ou nos agents d&#8217;ex\u00e9cution, nous sommes responsables<\/p><ul><li>en cas d&#8217;atteinte \u00e0 la vie, au corps ou \u00e0 la sant\u00e9,<\/li><li>en cas de violation intentionnelle ou de n\u00e9gligence grave des obligations,<\/li><li>en cas de promesses de garantie, si elles ont \u00e9t\u00e9 convenues, ou<\/li><li>dans la mesure o\u00f9 le champ d&#8217;application de la loi sur la responsabilit\u00e9 du fait des produits est ouvert.<\/li><\/ul><p>En cas de violation d&#8217;obligations contractuelles essentielles, dont l&#8217;ex\u00e9cution permet la bonne ex\u00e9cution du contrat et au respect desquelles le partenaire contractuel peut r\u00e9guli\u00e8rement se fier (obligations cardinales), par n\u00e9gligence l\u00e9g\u00e8re de notre part, la responsabilit\u00e9 est limit\u00e9e au montant des dommages pr\u00e9visibles au moment de la conclusion du contrat et auxquels il faut typiquement s&#8217;attendre.<br>Par ailleurs, toute demande de dommages et int\u00e9r\u00eats est exclue.<\/p><ol start=\"6\"><li>Livraison, exp\u00e9dition et collecte<\/li><\/ol><p>Tous nos prix incluent les frais d&#8217;exp\u00e9dition et la TVA. Les envois ne sont effectu\u00e9s qu&#8217;en Suisse et dans la Principaut\u00e9 du Liechtenstein avec la Poste suisse. Les colis sont g\u00e9n\u00e9ralement envoy\u00e9s en courrier A (Priority) et arrivent g\u00e9n\u00e9ralement chez le client dans un d\u00e9lai de 1 \u00e0 3 jours ouvrables apr\u00e8s r\u00e9ception de la commande. Nous d\u00e9clinons toute responsabilit\u00e9 en cas de retard de livraison.  <\/p><p>Pour les articles qui ne sont actuellement pas en stock (inscrits avec &#8220;pas en stock&#8221;), il faut compter avec un d\u00e9lai de livraison de plus de 3 jours ouvrables. L&#8217;acheteur prend note du fait que les retards de livraison ne l&#8217;autorisent pas \u00e0 refuser la marchandise command\u00e9e.<br>Swiss Sabers se consid\u00e8re comme une boutique en ligne. Un enl\u00e8vement de la marchandise par toi-m\u00eame \u00e0 Zurich Altstetten n&#8217;est possible que sur rendez-vous. Lors de l&#8217;achat, notre emplacement de stockage sera communiqu\u00e9.   <\/p><ol start=\"7\"><li>Dommages dus au transport<\/li><\/ol><p>Si les marchandises sont livr\u00e9es avec des dommages \u00e9vidents dus au transport, fais une r\u00e9clamation aupr\u00e8s du livreur le plus rapidement possible et contacte-nous imm\u00e9diatement. Le fait de ne pas faire de r\u00e9clamation ou de ne pas prendre contact n&#8217;a aucune cons\u00e9quence sur tes droits l\u00e9gaux et leur application, en particulier sur tes droits de garantie. Cependant, tu nous aides \u00e0 faire valoir nos propres droits aupr\u00e8s du transporteur ou de l&#8217;assurance transport.  <\/p><ol start=\"8\"><li>Paiement<\/li><\/ol><p>Dans notre boutique, les modes de paiement suivants sont disponibles. Nous nous r\u00e9servons le droit de les modifier ou d&#8217;en ajouter d&#8217;autres. <\/p><ul><li>Achat sur facture (PowerPay, plus d&#8217;informations sur www.powerpay.ch)<\/li><li>Carte de d\u00e9bit et de cr\u00e9dit (VISA, Mastercard et autres)<\/li><li>Twint<\/li><li>PostFinance Pay<\/li><\/ul><p>Pour les commandes qui ne sont pas retir\u00e9es en personne, il faut toujours payer \u00e0 l&#8217;avance (\u00e0 l&#8217;exception de l&#8217;achat sur facture). Lors du retrait de la marchandise, il est possible de payer sur place avec Twint ou une carte de d\u00e9bit\/cr\u00e9dit.   <\/p><p>En cas d&#8217;achat sur facture, les conditions g\u00e9n\u00e9rales de PowerPay (MF Group AG) sont accept\u00e9es. Elles sont disponibles sur le lien suivant : www.mfgroup.ch\/de\/agb <\/p><ol start=\"9\"><li>Modification des conditions g\u00e9n\u00e9rales<\/li><\/ol><p>Tu peux consulter la derni\u00e8re version des conditions g\u00e9n\u00e9rales \u00e0 tout moment sur cette page.<\/p><p>Nous nous r\u00e9servons le droit de mettre \u00e0 jour, de modifier ou de remplacer toute partie de ces conditions g\u00e9n\u00e9rales \u00e0 notre seule discr\u00e9tion en publiant les mises \u00e0 jour et les modifications sur notre site Web. Il est de ta responsabilit\u00e9 de v\u00e9rifier r\u00e9guli\u00e8rement notre site web pour d&#8217;\u00e9ventuelles modifications. Si tu continues \u00e0 utiliser ou \u00e0 acc\u00e9der \u00e0 notre site Web ou au service apr\u00e8s la publication de modifications de ces conditions g\u00e9n\u00e9rales, tu es consid\u00e9r\u00e9 comme ayant accept\u00e9 ces modifications.  <\/p>\t\t\t\t\t\t\t\t<\/div>\n\t\t\t\t<\/div>\n\t\t\t\t\t<\/div>\n\t\t\t\t<\/div>\n\t\t\t\t<\/div>\n\t\t","protected":false},"excerpt":{"rendered":"<p>CGV Champ d&#8217;application Ce site web est g\u00e9r\u00e9 par Swiss Sabers. Partout sur le site, les termes &#8220;nous&#8221;, &#8220;notre&#8221; et &#8220;nos\/nos&#8221; font r\u00e9f\u00e9rence \u00e0 Swiss Sabers GmbH. Swiss Sabers GmbH met \u00e0 ta disposition ce site Web, y compris toutes les informations, tous les outils et tous les services disponibles sur ce site Web, \u00e0 [&hellip;]<\/p>\n","protected":false},"author":1,"featured_media":0,"parent":0,"menu_order":0,"comment_status":"closed","ping_status":"closed","template":"elementor_header_footer","meta":{"_acf_changed":false,"footnotes":""},"class_list":["post-16149","page","type-page","status-publish","hentry"],"acf":[],"_links":{"self":[{"href":"https:\/\/swisssabers.ch\/fr\/wp-json\/wp\/v2\/pages\/16149","targetHints":{"allow":["GET"]}}],"collection":[{"href":"https:\/\/swisssabers.ch\/fr\/wp-json\/wp\/v2\/pages"}],"about":[{"href":"https:\/\/swisssabers.ch\/fr\/wp-json\/wp\/v2\/types\/page"}],"author":[{"embeddable":true,"href":"https:\/\/swisssabers.ch\/fr\/wp-json\/wp\/v2\/users\/1"}],"replies":[{"embeddable":true,"href":"https:\/\/swisssabers.ch\/fr\/wp-json\/wp\/v2\/comments?post=16149"}],"version-history":[{"count":5,"href":"https:\/\/swisssabers.ch\/fr\/wp-json\/wp\/v2\/pages\/16149\/revisions"}],"predecessor-version":[{"id":32998,"href":"https:\/\/swisssabers.ch\/fr\/wp-json\/wp\/v2\/pages\/16149\/revisions\/32998"}],"wp:attachment":[{"href":"https:\/\/swisssabers.ch\/fr\/wp-json\/wp\/v2\/media?parent=16149"}],"curies":[{"name":"wp","href":"https:\/\/api.w.org\/{rel}","templated":true}]}}