{"id":16160,"date":"2022-11-05T20:38:31","date_gmt":"2022-11-05T19:38:31","guid":{"rendered":"https:\/\/swisssabers.ch\/mentions-legales\/"},"modified":"2026-03-16T19:20:26","modified_gmt":"2026-03-16T18:20:26","slug":"mentions-legales","status":"publish","type":"page","link":"https:\/\/swisssabers.ch\/fr\/mentions-legales\/","title":{"rendered":"Mentions L\u00e9gales"},"content":{"rendered":"\t\t<div data-elementor-type=\"wp-page\" data-elementor-id=\"16160\" class=\"elementor elementor-16160 elementor-294\" data-elementor-post-type=\"page\">\n\t\t\t\t<div class=\"elementor-element elementor-element-6a1220b e-flex e-con-boxed e-con e-parent\" data-id=\"6a1220b\" data-element_type=\"container\" data-e-type=\"container\" data-settings=\"{&quot;background_background&quot;:&quot;classic&quot;}\">\n\t\t\t\t\t<div class=\"e-con-inner\">\n\t\t\t\t<div class=\"elementor-element elementor-element-4c59d8a elementor-widget elementor-widget-heading\" data-id=\"4c59d8a\" data-element_type=\"widget\" data-e-type=\"widget\" data-widget_type=\"heading.default\">\n\t\t\t\t<div class=\"elementor-widget-container\">\n\t\t\t\t\t<h6 class=\"elementor-heading-title elementor-size-default\">Qui sommes-nous ?<\/h6>\t\t\t\t<\/div>\n\t\t\t\t<\/div>\n\t\t\t\t<div class=\"elementor-element elementor-element-f06b0bd elementor-widget__width-initial elementor-widget-tablet__width-inherit elementor-widget elementor-widget-heading\" data-id=\"f06b0bd\" data-element_type=\"widget\" data-e-type=\"widget\" data-widget_type=\"heading.default\">\n\t\t\t\t<div class=\"elementor-widget-container\">\n\t\t\t\t\t<h1 class=\"elementor-heading-title elementor-size-default\">Mentions l\u00e9gales<\/h1>\t\t\t\t<\/div>\n\t\t\t\t<\/div>\n\t\t\t\t<div class=\"elementor-element elementor-element-a226efc elementor-widget__width-initial elementor-widget-tablet__width-inherit elementor-widget elementor-widget-text-editor\" data-id=\"a226efc\" data-element_type=\"widget\" data-e-type=\"widget\" data-widget_type=\"text-editor.default\">\n\t\t\t\t<div class=\"elementor-widget-container\">\n\t\t\t\t\t\t\t\t\t<p style=\"text-align: left;\">Swiss Sabers GmbH<br>Fl\u00fcelastrasse 11<br>8048 Z\u00fcrich<br>Suisse<\/p><p style=\"text-align: left;\">UID : CHE-115.026.581<br>T\u00e9l\u00e9phone : +41 76 766 68 76 (WhatsApp uniquement)<br>E-mail : support@swisssabers.ch<\/p>\t\t\t\t\t\t\t\t<\/div>\n\t\t\t\t<\/div>\n\t\t\t\t<div class=\"elementor-element elementor-element-340ea6f elementor-widget__width-initial elementor-widget-tablet__width-inherit elementor-widget elementor-widget-text-editor\" data-id=\"340ea6f\" data-element_type=\"widget\" data-e-type=\"widget\" data-widget_type=\"text-editor.default\">\n\t\t\t\t<div class=\"elementor-widget-container\">\n\t\t\t\t\t\t\t\t\t<p style=\"text-align: left;\">Swiss Sabers se consid\u00e8re comme une boutique en ligne et nous n&#8217;avons pas de magasin. Nous proposons toutefois des enl\u00e8vements et des visites dans notre entrep\u00f4t. Celles-ci sont toutefois possibles <strong>UNIQUEMENT SUR RENDEZ-VOUS<\/strong>. Notre entrep\u00f4t se trouve \u00e0 Zurich Altstetten<strong>(pas<\/strong> pr\u00e8s de la Fl\u00fcelastrasse 11).   <\/p><p style=\"text-align: left;\">Les visites spontan\u00e9es ne peuvent pas \u00eatre re\u00e7ues. Nous vous remercions de votre compr\u00e9hension. <\/p>\t\t\t\t\t\t\t\t<\/div>\n\t\t\t\t<\/div>\n\t\t\t\t\t<\/div>\n\t\t\t\t<\/div>\n\t\t\t\t<\/div>\n\t\t","protected":false},"excerpt":{"rendered":"<p>Qui sommes-nous ? Mentions l\u00e9gales Swiss Sabers GmbHFl\u00fcelastrasse 118048 Z\u00fcrichSuisse UID : CHE-115.026.581T\u00e9l\u00e9phone : +41 76 766 68 76 (WhatsApp uniquement)E-mail : support@swisssabers.ch Swiss Sabers se consid\u00e8re comme une boutique en ligne et nous n&#8217;avons pas de magasin. Nous proposons toutefois des enl\u00e8vements et des visites dans notre entrep\u00f4t. Celles-ci sont toutefois possibles UNIQUEMENT SUR [&hellip;]<\/p>\n","protected":false},"author":1,"featured_media":0,"parent":0,"menu_order":0,"comment_status":"closed","ping_status":"closed","template":"elementor_header_footer","meta":{"_acf_changed":false,"footnotes":""},"class_list":["post-16160","page","type-page","status-publish","hentry"],"acf":[],"_links":{"self":[{"href":"https:\/\/swisssabers.ch\/fr\/wp-json\/wp\/v2\/pages\/16160","targetHints":{"allow":["GET"]}}],"collection":[{"href":"https:\/\/swisssabers.ch\/fr\/wp-json\/wp\/v2\/pages"}],"about":[{"href":"https:\/\/swisssabers.ch\/fr\/wp-json\/wp\/v2\/types\/page"}],"author":[{"embeddable":true,"href":"https:\/\/swisssabers.ch\/fr\/wp-json\/wp\/v2\/users\/1"}],"replies":[{"embeddable":true,"href":"https:\/\/swisssabers.ch\/fr\/wp-json\/wp\/v2\/comments?post=16160"}],"version-history":[{"count":6,"href":"https:\/\/swisssabers.ch\/fr\/wp-json\/wp\/v2\/pages\/16160\/revisions"}],"predecessor-version":[{"id":34142,"href":"https:\/\/swisssabers.ch\/fr\/wp-json\/wp\/v2\/pages\/16160\/revisions\/34142"}],"wp:attachment":[{"href":"https:\/\/swisssabers.ch\/fr\/wp-json\/wp\/v2\/media?parent=16160"}],"curies":[{"name":"wp","href":"https:\/\/api.w.org\/{rel}","templated":true}]}}