{"id":28151,"date":"2025-11-07T16:41:45","date_gmt":"2025-11-07T15:41:45","guid":{"rendered":"https:\/\/swisssabers.ch\/lichtschwert-konfigurator-baue-dein-custom-lichtschwert\/"},"modified":"2026-03-24T11:37:38","modified_gmt":"2026-03-24T10:37:38","slug":"configurateur-sabre-laser-3d","status":"publish","type":"page","link":"https:\/\/swisssabers.ch\/fr\/configurateur-sabre-laser-3d\/","title":{"rendered":"Configurateur de sabre laser &#8211; Construis ton sabre laser personnalis\u00e9"},"content":{"rendered":"\t\t<div data-elementor-type=\"wp-page\" data-elementor-id=\"28151\" class=\"elementor elementor-28151 elementor-28143\" data-elementor-post-type=\"page\">\n\t\t\t\t<div class=\"elementor-element elementor-element-7e51e64 e-flex e-con-boxed e-con e-parent\" data-id=\"7e51e64\" data-element_type=\"container\" data-e-type=\"container\" data-settings=\"{&quot;background_background&quot;:&quot;classic&quot;}\">\n\t\t\t\t\t<div class=\"e-con-inner\">\n\t\t\t\t<div class=\"elementor-element elementor-element-3b6a206 elementor-widget elementor-widget-heading\" data-id=\"3b6a206\" data-element_type=\"widget\" data-e-type=\"widget\" data-widget_type=\"heading.default\">\n\t\t\t\t<div class=\"elementor-widget-container\">\n\t\t\t\t\t<h2 class=\"elementor-heading-title elementor-size-default\">Configurateur 3D<\/h2>\t\t\t\t<\/div>\n\t\t\t\t<\/div>\n\t\t\t\t<div class=\"elementor-element elementor-element-271bab0 elementor-widget__width-initial elementor-widget-tablet__width-inherit elementor-widget elementor-widget-heading\" data-id=\"271bab0\" data-element_type=\"widget\" data-e-type=\"widget\" data-widget_type=\"heading.default\">\n\t\t\t\t<div class=\"elementor-widget-container\">\n\t\t\t\t\t<h1 class=\"elementor-heading-title elementor-size-default\">Cr\u00e9e ton propre sabre laser !<\/h1>\t\t\t\t<\/div>\n\t\t\t\t<\/div>\n\t\t\t\t<div class=\"elementor-element elementor-element-bbbeaed elementor-widget elementor-widget-image\" data-id=\"bbbeaed\" data-element_type=\"widget\" data-e-type=\"widget\" data-widget_type=\"image.default\">\n\t\t\t\t<div class=\"elementor-widget-container\">\n\t\t\t\t\t\t\t\t\t\t\t\t\t\t\t<img fetchpriority=\"high\" decoding=\"async\" width=\"1024\" height=\"121\" src=\"https:\/\/swisssabers.ch\/wp-content\/smush-webp\/2026\/03\/Yellow-Line-1024x121.png.webp\" class=\"attachment-large size-large wp-image-32397\" alt=\"\" srcset=\"https:\/\/swisssabers.ch\/wp-content\/smush-webp\/2026\/03\/Yellow-Line-1024x121.png.webp 1024w, https:\/\/swisssabers.ch\/wp-content\/smush-webp\/2026\/03\/Yellow-Line-150x18.png.webp 150w, https:\/\/swisssabers.ch\/wp-content\/smush-webp\/2026\/03\/Yellow-Line-1200x142.png.webp 1200w, https:\/\/swisssabers.ch\/wp-content\/smush-webp\/2026\/03\/Yellow-Line-300x36.png.webp 300w, https:\/\/swisssabers.ch\/wp-content\/smush-webp\/2026\/03\/Yellow-Line-768x91.png.webp 768w, https:\/\/swisssabers.ch\/wp-content\/smush-webp\/2026\/03\/Yellow-Line-990x117.png.webp 990w, https:\/\/swisssabers.ch\/wp-content\/smush-webp\/2026\/03\/Yellow-Line-441x52.png.webp 441w, https:\/\/swisssabers.ch\/wp-content\/smush-webp\/2026\/03\/Yellow-Line.png.webp 1299w\" sizes=\"(max-width: 1024px) 100vw, 1024px\" \/>\t\t\t\t\t\t\t\t\t\t\t\t\t\t\t<\/div>\n\t\t\t\t<\/div>\n\t\t\t\t<div class=\"elementor-element elementor-element-209d23d elementor-widget__width-initial elementor-widget-tablet__width-inherit elementor-widget elementor-widget-text-editor\" data-id=\"209d23d\" data-element_type=\"widget\" data-e-type=\"widget\" data-widget_type=\"text-editor.default\">\n\t\t\t\t<div class=\"elementor-widget-container\">\n\t\t\t\t\t\t\t\t\t<p>Cr\u00e9e ton sabre laser personnalis\u00e9 en toute simplicit\u00e9 gr\u00e2ce \u00e0 notre configurateur 3D.<\/p>\t\t\t\t\t\t\t\t<\/div>\n\t\t\t\t<\/div>\n\t\t\t\t<div class=\"elementor-element elementor-element-768caaf elementor-align-center e-transform elementor-widget elementor-widget-button\" data-id=\"768caaf\" data-element_type=\"widget\" data-e-type=\"widget\" data-settings=\"{&quot;_transform_scale_effect_hover&quot;:{&quot;unit&quot;:&quot;px&quot;,&quot;size&quot;:1.020000000000000017763568394002504646778106689453125,&quot;sizes&quot;:[]},&quot;_transform_scale_effect_hover_tablet&quot;:{&quot;unit&quot;:&quot;px&quot;,&quot;size&quot;:&quot;&quot;,&quot;sizes&quot;:[]},&quot;_transform_scale_effect_hover_mobile&quot;:{&quot;unit&quot;:&quot;px&quot;,&quot;size&quot;:&quot;&quot;,&quot;sizes&quot;:[]}}\" data-widget_type=\"button.default\">\n\t\t\t\t<div class=\"elementor-widget-container\">\n\t\t\t\t\t\t\t\t\t<div class=\"elementor-button-wrapper\">\n\t\t\t\t\t<a class=\"elementor-button elementor-button-link elementor-size-sm\" href=\"https:\/\/swisssabers.ch\/fr\/sabre-laser-configurateur\/\">\n\t\t\t\t\t\t<span class=\"elementor-button-content-wrapper\">\n\t\t\t\t\t\t\t\t\t<span class=\"elementor-button-text\">VERS le configurateur 3D  <\/span>\n\t\t\t\t\t<\/span>\n\t\t\t\t\t<\/a>\n\t\t\t\t<\/div>\n\t\t\t\t\t\t\t\t<\/div>\n\t\t\t\t<\/div>\n\t\t<div class=\"elementor-element elementor-element-bed3820 e-con-full e-flex e-con e-child\" data-id=\"bed3820\" data-element_type=\"container\" data-e-type=\"container\">\n\t\t<div class=\"elementor-element elementor-element-778e500 e-con-full e-flex e-con e-child\" data-id=\"778e500\" data-element_type=\"container\" data-e-type=\"container\">\n\t\t<div class=\"elementor-element elementor-element-800806b e-con-full e-flex e-con e-child\" data-id=\"800806b\" data-element_type=\"container\" data-e-type=\"container\">\n\t\t<div class=\"elementor-element elementor-element-8790692 e-con-full e-flex e-con e-child\" data-id=\"8790692\" data-element_type=\"container\" data-e-type=\"container\">\n\t\t\t\t<div class=\"elementor-element elementor-element-cad3145 elementor-widget elementor-widget-heading\" data-id=\"cad3145\" data-element_type=\"widget\" data-e-type=\"widget\" data-widget_type=\"heading.default\">\n\t\t\t\t<div class=\"elementor-widget-container\">\n\t\t\t\t\t<h2 class=\"elementor-heading-title elementor-size-default\">Le configurateur de sabre laser 3D<\/h2>\t\t\t\t<\/div>\n\t\t\t\t<\/div>\n\t\t\t\t<div class=\"elementor-element elementor-element-1bd3b81 elementor-widget elementor-widget-text-editor\" data-id=\"1bd3b81\" data-element_type=\"widget\" data-e-type=\"widget\" data-widget_type=\"text-editor.default\">\n\t\t\t\t<div class=\"elementor-widget-container\">\n\t\t\t\t\t\t\t\t\t<p>Notre configurateur de sabre laser 3D t\u2019accompagne pas \u00e0 pas tout au long du processus.<br data-start=\"170\" data-end=\"173\">Tout d\u2019abord, tu choisis si tu veux construire une lame simple ou une lame double. Ensuite, tu d\u00e9cides des diff\u00e9rents composants et de leurs couleurs. <\/p><p><br data-start=\"332\" data-end=\"335\">Ensuite, tu d\u00e9finis la longueur de la lame et tu choisis entre un Premium Saber (Pixel) ou un Battle Saber (RGB). Tu trouveras plus d\u2019informations ci-dessous. <\/p><p><br data-start=\"451\" data-end=\"454\">En option, tu peux \u00e9galement choisir des accessoires adapt\u00e9s pour mettre en valeur ton sabre laser.<\/p>\t\t\t\t\t\t\t\t<\/div>\n\t\t\t\t<\/div>\n\t\t\t\t<div class=\"elementor-element elementor-element-8033976 elementor-widget__width-initial elementor-widget-mobile__width-inherit elementor-widget elementor-widget-n-accordion\" data-id=\"8033976\" data-element_type=\"widget\" data-e-type=\"widget\" data-settings=\"{&quot;default_state&quot;:&quot;all_collapsed&quot;,&quot;max_items_expended&quot;:&quot;one&quot;,&quot;n_accordion_animation_duration&quot;:{&quot;unit&quot;:&quot;ms&quot;,&quot;size&quot;:400,&quot;sizes&quot;:[]}}\" data-widget_type=\"nested-accordion.default\">\n\t\t\t\t<div class=\"elementor-widget-container\">\n\t\t\t\t\t\t\t<div class=\"e-n-accordion\" aria-label=\"Accordion. Open links with Enter or Space, close with Escape, and navigate with Arrow Keys\">\n\t\t\t\t\t\t<details id=\"e-n-accordion-item-1340\" class=\"e-n-accordion-item\" >\n\t\t\t\t<summary class=\"e-n-accordion-item-title\" data-accordion-index=\"1\" tabindex=\"0\" aria-expanded=\"false\" aria-controls=\"e-n-accordion-item-1340\" >\n\t\t\t\t\t<span class='e-n-accordion-item-title-header'><div class=\"e-n-accordion-item-title-text\"> Exp\u00e9dition et d\u00e9lai de livraison <\/div><\/span>\n\t\t\t\t\t\t\t<span class='e-n-accordion-item-title-icon'>\n\t\t\t<span class='e-opened' ><i aria-hidden=\"true\" class=\" arrow_carrot-up\"><\/i><\/span>\n\t\t\t<span class='e-closed'><i aria-hidden=\"true\" class=\" arrow_carrot-down\"><\/i><\/span>\n\t\t<\/span>\n\n\t\t\t\t\t\t<\/summary>\n\t\t\t\t<div role=\"region\" aria-labelledby=\"e-n-accordion-item-1340\" class=\"elementor-element elementor-element-5b795a5 e-con-full e-flex e-con e-child\" data-id=\"5b795a5\" data-element_type=\"container\" data-e-type=\"container\" data-settings=\"{&quot;background_background&quot;:&quot;classic&quot;}\">\n\t\t<div role=\"region\" aria-labelledby=\"e-n-accordion-item-1340\" class=\"elementor-element elementor-element-4691fca e-flex e-con-boxed e-con e-child\" data-id=\"4691fca\" data-element_type=\"container\" data-e-type=\"container\">\n\t\t\t\t\t<div class=\"e-con-inner\">\n\t\t\t\t<div class=\"elementor-element elementor-element-2d1da68 elementor-widget elementor-widget-text-editor\" data-id=\"2d1da68\" data-element_type=\"widget\" data-e-type=\"widget\" data-widget_type=\"text-editor.default\">\n\t\t\t\t<div class=\"elementor-widget-container\">\n\t\t\t\t\t\t\t\t\t<p>La fabrication de sabres laser personnalis\u00e9s prend g\u00e9n\u00e9ralement entre <strong data-start=\"190\" data-end=\"203\">1 jour ouvrable<\/strong> (si tous les composants sont en stock) et <strong data-start=\"247\" data-end=\"266\">jusqu\u2019\u00e0 6 semaines<\/strong>, en fonction de la configuration que tu as choisie.<\/p><p>Si tu <strong data-start=\"341\" data-end=\"370\">as besoin de<\/strong> ton sabre laser <strong data-start=\"341\" data-end=\"370\">tr\u00e8s rapidement<\/strong>, nous te recommandons nos sabres laser pr\u00eats \u00e0 l\u2019emploi (1-3 jours ouvrables, si en stock).<\/p><p>L\u2019envoi est effectu\u00e9 de mani\u00e8re fiable par la Poste suisse.<\/p>\t\t\t\t\t\t\t\t<\/div>\n\t\t\t\t<\/div>\n\t\t\t\t\t<\/div>\n\t\t\t\t<\/div>\n\t\t\t\t<\/div>\n\t\t\t\t\t<\/details>\n\t\t\t\t\t<\/div>\n\t\t\t\t\t\t<\/div>\n\t\t\t\t<\/div>\n\t\t\t\t<\/div>\n\t\t<div class=\"elementor-element elementor-element-69ccd03 e-con-full e-flex e-con e-child\" data-id=\"69ccd03\" data-element_type=\"container\" data-e-type=\"container\">\n\t\t\t\t<div class=\"elementor-element elementor-element-c391d10 gallery-spacing-custom elementor-widget elementor-widget-image-gallery\" data-id=\"c391d10\" data-element_type=\"widget\" data-e-type=\"widget\" data-widget_type=\"image-gallery.default\">\n\t\t\t\t<div class=\"elementor-widget-container\">\n\t\t\t\t\t\t\t<div class=\"elementor-image-gallery\">\n\t\t\t<div id='gallery-1' class='gallery galleryid-28151 gallery-columns-3 gallery-size-medium_large'><figure class='gallery-item'>\n\t\t\t<div class='gallery-icon landscape'>\n\t\t\t\t<img decoding=\"async\" width=\"768\" height=\"768\" src=\"https:\/\/swisssabers.ch\/wp-content\/smush-webp\/2025\/11\/custom-lichtschwert-1-768x768.jpg.webp\" class=\"attachment-medium_large size-medium_large\" alt=\"\" srcset=\"https:\/\/swisssabers.ch\/wp-content\/smush-webp\/2025\/11\/custom-lichtschwert-1-768x768.jpg.webp 768w, https:\/\/swisssabers.ch\/wp-content\/smush-webp\/2025\/11\/custom-lichtschwert-1-300x300.jpg.webp 300w, https:\/\/swisssabers.ch\/wp-content\/smush-webp\/2025\/11\/custom-lichtschwert-1-150x150.jpg.webp 150w, https:\/\/swisssabers.ch\/wp-content\/smush-webp\/2025\/11\/custom-lichtschwert-1-1024x1024.jpg.webp 1024w, https:\/\/swisssabers.ch\/wp-content\/smush-webp\/2025\/11\/custom-lichtschwert-1-990x990.jpg.webp 990w, https:\/\/swisssabers.ch\/wp-content\/smush-webp\/2025\/11\/custom-lichtschwert-1-441x441.jpg.webp 441w, https:\/\/swisssabers.ch\/wp-content\/smush-webp\/2025\/11\/custom-lichtschwert-1-50x50.jpg.webp 50w, https:\/\/swisssabers.ch\/wp-content\/smush-webp\/2025\/11\/custom-lichtschwert-1-100x100.jpg.webp 100w, https:\/\/swisssabers.ch\/wp-content\/smush-webp\/2025\/11\/custom-lichtschwert-1.jpg.webp 1200w\" sizes=\"(max-width: 768px) 100vw, 768px\" \/>\n\t\t\t<\/div><\/figure><figure class='gallery-item'>\n\t\t\t<div class='gallery-icon landscape'>\n\t\t\t\t<img decoding=\"async\" width=\"768\" height=\"768\" src=\"https:\/\/swisssabers.ch\/wp-content\/smush-webp\/2025\/11\/custom-lichtschwert-6-768x768.jpg.webp\" class=\"attachment-medium_large size-medium_large\" alt=\"\" srcset=\"https:\/\/swisssabers.ch\/wp-content\/smush-webp\/2025\/11\/custom-lichtschwert-6-768x768.jpg.webp 768w, https:\/\/swisssabers.ch\/wp-content\/smush-webp\/2025\/11\/custom-lichtschwert-6-300x300.jpg.webp 300w, https:\/\/swisssabers.ch\/wp-content\/smush-webp\/2025\/11\/custom-lichtschwert-6-150x150.jpg.webp 150w, https:\/\/swisssabers.ch\/wp-content\/smush-webp\/2025\/11\/custom-lichtschwert-6-1024x1024.jpg.webp 1024w, https:\/\/swisssabers.ch\/wp-content\/smush-webp\/2025\/11\/custom-lichtschwert-6-990x990.jpg.webp 990w, https:\/\/swisssabers.ch\/wp-content\/smush-webp\/2025\/11\/custom-lichtschwert-6-441x441.jpg.webp 441w, https:\/\/swisssabers.ch\/wp-content\/smush-webp\/2025\/11\/custom-lichtschwert-6-50x50.jpg.webp 50w, https:\/\/swisssabers.ch\/wp-content\/smush-webp\/2025\/11\/custom-lichtschwert-6-100x100.jpg.webp 100w, https:\/\/swisssabers.ch\/wp-content\/smush-webp\/2025\/11\/custom-lichtschwert-6.jpg.webp 1200w\" sizes=\"(max-width: 768px) 100vw, 768px\" \/>\n\t\t\t<\/div><\/figure><figure class='gallery-item'>\n\t\t\t<div class='gallery-icon landscape'>\n\t\t\t\t<img loading=\"lazy\" decoding=\"async\" width=\"768\" height=\"768\" src=\"https:\/\/swisssabers.ch\/wp-content\/smush-webp\/2025\/11\/custom-lichtschwert-9-768x768.jpg.webp\" class=\"attachment-medium_large size-medium_large\" alt=\"\" srcset=\"https:\/\/swisssabers.ch\/wp-content\/smush-webp\/2025\/11\/custom-lichtschwert-9-768x768.jpg.webp 768w, https:\/\/swisssabers.ch\/wp-content\/smush-webp\/2025\/11\/custom-lichtschwert-9-300x300.jpg.webp 300w, https:\/\/swisssabers.ch\/wp-content\/smush-webp\/2025\/11\/custom-lichtschwert-9-150x150.jpg.webp 150w, https:\/\/swisssabers.ch\/wp-content\/smush-webp\/2025\/11\/custom-lichtschwert-9-1200x1200.jpg.webp 1200w, https:\/\/swisssabers.ch\/wp-content\/smush-webp\/2025\/11\/custom-lichtschwert-9-1024x1024.jpg.webp 1024w, https:\/\/swisssabers.ch\/wp-content\/smush-webp\/2025\/11\/custom-lichtschwert-9-1536x1536.jpg.webp 1536w, https:\/\/swisssabers.ch\/wp-content\/smush-webp\/2025\/11\/custom-lichtschwert-9-990x990.jpg.webp 990w, https:\/\/swisssabers.ch\/wp-content\/smush-webp\/2025\/11\/custom-lichtschwert-9-441x441.jpg.webp 441w, https:\/\/swisssabers.ch\/wp-content\/smush-webp\/2025\/11\/custom-lichtschwert-9-1320x1320.jpg.webp 1320w, https:\/\/swisssabers.ch\/wp-content\/smush-webp\/2025\/11\/custom-lichtschwert-9-50x50.jpg.webp 50w, https:\/\/swisssabers.ch\/wp-content\/smush-webp\/2025\/11\/custom-lichtschwert-9-100x100.jpg.webp 100w, https:\/\/swisssabers.ch\/wp-content\/smush-webp\/2025\/11\/custom-lichtschwert-9.jpg.webp 1600w\" sizes=\"(max-width: 768px) 100vw, 768px\" \/>\n\t\t\t<\/div><\/figure><figure class='gallery-item'>\n\t\t\t<div class='gallery-icon landscape'>\n\t\t\t\t<img loading=\"lazy\" decoding=\"async\" width=\"768\" height=\"768\" src=\"https:\/\/swisssabers.ch\/wp-content\/smush-webp\/2025\/11\/custom-lichtschwert-3-768x768.jpg.webp\" class=\"attachment-medium_large size-medium_large\" alt=\"\" srcset=\"https:\/\/swisssabers.ch\/wp-content\/smush-webp\/2025\/11\/custom-lichtschwert-3-768x768.jpg.webp 768w, https:\/\/swisssabers.ch\/wp-content\/smush-webp\/2025\/11\/custom-lichtschwert-3-300x300.jpg.webp 300w, https:\/\/swisssabers.ch\/wp-content\/smush-webp\/2025\/11\/custom-lichtschwert-3-150x150.jpg.webp 150w, https:\/\/swisssabers.ch\/wp-content\/smush-webp\/2025\/11\/custom-lichtschwert-3-1200x1200.jpg.webp 1200w, https:\/\/swisssabers.ch\/wp-content\/smush-webp\/2025\/11\/custom-lichtschwert-3-1024x1024.jpg.webp 1024w, https:\/\/swisssabers.ch\/wp-content\/smush-webp\/2025\/11\/custom-lichtschwert-3-990x990.jpg.webp 990w, https:\/\/swisssabers.ch\/wp-content\/smush-webp\/2025\/11\/custom-lichtschwert-3-441x441.jpg.webp 441w, https:\/\/swisssabers.ch\/wp-content\/smush-webp\/2025\/11\/custom-lichtschwert-3-50x50.jpg.webp 50w, https:\/\/swisssabers.ch\/wp-content\/smush-webp\/2025\/11\/custom-lichtschwert-3-100x100.jpg.webp 100w, https:\/\/swisssabers.ch\/wp-content\/smush-webp\/2025\/11\/custom-lichtschwert-3.jpg.webp 1206w\" sizes=\"(max-width: 768px) 100vw, 768px\" \/>\n\t\t\t<\/div><\/figure><figure class='gallery-item'>\n\t\t\t<div class='gallery-icon landscape'>\n\t\t\t\t<img loading=\"lazy\" decoding=\"async\" width=\"768\" height=\"768\" src=\"https:\/\/swisssabers.ch\/wp-content\/smush-webp\/2025\/11\/custom-lichtschwert-2-768x768.jpg.webp\" class=\"attachment-medium_large size-medium_large\" alt=\"\" srcset=\"https:\/\/swisssabers.ch\/wp-content\/smush-webp\/2025\/11\/custom-lichtschwert-2-768x768.jpg.webp 768w, https:\/\/swisssabers.ch\/wp-content\/smush-webp\/2025\/11\/custom-lichtschwert-2-300x300.jpg.webp 300w, https:\/\/swisssabers.ch\/wp-content\/smush-webp\/2025\/11\/custom-lichtschwert-2-150x150.jpg.webp 150w, https:\/\/swisssabers.ch\/wp-content\/smush-webp\/2025\/11\/custom-lichtschwert-2-1200x1200.jpg.webp 1200w, https:\/\/swisssabers.ch\/wp-content\/smush-webp\/2025\/11\/custom-lichtschwert-2-1024x1024.jpg.webp 1024w, https:\/\/swisssabers.ch\/wp-content\/smush-webp\/2025\/11\/custom-lichtschwert-2-990x990.jpg.webp 990w, https:\/\/swisssabers.ch\/wp-content\/smush-webp\/2025\/11\/custom-lichtschwert-2-441x441.jpg.webp 441w, https:\/\/swisssabers.ch\/wp-content\/smush-webp\/2025\/11\/custom-lichtschwert-2-50x50.jpg.webp 50w, https:\/\/swisssabers.ch\/wp-content\/smush-webp\/2025\/11\/custom-lichtschwert-2-100x100.jpg.webp 100w, https:\/\/swisssabers.ch\/wp-content\/smush-webp\/2025\/11\/custom-lichtschwert-2.jpg.webp 1206w\" sizes=\"(max-width: 768px) 100vw, 768px\" \/>\n\t\t\t<\/div><\/figure><figure class='gallery-item'>\n\t\t\t<div class='gallery-icon landscape'>\n\t\t\t\t<img loading=\"lazy\" decoding=\"async\" width=\"768\" height=\"768\" src=\"https:\/\/swisssabers.ch\/wp-content\/smush-webp\/2025\/11\/custom-lichtschwert-8-768x768.jpg.webp\" class=\"attachment-medium_large size-medium_large\" alt=\"\" srcset=\"https:\/\/swisssabers.ch\/wp-content\/smush-webp\/2025\/11\/custom-lichtschwert-8-768x768.jpg.webp 768w, https:\/\/swisssabers.ch\/wp-content\/smush-webp\/2025\/11\/custom-lichtschwert-8-300x300.jpg.webp 300w, https:\/\/swisssabers.ch\/wp-content\/smush-webp\/2025\/11\/custom-lichtschwert-8-150x150.jpg.webp 150w, https:\/\/swisssabers.ch\/wp-content\/smush-webp\/2025\/11\/custom-lichtschwert-8-1200x1200.jpg.webp 1200w, https:\/\/swisssabers.ch\/wp-content\/smush-webp\/2025\/11\/custom-lichtschwert-8-1024x1024.jpg.webp 1024w, https:\/\/swisssabers.ch\/wp-content\/smush-webp\/2025\/11\/custom-lichtschwert-8-990x990.jpg.webp 990w, https:\/\/swisssabers.ch\/wp-content\/smush-webp\/2025\/11\/custom-lichtschwert-8-441x441.jpg.webp 441w, https:\/\/swisssabers.ch\/wp-content\/smush-webp\/2025\/11\/custom-lichtschwert-8-50x50.jpg.webp 50w, https:\/\/swisssabers.ch\/wp-content\/smush-webp\/2025\/11\/custom-lichtschwert-8-100x100.jpg.webp 100w, https:\/\/swisssabers.ch\/wp-content\/smush-webp\/2025\/11\/custom-lichtschwert-8.jpg.webp 1206w\" sizes=\"(max-width: 768px) 100vw, 768px\" \/>\n\t\t\t<\/div><\/figure><figure class='gallery-item'>\n\t\t\t<div class='gallery-icon landscape'>\n\t\t\t\t<img loading=\"lazy\" decoding=\"async\" width=\"768\" height=\"768\" src=\"https:\/\/swisssabers.ch\/wp-content\/smush-webp\/2025\/11\/custom-lichtschwert-5-768x768.jpg.webp\" class=\"attachment-medium_large size-medium_large\" alt=\"\" srcset=\"https:\/\/swisssabers.ch\/wp-content\/smush-webp\/2025\/11\/custom-lichtschwert-5-768x768.jpg.webp 768w, https:\/\/swisssabers.ch\/wp-content\/smush-webp\/2025\/11\/custom-lichtschwert-5-300x300.jpg.webp 300w, https:\/\/swisssabers.ch\/wp-content\/smush-webp\/2025\/11\/custom-lichtschwert-5-150x150.jpg.webp 150w, https:\/\/swisssabers.ch\/wp-content\/smush-webp\/2025\/11\/custom-lichtschwert-5-scaled-1200x1200.jpg.webp 1200w, https:\/\/swisssabers.ch\/wp-content\/smush-webp\/2025\/11\/custom-lichtschwert-5-1024x1024.jpg.webp 1024w, https:\/\/swisssabers.ch\/wp-content\/smush-webp\/2025\/11\/custom-lichtschwert-5-1536x1536.jpg.webp 1536w, https:\/\/swisssabers.ch\/wp-content\/smush-webp\/2025\/11\/custom-lichtschwert-5-2048x2048.jpg.webp 2048w, https:\/\/swisssabers.ch\/wp-content\/smush-webp\/2025\/11\/custom-lichtschwert-5-990x990.jpg.webp 990w, https:\/\/swisssabers.ch\/wp-content\/smush-webp\/2025\/11\/custom-lichtschwert-5-441x441.jpg.webp 441w, https:\/\/swisssabers.ch\/wp-content\/smush-webp\/2025\/11\/custom-lichtschwert-5-1320x1320.jpg.webp 1320w, https:\/\/swisssabers.ch\/wp-content\/smush-webp\/2025\/11\/custom-lichtschwert-5-50x50.jpg.webp 50w, https:\/\/swisssabers.ch\/wp-content\/smush-webp\/2025\/11\/custom-lichtschwert-5-100x100.jpg.webp 100w\" sizes=\"(max-width: 768px) 100vw, 768px\" \/>\n\t\t\t<\/div><\/figure><figure class='gallery-item'>\n\t\t\t<div class='gallery-icon landscape'>\n\t\t\t\t<img loading=\"lazy\" decoding=\"async\" width=\"768\" height=\"768\" src=\"https:\/\/swisssabers.ch\/wp-content\/smush-webp\/2025\/11\/custom-lichtschwert-7-768x768.jpg.webp\" class=\"attachment-medium_large size-medium_large\" alt=\"\" srcset=\"https:\/\/swisssabers.ch\/wp-content\/smush-webp\/2025\/11\/custom-lichtschwert-7-768x768.jpg.webp 768w, https:\/\/swisssabers.ch\/wp-content\/smush-webp\/2025\/11\/custom-lichtschwert-7-300x300.jpg.webp 300w, https:\/\/swisssabers.ch\/wp-content\/smush-webp\/2025\/11\/custom-lichtschwert-7-150x150.jpg.webp 150w, https:\/\/swisssabers.ch\/wp-content\/smush-webp\/2025\/11\/custom-lichtschwert-7-1200x1200.jpg.webp 1200w, https:\/\/swisssabers.ch\/wp-content\/smush-webp\/2025\/11\/custom-lichtschwert-7-1024x1024.jpg.webp 1024w, https:\/\/swisssabers.ch\/wp-content\/smush-webp\/2025\/11\/custom-lichtschwert-7-990x990.jpg.webp 990w, https:\/\/swisssabers.ch\/wp-content\/smush-webp\/2025\/11\/custom-lichtschwert-7-441x441.jpg.webp 441w, https:\/\/swisssabers.ch\/wp-content\/smush-webp\/2025\/11\/custom-lichtschwert-7-50x50.jpg.webp 50w, https:\/\/swisssabers.ch\/wp-content\/smush-webp\/2025\/11\/custom-lichtschwert-7-100x100.jpg.webp 100w, https:\/\/swisssabers.ch\/wp-content\/smush-webp\/2025\/11\/custom-lichtschwert-7.jpg.webp 1206w\" sizes=\"(max-width: 768px) 100vw, 768px\" \/>\n\t\t\t<\/div><\/figure><figure class='gallery-item'>\n\t\t\t<div class='gallery-icon landscape'>\n\t\t\t\t<img loading=\"lazy\" decoding=\"async\" width=\"768\" height=\"768\" src=\"https:\/\/swisssabers.ch\/wp-content\/smush-webp\/2025\/11\/custom-lichtschwert-4-768x768.jpg.webp\" class=\"attachment-medium_large size-medium_large\" alt=\"\" srcset=\"https:\/\/swisssabers.ch\/wp-content\/smush-webp\/2025\/11\/custom-lichtschwert-4-768x768.jpg.webp 768w, https:\/\/swisssabers.ch\/wp-content\/smush-webp\/2025\/11\/custom-lichtschwert-4-300x300.jpg.webp 300w, https:\/\/swisssabers.ch\/wp-content\/smush-webp\/2025\/11\/custom-lichtschwert-4-150x150.jpg.webp 150w, https:\/\/swisssabers.ch\/wp-content\/smush-webp\/2025\/11\/custom-lichtschwert-4-1200x1200.jpg.webp 1200w, https:\/\/swisssabers.ch\/wp-content\/smush-webp\/2025\/11\/custom-lichtschwert-4-1024x1024.jpg.webp 1024w, https:\/\/swisssabers.ch\/wp-content\/smush-webp\/2025\/11\/custom-lichtschwert-4-990x990.jpg.webp 990w, https:\/\/swisssabers.ch\/wp-content\/smush-webp\/2025\/11\/custom-lichtschwert-4-441x441.jpg.webp 441w, https:\/\/swisssabers.ch\/wp-content\/smush-webp\/2025\/11\/custom-lichtschwert-4-50x50.jpg.webp 50w, https:\/\/swisssabers.ch\/wp-content\/smush-webp\/2025\/11\/custom-lichtschwert-4-100x100.jpg.webp 100w, https:\/\/swisssabers.ch\/wp-content\/smush-webp\/2025\/11\/custom-lichtschwert-4.jpg.webp 1206w\" sizes=\"(max-width: 768px) 100vw, 768px\" \/>\n\t\t\t<\/div><\/figure>\n\t\t<\/div>\n\t\t<\/div>\n\t\t\t\t\t\t<\/div>\n\t\t\t\t<\/div>\n\t\t\t\t<\/div>\n\t\t\t\t<\/div>\n\t\t\t\t<\/div>\n\t\t\t\t<\/div>\n\t\t\t\t<div class=\"elementor-element elementor-element-86f9993 elementor-align-center e-transform elementor-widget elementor-widget-button\" data-id=\"86f9993\" data-element_type=\"widget\" data-e-type=\"widget\" data-settings=\"{&quot;_transform_scale_effect_hover&quot;:{&quot;unit&quot;:&quot;px&quot;,&quot;size&quot;:1.020000000000000017763568394002504646778106689453125,&quot;sizes&quot;:[]},&quot;_transform_scale_effect_hover_tablet&quot;:{&quot;unit&quot;:&quot;px&quot;,&quot;size&quot;:&quot;&quot;,&quot;sizes&quot;:[]},&quot;_transform_scale_effect_hover_mobile&quot;:{&quot;unit&quot;:&quot;px&quot;,&quot;size&quot;:&quot;&quot;,&quot;sizes&quot;:[]}}\" data-widget_type=\"button.default\">\n\t\t\t\t<div class=\"elementor-widget-container\">\n\t\t\t\t\t\t\t\t\t<div class=\"elementor-button-wrapper\">\n\t\t\t\t\t<a class=\"elementor-button elementor-button-link elementor-size-sm\" href=\"https:\/\/swisssabers.ch\/fr\/sabre-laser-configurateur\/\">\n\t\t\t\t\t\t<span class=\"elementor-button-content-wrapper\">\n\t\t\t\t\t\t\t\t\t<span class=\"elementor-button-text\">VERS le configurateur 3D  <\/span>\n\t\t\t\t\t<\/span>\n\t\t\t\t\t<\/a>\n\t\t\t\t<\/div>\n\t\t\t\t\t\t\t\t<\/div>\n\t\t\t\t<\/div>\n\t\t\t\t\t<\/div>\n\t\t\t\t<\/div>\n\t\t\t\t<\/div>\n\t\t","protected":false},"excerpt":{"rendered":"<p>Configurateur 3D Cr\u00e9e ton propre sabre laser ! Cr\u00e9e ton sabre laser personnalis\u00e9 en toute simplicit\u00e9 gr\u00e2ce \u00e0 notre configurateur 3D. VERS le configurateur 3D Le configurateur de sabre laser 3D Notre configurateur de sabre laser 3D t\u2019accompagne pas \u00e0 pas tout au long du processus.Tout d\u2019abord, tu choisis si tu veux construire une lame [&hellip;]<\/p>\n","protected":false},"author":1,"featured_media":0,"parent":0,"menu_order":0,"comment_status":"closed","ping_status":"closed","template":"","meta":{"_acf_changed":false,"footnotes":""},"class_list":["post-28151","page","type-page","status-publish","hentry"],"acf":[],"_links":{"self":[{"href":"https:\/\/swisssabers.ch\/fr\/wp-json\/wp\/v2\/pages\/28151","targetHints":{"allow":["GET"]}}],"collection":[{"href":"https:\/\/swisssabers.ch\/fr\/wp-json\/wp\/v2\/pages"}],"about":[{"href":"https:\/\/swisssabers.ch\/fr\/wp-json\/wp\/v2\/types\/page"}],"author":[{"embeddable":true,"href":"https:\/\/swisssabers.ch\/fr\/wp-json\/wp\/v2\/users\/1"}],"replies":[{"embeddable":true,"href":"https:\/\/swisssabers.ch\/fr\/wp-json\/wp\/v2\/comments?post=28151"}],"version-history":[{"count":6,"href":"https:\/\/swisssabers.ch\/fr\/wp-json\/wp\/v2\/pages\/28151\/revisions"}],"predecessor-version":[{"id":35015,"href":"https:\/\/swisssabers.ch\/fr\/wp-json\/wp\/v2\/pages\/28151\/revisions\/35015"}],"wp:attachment":[{"href":"https:\/\/swisssabers.ch\/fr\/wp-json\/wp\/v2\/media?parent=28151"}],"curies":[{"name":"wp","href":"https:\/\/api.w.org\/{rel}","templated":true}]}}