{"id":34098,"date":"2026-03-13T19:48:44","date_gmt":"2026-03-13T18:48:44","guid":{"rendered":"https:\/\/swisssabers.ch\/troubleshooting\/"},"modified":"2026-03-16T19:20:01","modified_gmt":"2026-03-16T18:20:01","slug":"troubleshooting","status":"publish","type":"page","link":"https:\/\/swisssabers.ch\/fr\/troubleshooting\/","title":{"rendered":"Troubleshooting"},"content":{"rendered":"\t\t<div data-elementor-type=\"wp-page\" data-elementor-id=\"34098\" class=\"elementor elementor-34098 elementor-32676\" data-elementor-post-type=\"page\">\n\t\t\t\t<div class=\"elementor-element elementor-element-6473433 e-flex e-con-boxed e-con e-parent\" data-id=\"6473433\" data-element_type=\"container\" data-e-type=\"container\" data-settings=\"{&quot;background_background&quot;:&quot;classic&quot;}\">\n\t\t\t\t\t<div class=\"e-con-inner\">\n\t\t\t\t<div class=\"elementor-element elementor-element-aedc769 elementor-widget elementor-widget-heading\" data-id=\"aedc769\" data-element_type=\"widget\" data-e-type=\"widget\" data-widget_type=\"heading.default\">\n\t\t\t\t<div class=\"elementor-widget-container\">\n\t\t\t\t\t<h6 class=\"elementor-heading-title elementor-size-default\">FAQ<\/h6>\t\t\t\t<\/div>\n\t\t\t\t<\/div>\n\t\t\t\t<div class=\"elementor-element elementor-element-3d837f5 elementor-widget elementor-widget-heading\" data-id=\"3d837f5\" data-element_type=\"widget\" data-e-type=\"widget\" data-widget_type=\"heading.default\">\n\t\t\t\t<div class=\"elementor-widget-container\">\n\t\t\t\t\t<h2 class=\"elementor-heading-title elementor-size-default\">Guide de d\u00e9pannage<\/h2>\t\t\t\t<\/div>\n\t\t\t\t<\/div>\n\t\t\t\t<div class=\"elementor-element elementor-element-8decedf elementor-widget elementor-widget-image\" data-id=\"8decedf\" data-element_type=\"widget\" data-e-type=\"widget\" data-widget_type=\"image.default\">\n\t\t\t\t<div class=\"elementor-widget-container\">\n\t\t\t\t\t\t\t\t\t\t\t\t\t\t\t<img fetchpriority=\"high\" decoding=\"async\" width=\"1024\" height=\"121\" src=\"https:\/\/swisssabers.ch\/wp-content\/smush-webp\/2026\/03\/Yellow-Line-1024x121.png.webp\" class=\"attachment-large size-large wp-image-32397\" alt=\"\" srcset=\"https:\/\/swisssabers.ch\/wp-content\/smush-webp\/2026\/03\/Yellow-Line-1024x121.png.webp 1024w, https:\/\/swisssabers.ch\/wp-content\/smush-webp\/2026\/03\/Yellow-Line-150x18.png.webp 150w, https:\/\/swisssabers.ch\/wp-content\/smush-webp\/2026\/03\/Yellow-Line-1200x142.png.webp 1200w, https:\/\/swisssabers.ch\/wp-content\/smush-webp\/2026\/03\/Yellow-Line-300x36.png.webp 300w, https:\/\/swisssabers.ch\/wp-content\/smush-webp\/2026\/03\/Yellow-Line-768x91.png.webp 768w, https:\/\/swisssabers.ch\/wp-content\/smush-webp\/2026\/03\/Yellow-Line-990x117.png.webp 990w, https:\/\/swisssabers.ch\/wp-content\/smush-webp\/2026\/03\/Yellow-Line-441x52.png.webp 441w, https:\/\/swisssabers.ch\/wp-content\/smush-webp\/2026\/03\/Yellow-Line.png.webp 1299w\" sizes=\"(max-width: 1024px) 100vw, 1024px\" \/>\t\t\t\t\t\t\t\t\t\t\t\t\t\t\t<\/div>\n\t\t\t\t<\/div>\n\t\t\t\t<div class=\"elementor-element elementor-element-e7fd853 elementor-widget elementor-widget-text-editor\" data-id=\"e7fd853\" data-element_type=\"widget\" data-e-type=\"widget\" data-widget_type=\"text-editor.default\">\n\t\t\t\t<div class=\"elementor-widget-container\">\n\t\t\t\t\t\t\t\t\t<p>Sur cette page, nous r\u00e9pondons aux questions les plus fr\u00e9quentes et donnons des conseils sur les probl\u00e8mes courants. Si ton probl\u00e8me n\u2019est pas r\u00e9solu ici, il te suffit de nous envoyer un e-mail \u2013 nous t\u2019aiderons rapidement et de mani\u00e8re fiable. <\/p><p>Tu as perdu le mode d\u2019emploi ou tu as des difficult\u00e9s \u00e0 comprendre toutes les fonctions ? Alors consulte la page suivante pour les instructions en ligne et les vid\u00e9os d\u2019instructions : <a href=\"https:\/\/swisssabers.ch\/fr\/bedienungsanleitung\/\">Vers les modes d\u2019emploi<\/a> <\/p>\t\t\t\t\t\t\t\t<\/div>\n\t\t\t\t<\/div>\n\t\t\t\t<div class=\"elementor-element elementor-element-3e0b35b elementor-widget-mobile__width-inherit elementor-widget elementor-widget-n-accordion\" data-id=\"3e0b35b\" data-element_type=\"widget\" data-e-type=\"widget\" data-settings=\"{&quot;default_state&quot;:&quot;all_collapsed&quot;,&quot;max_items_expended&quot;:&quot;one&quot;,&quot;n_accordion_animation_duration&quot;:{&quot;unit&quot;:&quot;ms&quot;,&quot;size&quot;:400,&quot;sizes&quot;:[]}}\" data-widget_type=\"nested-accordion.default\">\n\t\t\t\t<div class=\"elementor-widget-container\">\n\t\t\t\t\t\t\t<div class=\"e-n-accordion\" aria-label=\"Accordion. Open links with Enter or Space, close with Escape, and navigate with Arrow Keys\">\n\t\t\t\t\t\t<details id=\"e-n-accordion-item-6500\" class=\"e-n-accordion-item\" >\n\t\t\t\t<summary class=\"e-n-accordion-item-title\" data-accordion-index=\"1\" tabindex=\"0\" aria-expanded=\"false\" aria-controls=\"e-n-accordion-item-6500\" >\n\t\t\t\t\t<span class='e-n-accordion-item-title-header'><div class=\"e-n-accordion-item-title-text\"> Comment assembler un sabre laser ? <\/div><\/span>\n\t\t\t\t\t\t\t<span class='e-n-accordion-item-title-icon'>\n\t\t\t<span class='e-opened' ><i aria-hidden=\"true\" class=\" arrow_carrot-up\"><\/i><\/span>\n\t\t\t<span class='e-closed'><i aria-hidden=\"true\" class=\" arrow_carrot-down\"><\/i><\/span>\n\t\t<\/span>\n\n\t\t\t\t\t\t<\/summary>\n\t\t\t\t<div role=\"region\" aria-labelledby=\"e-n-accordion-item-6500\" class=\"elementor-element elementor-element-c8b9152 e-con-full e-flex e-con e-child\" data-id=\"c8b9152\" data-element_type=\"container\" data-e-type=\"container\" data-settings=\"{&quot;background_background&quot;:&quot;classic&quot;}\">\n\t\t<div role=\"region\" aria-labelledby=\"e-n-accordion-item-6500\" class=\"elementor-element elementor-element-9d8f50b e-flex e-con-boxed e-con e-child\" data-id=\"9d8f50b\" data-element_type=\"container\" data-e-type=\"container\">\n\t\t\t\t\t<div class=\"e-con-inner\">\n\t\t\t\t<div class=\"elementor-element elementor-element-baab1db elementor-widget elementor-widget-text-editor\" data-id=\"baab1db\" data-element_type=\"widget\" data-e-type=\"widget\" data-widget_type=\"text-editor.default\">\n\t\t\t\t<div class=\"elementor-widget-container\">\n\t\t\t\t\t\t\t\t\t<p data-start=\"101\" data-end=\"472\">Retire le capuchon protecteur blanc ou violet du dessous de la lame. Glisse la lame dans la poign\u00e9e jusqu\u2019\u00e0 ce qu\u2019elle soit en contact avec l\u2019ampoule. Pour un mod\u00e8le (premium) Neopixel, il est important d\u2019appuyer assez fort pour que les pins s\u2019enclenchent correctement. Veille \u00e0 ce que les vis \u00e0 six pans creux ne bloquent pas la lame \u00e0 l\u2019int\u00e9rieur du manche.   <\/p><p data-start=\"474\" data-end=\"660\">Ensuite, utilise les petites vis \u00e0 six pans creux et la cl\u00e9 \u00e0 six pans creux fournies pour fixer la lame dans le manche. Veille \u00e0 ne pas trop serrer les vis. <\/p>\t\t\t\t\t\t\t\t<\/div>\n\t\t\t\t<\/div>\n\t\t\t\t\t<\/div>\n\t\t\t\t<\/div>\n\t\t<div role=\"region\" aria-labelledby=\"e-n-accordion-item-6500\" class=\"elementor-element elementor-element-846fd92 e-con-full e-flex e-con e-child\" data-id=\"846fd92\" data-element_type=\"container\" data-e-type=\"container\">\n\t\t\t\t<div class=\"elementor-element elementor-element-e4bd83b elementor-widget elementor-widget-video\" data-id=\"e4bd83b\" data-element_type=\"widget\" data-e-type=\"widget\" data-settings=\"{&quot;youtube_url&quot;:&quot;https:\\\/\\\/www.youtube.com\\\/watch?v=Mt65xZ6aXXM&t=18s&quot;,&quot;video_type&quot;:&quot;youtube&quot;,&quot;controls&quot;:&quot;yes&quot;}\" data-widget_type=\"video.default\">\n\t\t\t\t<div class=\"elementor-widget-container\">\n\t\t\t\t\t\t\t<div class=\"elementor-wrapper elementor-open-inline\">\n\t\t\t<div class=\"elementor-video\"><\/div>\t\t<\/div>\n\t\t\t\t\t\t<\/div>\n\t\t\t\t<\/div>\n\t\t\t\t<\/div>\n\t\t\t\t<\/div>\n\t\t\t\t\t<\/details>\n\t\t\t\t\t\t<details id=\"e-n-accordion-item-6501\" class=\"e-n-accordion-item\" >\n\t\t\t\t<summary class=\"e-n-accordion-item-title\" data-accordion-index=\"2\" tabindex=\"-1\" aria-expanded=\"false\" aria-controls=\"e-n-accordion-item-6501\" >\n\t\t\t\t\t<span class='e-n-accordion-item-title-header'><div class=\"e-n-accordion-item-title-text\"> La lame est mal fix\u00e9e et vacille l\u00e9g\u00e8rement. <\/div><\/span>\n\t\t\t\t\t\t\t<span class='e-n-accordion-item-title-icon'>\n\t\t\t<span class='e-opened' ><i aria-hidden=\"true\" class=\" arrow_carrot-up\"><\/i><\/span>\n\t\t\t<span class='e-closed'><i aria-hidden=\"true\" class=\" arrow_carrot-down\"><\/i><\/span>\n\t\t<\/span>\n\n\t\t\t\t\t\t<\/summary>\n\t\t\t\t<div role=\"region\" aria-labelledby=\"e-n-accordion-item-6501\" class=\"elementor-element elementor-element-0752f74 e-con-full e-flex e-con e-child\" data-id=\"0752f74\" data-element_type=\"container\" data-e-type=\"container\" data-settings=\"{&quot;background_background&quot;:&quot;classic&quot;}\">\n\t\t<div role=\"region\" aria-labelledby=\"e-n-accordion-item-6501\" class=\"elementor-element elementor-element-52a4b3a e-flex e-con-boxed e-con e-child\" data-id=\"52a4b3a\" data-element_type=\"container\" data-e-type=\"container\">\n\t\t\t\t\t<div class=\"e-con-inner\">\n\t\t\t\t<div class=\"elementor-element elementor-element-d92def2 elementor-widget elementor-widget-text-editor\" data-id=\"d92def2\" data-element_type=\"widget\" data-e-type=\"widget\" data-widget_type=\"text-editor.default\">\n\t\t\t\t<div class=\"elementor-widget-container\">\n\t\t\t\t\t\t\t\t\t<p data-start=\"100\" data-end=\"355\">Le nombre de vis utilis\u00e9es pour fixer la lame dans la poign\u00e9e d\u00e9pend du sabre laser. Il est important que tu enfonces la lame le plus profond\u00e9ment possible dans le manche (contre la lampe ou les pins Neopixel) avant de serrer les vis. <\/p><p data-start=\"357\" data-end=\"529\">Pour un mod\u00e8le (premium) Neopixel, fais attention \u00e0 appuyer vraiment assez fort pour que les vis ne touchent pas le circuit imprim\u00e9. N\u2019h\u00e9site pas \u00e0 serrer les vis avec force. <\/p><p data-start=\"531\" data-end=\"873\">Ton \u00e9p\u00e9e te semble bancale ? Serre alors les vis encore plus fort pour voir si cela r\u00e9sout le probl\u00e8me. Fais attention \u00e0 ne pas endommager les filets.  <\/p><p data-start=\"875\" data-end=\"1031\">L\u2019\u00e9p\u00e9e bouge-t-elle toujours ? Ensuite, v\u00e9rifie que les vis sont vraiment bien serr\u00e9es (mais n\u2019exag\u00e8re pas pour ne pas endommager la vis). <\/p>\t\t\t\t\t\t\t\t<\/div>\n\t\t\t\t<\/div>\n\t\t\t\t\t<\/div>\n\t\t\t\t<\/div>\n\t\t\t\t<\/div>\n\t\t\t\t\t<\/details>\n\t\t\t\t\t\t<details id=\"e-n-accordion-item-6502\" class=\"e-n-accordion-item\" >\n\t\t\t\t<summary class=\"e-n-accordion-item-title\" data-accordion-index=\"3\" tabindex=\"-1\" aria-expanded=\"false\" aria-controls=\"e-n-accordion-item-6502\" >\n\t\t\t\t\t<span class='e-n-accordion-item-title-header'><div class=\"e-n-accordion-item-title-text\"> Le sabre laser n'\u00e9met aucun son. <\/div><\/span>\n\t\t\t\t\t\t\t<span class='e-n-accordion-item-title-icon'>\n\t\t\t<span class='e-opened' ><i aria-hidden=\"true\" class=\" arrow_carrot-up\"><\/i><\/span>\n\t\t\t<span class='e-closed'><i aria-hidden=\"true\" class=\" arrow_carrot-down\"><\/i><\/span>\n\t\t<\/span>\n\n\t\t\t\t\t\t<\/summary>\n\t\t\t\t<div role=\"region\" aria-labelledby=\"e-n-accordion-item-6502\" class=\"elementor-element elementor-element-25a2193 e-con-full e-flex e-con e-child\" data-id=\"25a2193\" data-element_type=\"container\" data-e-type=\"container\" data-settings=\"{&quot;background_background&quot;:&quot;classic&quot;}\">\n\t\t<div role=\"region\" aria-labelledby=\"e-n-accordion-item-6502\" class=\"elementor-element elementor-element-1767908 e-flex e-con-boxed e-con e-child\" data-id=\"1767908\" data-element_type=\"container\" data-e-type=\"container\">\n\t\t\t\t\t<div class=\"e-con-inner\">\n\t\t\t\t<div class=\"elementor-element elementor-element-6f56470 elementor-widget elementor-widget-text-editor\" data-id=\"6f56470\" data-element_type=\"widget\" data-e-type=\"widget\" data-widget_type=\"text-editor.default\">\n\t\t\t\t<div class=\"elementor-widget-container\">\n\t\t\t\t\t\t\t\t\t<p data-start=\"70\" data-end=\"219\">Peut-\u00eatre que le sabre laser est en <strong data-start=\"105\" data-end=\"132\">mode silencieux\/silencieux<\/strong>. Les Swiss Sabers ont diff\u00e9rents niveaux de volume et un mode muet\/silencieux. <\/p><p data-start=\"221\" data-end=\"524\">Pour changer le volume, le sabre laser doit \u00eatre en mode veille. Appuie sur le bouton et maintiens-le jusqu\u2019\u00e0 ce que la lumi\u00e8re clignote une fois, puis rel\u00e2che. Une confirmation sonore appara\u00eet alors. R\u00e9p\u00e8te ce processus pour passer du volume au mode muet.   <\/p>\t\t\t\t\t\t\t\t<\/div>\n\t\t\t\t<\/div>\n\t\t\t\t\t<\/div>\n\t\t\t\t<\/div>\n\t\t\t\t<\/div>\n\t\t\t\t\t<\/details>\n\t\t\t\t\t\t<details id=\"e-n-accordion-item-6503\" class=\"e-n-accordion-item\" >\n\t\t\t\t<summary class=\"e-n-accordion-item-title\" data-accordion-index=\"4\" tabindex=\"-1\" aria-expanded=\"false\" aria-controls=\"e-n-accordion-item-6503\" >\n\t\t\t\t\t<span class='e-n-accordion-item-title-header'><div class=\"e-n-accordion-item-title-text\"> Le sabre laser ne s'allume pas <\/div><\/span>\n\t\t\t\t\t\t\t<span class='e-n-accordion-item-title-icon'>\n\t\t\t<span class='e-opened' ><i aria-hidden=\"true\" class=\" arrow_carrot-up\"><\/i><\/span>\n\t\t\t<span class='e-closed'><i aria-hidden=\"true\" class=\" arrow_carrot-down\"><\/i><\/span>\n\t\t<\/span>\n\n\t\t\t\t\t\t<\/summary>\n\t\t\t\t<div role=\"region\" aria-labelledby=\"e-n-accordion-item-6503\" class=\"elementor-element elementor-element-8e7edb9 e-con-full e-flex e-con e-child\" data-id=\"8e7edb9\" data-element_type=\"container\" data-e-type=\"container\" data-settings=\"{&quot;background_background&quot;:&quot;classic&quot;}\">\n\t\t<div role=\"region\" aria-labelledby=\"e-n-accordion-item-6503\" class=\"elementor-element elementor-element-570a7a8 e-flex e-con-boxed e-con e-child\" data-id=\"570a7a8\" data-element_type=\"container\" data-e-type=\"container\">\n\t\t\t\t\t<div class=\"e-con-inner\">\n\t\t\t\t<div class=\"elementor-element elementor-element-626c6a4 elementor-widget elementor-widget-text-editor\" data-id=\"626c6a4\" data-element_type=\"widget\" data-e-type=\"widget\" data-widget_type=\"text-editor.default\">\n\t\t\t\t<div class=\"elementor-widget-container\">\n\t\t\t\t\t\t\t\t\t<p data-start=\"70\" data-end=\"353\">Il est probable que la batterie soit faible ou profond\u00e9ment d\u00e9charg\u00e9e. \u00c9teins compl\u00e8tement le sabre laser (pas en mode veille) et branche-le sur le chargeur fourni (5 V, 1 A). Si cela ne permet pas de la r\u00e9activer, retire la batterie du bo\u00eetier et recharge-la avec le chargeur externe noir fourni. Celui-ci devrait r\u00e9activer une batterie profond\u00e9ment d\u00e9charg\u00e9e,   <\/p><p data-start=\"355\" data-end=\"531\">Veille \u00e0 n\u2019utiliser qu\u2019un chargeur Swiss Sabers appropri\u00e9 avec une sortie de 5 V\/1 A maximum. N\u2019utilise pas de chargeurs d\u2019autres fabricants ! <\/p>\t\t\t\t\t\t\t\t<\/div>\n\t\t\t\t<\/div>\n\t\t\t\t\t<\/div>\n\t\t\t\t<\/div>\n\t\t\t\t<\/div>\n\t\t\t\t\t<\/details>\n\t\t\t\t\t\t<details id=\"e-n-accordion-item-6504\" class=\"e-n-accordion-item\" >\n\t\t\t\t<summary class=\"e-n-accordion-item-title\" data-accordion-index=\"5\" tabindex=\"-1\" aria-expanded=\"false\" aria-controls=\"e-n-accordion-item-6504\" >\n\t\t\t\t\t<span class='e-n-accordion-item-title-header'><div class=\"e-n-accordion-item-title-text\"> La lumi\u00e8re ne fonctionne pas, s'\u00e9teint de temps en temps, clignote en permanence ou ne montre des effets qu'en appuyant sur le bouton. <\/div><\/span>\n\t\t\t\t\t\t\t<span class='e-n-accordion-item-title-icon'>\n\t\t\t<span class='e-opened' ><i aria-hidden=\"true\" class=\" arrow_carrot-up\"><\/i><\/span>\n\t\t\t<span class='e-closed'><i aria-hidden=\"true\" class=\" arrow_carrot-down\"><\/i><\/span>\n\t\t<\/span>\n\n\t\t\t\t\t\t<\/summary>\n\t\t\t\t<div role=\"region\" aria-labelledby=\"e-n-accordion-item-6504\" class=\"elementor-element elementor-element-f3f8e7c e-con-full e-flex e-con e-child\" data-id=\"f3f8e7c\" data-element_type=\"container\" data-e-type=\"container\" data-settings=\"{&quot;background_background&quot;:&quot;classic&quot;}\">\n\t\t<div role=\"region\" aria-labelledby=\"e-n-accordion-item-6504\" class=\"elementor-element elementor-element-b1288bc e-flex e-con-boxed e-con e-child\" data-id=\"b1288bc\" data-element_type=\"container\" data-e-type=\"container\">\n\t\t\t\t\t<div class=\"e-con-inner\">\n\t\t\t\t<div class=\"elementor-element elementor-element-c38e482 elementor-widget elementor-widget-text-editor\" data-id=\"c38e482\" data-element_type=\"widget\" data-e-type=\"widget\" data-widget_type=\"text-editor.default\">\n\t\t\t\t<div class=\"elementor-widget-container\">\n\t\t\t\t\t\t\t\t\t<p data-start=\"62\" data-end=\"255\">Change d\u2019abord le style de son sur \u201cstable\u201d pour exclure d\u2019autres probl\u00e8mes. Pour cela, consulte le mode d\u2019emploi. <\/p>\t\t\t\t\t\t\t\t<\/div>\n\t\t\t\t<\/div>\n\t\t\t\t\t<\/div>\n\t\t\t\t<\/div>\n\t\t\t\t<\/div>\n\t\t\t\t\t<\/details>\n\t\t\t\t\t\t<details id=\"e-n-accordion-item-6505\" class=\"e-n-accordion-item\" >\n\t\t\t\t<summary class=\"e-n-accordion-item-title\" data-accordion-index=\"6\" tabindex=\"-1\" aria-expanded=\"false\" aria-controls=\"e-n-accordion-item-6505\" >\n\t\t\t\t\t<span class='e-n-accordion-item-title-header'><div class=\"e-n-accordion-item-title-text\"> Le Saber ne semble pas se charger ou le bouton ne clignote pas pendant le chargement. <\/div><\/span>\n\t\t\t\t\t\t\t<span class='e-n-accordion-item-title-icon'>\n\t\t\t<span class='e-opened' ><i aria-hidden=\"true\" class=\" arrow_carrot-up\"><\/i><\/span>\n\t\t\t<span class='e-closed'><i aria-hidden=\"true\" class=\" arrow_carrot-down\"><\/i><\/span>\n\t\t<\/span>\n\n\t\t\t\t\t\t<\/summary>\n\t\t\t\t<div role=\"region\" aria-labelledby=\"e-n-accordion-item-6505\" class=\"elementor-element elementor-element-afdb14b e-con-full e-flex e-con e-child\" data-id=\"afdb14b\" data-element_type=\"container\" data-e-type=\"container\" data-settings=\"{&quot;background_background&quot;:&quot;classic&quot;}\">\n\t\t<div role=\"region\" aria-labelledby=\"e-n-accordion-item-6505\" class=\"elementor-element elementor-element-7fd23c1 e-flex e-con-boxed e-con e-child\" data-id=\"7fd23c1\" data-element_type=\"container\" data-e-type=\"container\">\n\t\t\t\t\t<div class=\"e-con-inner\">\n\t\t\t\t<div class=\"elementor-element elementor-element-7e231ea elementor-widget elementor-widget-text-editor\" data-id=\"7e231ea\" data-element_type=\"widget\" data-e-type=\"widget\" data-widget_type=\"text-editor.default\">\n\t\t\t\t<div class=\"elementor-widget-container\">\n\t\t\t\t\t\t\t\t\t<p data-start=\"99\" data-end=\"395\">Il est possible que ta batterie soit compl\u00e8tement vide ou qu\u2019un mauvais chargeur soit utilis\u00e9. Il se peut donc que le bouton ne s\u2019allume pas. <\/p><p data-start=\"397\" data-end=\"690\">Assure-toi de connecter le c\u00e2ble fourni \u00e0 un chargeur qui fournit 5 volts \/ 1 amp\u00e8re. 5 V \/ 2,1 A est le maximum absolu. Des combinaisons de courant ou de tension plus \u00e9lev\u00e9es peuvent d\u00e9truire le circuit imprim\u00e9. Un port USB sur un ordinateur portable ou un ordinateur fournit toujours 5 V \/ 1 A.   <\/p><p data-start=\"692\" data-end=\"990\">Charge ensuite ton Saber pendant au moins 4 heures avec le chargeur appropri\u00e9. N\u2019interromps pas le chargement et n\u2019essaie pas d\u2019allumer le Saber entre-temps. Pendant le chargement, veille \u00e0 ce que le Saber ne soit pas laiss\u00e9 sans surveillance et v\u00e9rifie qu\u2019il ne surchauffe pas.  <\/p>\t\t\t\t\t\t\t\t<\/div>\n\t\t\t\t<\/div>\n\t\t\t\t\t<\/div>\n\t\t\t\t<\/div>\n\t\t\t\t<\/div>\n\t\t\t\t\t<\/details>\n\t\t\t\t\t\t<details id=\"e-n-accordion-item-6506\" class=\"e-n-accordion-item\" >\n\t\t\t\t<summary class=\"e-n-accordion-item-title\" data-accordion-index=\"7\" tabindex=\"-1\" aria-expanded=\"false\" aria-controls=\"e-n-accordion-item-6506\" >\n\t\t\t\t\t<span class='e-n-accordion-item-title-header'><div class=\"e-n-accordion-item-title-text\"> J'ai suivi ces instructions et mon sabre laser ne fonctionne toujours pas. <\/div><\/span>\n\t\t\t\t\t\t\t<span class='e-n-accordion-item-title-icon'>\n\t\t\t<span class='e-opened' ><i aria-hidden=\"true\" class=\" arrow_carrot-up\"><\/i><\/span>\n\t\t\t<span class='e-closed'><i aria-hidden=\"true\" class=\" arrow_carrot-down\"><\/i><\/span>\n\t\t<\/span>\n\n\t\t\t\t\t\t<\/summary>\n\t\t\t\t<div role=\"region\" aria-labelledby=\"e-n-accordion-item-6506\" class=\"elementor-element elementor-element-0057d60 e-con-full e-flex e-con e-child\" data-id=\"0057d60\" data-element_type=\"container\" data-e-type=\"container\" data-settings=\"{&quot;background_background&quot;:&quot;classic&quot;}\">\n\t\t<div role=\"region\" aria-labelledby=\"e-n-accordion-item-6506\" class=\"elementor-element elementor-element-9b8b3dc e-flex e-con-boxed e-con e-child\" data-id=\"9b8b3dc\" data-element_type=\"container\" data-e-type=\"container\">\n\t\t\t\t\t<div class=\"e-con-inner\">\n\t\t\t\t<div class=\"elementor-element elementor-element-84aea1a elementor-widget elementor-widget-text-editor\" data-id=\"84aea1a\" data-element_type=\"widget\" data-e-type=\"widget\" data-widget_type=\"text-editor.default\">\n\t\t\t\t<div class=\"elementor-widget-container\">\n\t\t\t\t\t\t\t\t\t<p data-start=\"70\" data-end=\"259\">Les instructions ci-dessus n\u2019ont pas r\u00e9solu ton probl\u00e8me sp\u00e9cifique ? Si oui, contacte-nous par e-mail ou par WhatsApp. Indique toujours les points suivants dans ton message :  <\/p><ul data-start=\"261\" data-end=\"602\"><li data-start=\"261\" data-end=\"324\"><p data-start=\"263\" data-end=\"324\">Le <strong data-start=\"267\" data-end=\"284\">num\u00e9ro de commande<\/strong> (sans lequel nous ne pouvons pas t\u2019aider).<\/p><\/li><li data-start=\"325\" data-end=\"388\"><p data-start=\"327\" data-end=\"388\">Quel <strong data-start=\"335\" data-end=\"344\">saber<\/strong> et quelle <strong data-start=\"356\" data-end=\"370\">version<\/strong> sont concern\u00e9s.<\/p><\/li><li data-start=\"448\" data-end=\"500\"><p data-start=\"450\" data-end=\"500\">D\u00e9cris le <strong data-start=\"465\" data-end=\"497\">probl\u00e8me le plus pr\u00e9cis\u00e9ment possible<\/strong>.<\/p><\/li><li data-start=\"501\" data-end=\"602\"><p data-start=\"503\" data-end=\"602\">Le mieux est d\u2019<strong data-start=\"524\" data-end=\"545\">envoyer<\/strong> une <strong data-start=\"524\" data-end=\"545\">vid\u00e9o<\/strong> pour que nous puissions voir imm\u00e9diatement de quoi il s\u2019agit.<\/p><\/li><\/ul><p data-start=\"604\" data-end=\"649\">Nous t\u2019aiderons alors le plus rapidement possible.<\/p>\t\t\t\t\t\t\t\t<\/div>\n\t\t\t\t<\/div>\n\t\t\t\t\t<\/div>\n\t\t\t\t<\/div>\n\t\t\t\t<\/div>\n\t\t\t\t\t<\/details>\n\t\t\t\t\t\t<details id=\"e-n-accordion-item-6507\" class=\"e-n-accordion-item\" >\n\t\t\t\t<summary class=\"e-n-accordion-item-title\" data-accordion-index=\"8\" tabindex=\"-1\" aria-expanded=\"false\" aria-controls=\"e-n-accordion-item-6507\" >\n\t\t\t\t\t<span class='e-n-accordion-item-title-header'><div class=\"e-n-accordion-item-title-text\"> Que faire si la batterie ne se charge plus ? <\/div><\/span>\n\t\t\t\t\t\t\t<span class='e-n-accordion-item-title-icon'>\n\t\t\t<span class='e-opened' ><i aria-hidden=\"true\" class=\" arrow_carrot-up\"><\/i><\/span>\n\t\t\t<span class='e-closed'><i aria-hidden=\"true\" class=\" arrow_carrot-down\"><\/i><\/span>\n\t\t<\/span>\n\n\t\t\t\t\t\t<\/summary>\n\t\t\t\t<div role=\"region\" aria-labelledby=\"e-n-accordion-item-6507\" class=\"elementor-element elementor-element-3937995 e-flex e-con-boxed e-con e-child\" data-id=\"3937995\" data-element_type=\"container\" data-e-type=\"container\">\n\t\t\t\t\t<div class=\"e-con-inner\">\n\t\t<div role=\"region\" aria-labelledby=\"e-n-accordion-item-6507\" class=\"elementor-element elementor-element-665085a e-con-full e-flex e-con e-child\" data-id=\"665085a\" data-element_type=\"container\" data-e-type=\"container\">\n\t\t\t\t<div class=\"elementor-element elementor-element-d3edaee elementor-widget elementor-widget-text-editor\" data-id=\"d3edaee\" data-element_type=\"widget\" data-e-type=\"widget\" data-widget_type=\"text-editor.default\">\n\t\t\t\t<div class=\"elementor-widget-container\">\n\t\t\t\t\t\t\t\t\t<p data-path-to-node=\"6\">Si le sabre laser n\u2019a pas \u00e9t\u00e9 utilis\u00e9 pendant une longue p\u00e9riode, il se peut que la batterie soit profond\u00e9ment d\u00e9charg\u00e9e. Dans ce cas, proc\u00e8de comme suit : <\/p>\n<ol start=\"1\" data-path-to-node=\"7\">\n<li>\n<p data-path-to-node=\"7,0,0\"><b data-path-to-node=\"7,0,0\" data-index-in-node=\"0\">Retirer la batterie :<\/b> Retire d\u00e9licatement la batterie du sabre laser.<\/p>\n<\/li>\n<li>\n<p data-path-to-node=\"7,1,0\"><span data-path-to-node=\"7,1,0\" data-index-in-node=\"0\">Recharger directement :<\/span> Connecte la batterie retir\u00e9e au chargeur noir fourni et recharge-la.<\/p>\n<\/li>\n<\/ol>\t\t\t\t\t\t\t\t<\/div>\n\t\t\t\t<\/div>\n\t\t\t\t<\/div>\n\t\t\t\t\t<\/div>\n\t\t\t\t<\/div>\n\t\t\t\t\t<\/details>\n\t\t\t\t\t<\/div>\n\t\t\t\t\t\t<\/div>\n\t\t\t\t<\/div>\n\t\t\t\t\t<\/div>\n\t\t\t\t<\/div>\n\t\t\t\t<\/div>\n\t\t","protected":false},"excerpt":{"rendered":"<p>FAQ Guide de d\u00e9pannage Sur cette page, nous r\u00e9pondons aux questions les plus fr\u00e9quentes et donnons des conseils sur les probl\u00e8mes courants. Si ton probl\u00e8me n\u2019est pas r\u00e9solu ici, il te suffit de nous envoyer un e-mail \u2013 nous t\u2019aiderons rapidement et de mani\u00e8re fiable. Tu as perdu le mode d\u2019emploi ou tu as des [&hellip;]<\/p>\n","protected":false},"author":1,"featured_media":0,"parent":0,"menu_order":0,"comment_status":"closed","ping_status":"closed","template":"","meta":{"_acf_changed":false,"footnotes":""},"class_list":["post-34098","page","type-page","status-publish","hentry"],"acf":[],"_links":{"self":[{"href":"https:\/\/swisssabers.ch\/fr\/wp-json\/wp\/v2\/pages\/34098","targetHints":{"allow":["GET"]}}],"collection":[{"href":"https:\/\/swisssabers.ch\/fr\/wp-json\/wp\/v2\/pages"}],"about":[{"href":"https:\/\/swisssabers.ch\/fr\/wp-json\/wp\/v2\/types\/page"}],"author":[{"embeddable":true,"href":"https:\/\/swisssabers.ch\/fr\/wp-json\/wp\/v2\/users\/1"}],"replies":[{"embeddable":true,"href":"https:\/\/swisssabers.ch\/fr\/wp-json\/wp\/v2\/comments?post=34098"}],"version-history":[{"count":2,"href":"https:\/\/swisssabers.ch\/fr\/wp-json\/wp\/v2\/pages\/34098\/revisions"}],"predecessor-version":[{"id":34139,"href":"https:\/\/swisssabers.ch\/fr\/wp-json\/wp\/v2\/pages\/34098\/revisions\/34139"}],"wp:attachment":[{"href":"https:\/\/swisssabers.ch\/fr\/wp-json\/wp\/v2\/media?parent=34098"}],"curies":[{"name":"wp","href":"https:\/\/api.w.org\/{rel}","templated":true}]}}