{"id":1226,"date":"2022-11-19T23:11:35","date_gmt":"2022-11-19T22:11:35","guid":{"rendered":"https:\/\/swisssabers.ch\/?post_type=product&#038;p=1226"},"modified":"2026-04-03T09:20:58","modified_gmt":"2026-04-03T07:20:58","slug":"darth-revan-lichtschwert","status":"publish","type":"product","link":"https:\/\/swisssabers.ch\/fr\/boutique\/darth-revan-lichtschwert\/","title":{"rendered":"Darth Revan Lichtschwert"},"content":{"rendered":"<p>Unsere Lichtschwerter zeichnen sich durch eine hochwertige Verarbeitung aus. Der Griff besteht aus Metall (Aluminiumlegierung), die Klinge aus robustem Polycarbonat. Sie verf\u00fcgen \u00fcber viele verstellbare Klingenfarben, Soundfonts, Modi und Effekte. Sie sind bestens geeignet f\u00fcr alle Star Wars Fans, egal ob Jedi oder Sith, Cosplayer oder einfach zur Ausstellung und Dekoration f\u00fcr Sammler und Liebhaber.<\/p>\n<ul>\n<li>34+ (Pixel) vorinstallierte Sound-Fonts<\/li>\n<li>Unbegrenzt verstellbare Klingenfarben<\/li>\n<li>Sensitive Smooth Swing Soundboard<\/li>\n<li>Mit App verbinden und Einstellungen mit dem Smartphone verstellen<\/li>\n<li>Li-Ion-Akku (aufladbar und austauschbar)<\/li>\n<li>Griff: Aluminium, 32 cm L\u00e4nge<\/li>\n<li>Klinge: Light Diffusion Polycarbonat, 92 cm lang und 1\u2033 (2.54 cm) Durchmesser<\/li>\n<li>Kann zu einem Doppelklingen-Lichtschwert verbunden werden: Nein<\/li>\n<li>Kann an einer G\u00fcrtelschnalle befestigt werden: Ja<\/li>\n<\/ul>\n<p>Dieses Modell ist hier nur in der Pixel-Version verf\u00fcgbar (RGB-Version nur auf Anfrage). Mehr Informationen findest du auf der Seite \u201cBedienung&#8221;.<\/p>\n<p>Dieses Lichtschwert wird in einem <strong>Premium-Koffer<\/strong> mit folgendem Inhalt und Zubeh\u00f6r geliefert:<\/p>\n<ul>\n<li>Lichtschwert-Griff mit Neopixel-Klinge<\/li>\n<li><strong>St\u00e4nder f\u00fcr Lichtschwert<\/strong><\/li>\n<li><strong>Blade Plug f\u00fcr Lichtschwert-Emitter<\/strong><\/li>\n<li>Ladeger\u00e4t &amp; Ladekabel<\/li>\n<li>Bedienungsanleitung<\/li>\n<li>Schrauben f\u00fcr Montage + Ersatzschrauben<\/li>\n<li>Werkzeug<\/li>\n<li>SD-Karte + USB-Adapter<\/li>\n<\/ul>\n<hr \/>\n<h4 style=\"text-align: left;\"><strong>Sensitive Smooth Swing<\/strong>:<\/h4>\n<p style=\"text-align: left; padding-left: 40px;\">Das Lichtschwert reagiert beim Schwingen und auf St\u00f6sse mit realistischen Sounds und Effekten.<\/p>\n<h4 style=\"text-align: left;\"><strong>Verstellbare Klingenfarben<\/strong>:<\/h4>\n<p style=\"text-align: left; padding-left: 40px;\">Passe die Klingenfarbe beliebig an (rot, blau, gr\u00fcn, violett, gelb, weiss u. v. m.).<\/p>\n<h4 style=\"text-align: left;\"><strong>Immersive Sound-Fonts<\/strong>:<\/h4>\n<p style=\"text-align: left; padding-left: 40px;\">W\u00e4hle zwischen 16 (RGB) und 34+ (Neopixel) Sound-Fonts oder f\u00fcge sogar eigene hinzu (RGB-Version ben\u00f6tigt separate SD-Karte, bei Pixel-Version bereits vorhanden).<\/p>\n<h4 style=\"text-align: left;\"><strong>Klingen- und Soundeffekte<\/strong>:<\/h4>\n<p style=\"text-align: left; padding-left: 40px;\">Lockup, Blaster abwehren, Soundeffekte bei St\u00f6ssen, verstellbare Lautst\u00e4rke u.v.m.<\/p>\n<h4 style=\"text-align: left;\"><strong>Mit dem Smartphone verbinden<\/strong>:<\/h4>\n<p style=\"text-align: left; padding-left: 40px;\">Verbinden dein Lichtschwert via Bluetooth und verstelle Sound-Fonts, Klingenfarben und weitere Einstellungen per App.<\/p>\n<h4 style=\"text-align: left;\"><strong>Motion Controls<\/strong>:<\/h4>\n<p style=\"text-align: left; padding-left: 40px;\">Bediene das Lichtschwert durch Bewegungsgesten wie Drehen oder nach vorne Stossen zum Einschalten.<\/p>\n<h4 style=\"text-align: left;\"><strong>Aufladbarer Akku<\/strong>:<\/h4>\n<p style=\"text-align: left; padding-left: 40px;\">Mit dem mitgelieferten Ladekabel l\u00e4sst sich der verbaute Li-Ion-Akku ganz einfach aufladen.<\/p>\n<h4 style=\"text-align: left;\"><strong>Robuster Griff aus Aluminium<\/strong>:<\/h4>\n<p style=\"text-align: left; padding-left: 40px;\">Jeder Griff besteht aus einer Aluminium-Legierung, welche das Lichtschwert besonders hochwertig und widerstandsf\u00e4hig macht.<\/p>\n<h4 style=\"text-align: left;\"><strong>Klinge aus Polycarbonat<\/strong>:<\/h4>\n<p style=\"text-align: left; padding-left: 40px;\">Wer duellieren m\u00f6chte, ist mit der RGB-Version dank ihrer widerstandsf\u00e4higen Polycarbonat-Klinge bestens bedient. Die Pixel-Version ist aufgrund der darin verbauten LEDs fragiler und daher nicht zum K\u00e4mpfen geeignet.<\/p>\n","protected":false},"excerpt":{"rendered":"<p>Unsere Lichtschwerter zeichnen sich durch eine hochwertige Verarbeitung aus. Der Griff besteht aus Metall, die Klinge aus robustem Polycarbonat. Sie bieten eine Vielzahl verstellbarer Klingenfarben, Soundfonts, Modi und Effekte. Perfekt geeignet f\u00fcr alle Star Wars Fans, ob Jedi oder Sith, Cosplayer oder Sammler \u2013 sie eignen sich ideal zur Ausstellung und Dekoration.<\/p>\n","protected":false},"featured_media":34463,"template":"","meta":{"_acf_changed":false,"wds_primary_product_brand":0,"wds_primary_product_cat":0},"produkt-filter":[147,151,155],"product_brand":[],"product_cat":[636,22],"product_tag":[],"class_list":{"0":"post-1226","1":"product","2":"type-product","3":"status-publish","4":"has-post-thumbnail","6":"produkt-filter-replika-lichtschwerter","7":"produkt-filter-dunkle-seite","8":"produkt-filter-serien-games","9":"product_cat-koffer-blade-plug","10":"product_cat-premium-lichtschwerter","11":"pa_version-pixel","12":"wcpa_has_options","14":"first","15":"instock","16":"taxable","17":"shipping-taxable","18":"purchasable","19":"product-type-variable","20":"has-default-attributes"},"acf":[],"wcpa_form_fields":{"wcpaData":{"product":{"product_price":449,"price_html":"<span class=\"woocommerce-Price-amount amount\"><bdi><span class=\"woocommerce-Price-currencySymbol\">&#67;&#72;&#70;<\/span>&nbsp;449.00<\/bdi><\/span>","original_product_price":449,"price_including_tax":449,"price_excluding_tax":415.35615200000000868385541252791881561279296875,"product_id":{"parent":1226,"variation":false},"is_variable":true,"stock_status":"instock","stock_quantity":null,"parent_sku":"063","product_attributes":{"pa_version":{"is_variation":true,"values":[]}},"custom_fields":[],"is_taxable":true,"product_name":"Darth Revan Lichtschwert","hasImage":false},"fields":{"sec_867d2f9e467f8d":{"extra":{"key":"sec_867d2f9e467f8d","section_id":"sec_867d2f9e467f8d","name":"Default","status":1,"cl_rule":"show","enableCl":false,"relations":[],"toggle":true,"title_tag":"h3","show_title":false,"showPrice":"default","form_id":33622,"form_rules":{"exclude_from_discount":false,"fee_label":"Geb\u00fchr","disp_hide_options_price":false,"disp_show_section_price":false,"disp_show_field_price":true,"layout_option":"standard","pric_use_as_fee":false,"process_fee_as":"woo_fee"},"layout_option":"standard"},"fields":[[{"active":true,"col":6,"relations":[],"cl_rule":"show","enableCl":false,"price":"","enablePrice":false,"className":"","label_position":"default","desc_position":"default","type":"image-group","required":false,"elementId":"image_9937392162","label":"Inclus gratuitement","name":"image_9937392162","enable_popup":"all","multiple":true,"layOut":"inline","img_selection_type":"tick","disp_type":"squircle","values":[{"label":"Valise","value":"Premium Koffer","selected":true,"image":"https:\/\/swisssabers.ch\/wp-content\/uploads\/2025\/03\/Koffer-1.png","thumb":"https:\/\/swisssabers.ch\/wp-content\/uploads\/2025\/03\/Koffer-1.png","tempId":"aco_967","image_id":21763,"tooltip":"","thumb_src":"https:\/\/swisssabers.ch\/wp-content\/uploads\/2025\/03\/Koffer-1-150x150.png","gt_translate_keys":["label","tooltip"]},{"label":"Blade Plug","value":"Blade Plug","selected":true,"image":"https:\/\/swisssabers.ch\/wp-content\/uploads\/2026\/03\/plug-fuer-emitter-1-min.jpg","thumb":"https:\/\/swisssabers.ch\/wp-content\/uploads\/2022\/12\/plug-fuer-emitter-2-150x150.png","tempId":"aco_968","image_id":1609,"tooltip":"","thumb_src":"https:\/\/swisssabers.ch\/wp-content\/uploads\/2022\/12\/plug-fuer-emitter-2-150x150.png","gt_translate_keys":["label","tooltip"]},{"label":"Support","value":"St\u00e4nder","selected":true,"image":"https:\/\/swisssabers.ch\/wp-content\/uploads\/2024\/10\/Staender-2-min.jpg","thumb":"https:\/\/swisssabers.ch\/wp-content\/uploads\/2024\/10\/Staender-2-min-150x150.jpg","tempId":"aco_37","image_id":17487,"thumb_src":"https:\/\/swisssabers.ch\/wp-content\/uploads\/2024\/10\/Staender-2-min-100x100.jpg","gt_translate_keys":["label"]}],"disp_size_img":{"width":"100","height":"100"},"error":false,"hideImageIn_cart":true,"hideImageIn_order":true,"hideImageIn_email":true,"tooltip":"Set premium offert : Ce sabre laser est livr\u00e9 avec une mallette de transport robuste pour une protection optimale, un support \u00e9l\u00e9gant et un bouchon de lame (blade plug). Ce dernier garantit un aspect cin\u00e9matographique authentique et prot\u00e8ge les broches de contact sur les mod\u00e8les Pixel. Remarque : Le design des accessoires peut varier selon le mod\u00e8le du produit.","options_tooltip":false,"hideFieldIn_cart":true,"hideFieldIn_order":true,"show_selected_option":false,"isWeightTemplate":false,"isTemplate":false,"img_preview_disable_mobile":true,"min_quantity":"1","quantity_decimal":false,"quantity_step":"1","quantity_label":"Quantity","repeater_field_label":"{field_label}","repeater_bind":"","enableDesign":false,"gt_translate_keys":["label","tooltip","repeater_field_label","quantity_label"],"price_dependency":false,"cl_dependency":false,"value":""}]]},"sec_167d2dcab61d33":{"extra":{"key":"sec_167d2dcab61d33","section_id":"sec_167d2dcab61d33","name":"Default","status":1,"cl_rule":"show","enableCl":false,"relations":[],"toggle":true,"title_tag":"h3","show_title":false,"showPrice":"default","form_id":22208,"form_rules":{"exclude_from_discount":false,"fee_label":"Geb\u00fchr","disp_hide_options_price":false,"disp_show_section_price":false,"disp_show_field_price":true,"layout_option":"standard","pric_use_as_fee":false,"process_fee_as":"woo_fee"},"layout_option":"standard"},"fields":[[{"active":true,"col":6,"relations":[{"operator":"or","rules":[{"operator":"or","rules":{"cl_field":"product_ids","cl_relation":"is","cl_val":16835,"cl_field_sub":""}},{"operator":"or","rules":{"cl_field":"product_ids","cl_relation":"is","cl_val":16753}},{"operator":"or","rules":{"cl_field":"product_ids","cl_relation":"is","cl_val":16738}},{"operator":"or","rules":{"cl_field":"product_ids","cl_relation":"is","cl_val":17282}},{"operator":"or","rules":{"cl_field":"product_ids","cl_relation":"is","cl_val":21846}},{"operator":"AND","rules":{"cl_field":"product_ids","cl_relation":"is","cl_val":25505}}]}],"cl_rule":"hide","enableCl":true,"price":"","enablePrice":false,"className":"","label_position":"default","desc_position":"default","type":"select","required":false,"elementId":"select_8723212541","label":"Longueur de la lame","name":"select_8723212541","values":[{"label":"92 cm (standard)","value":"92 cm (Standard)","selected":true,"tempId":"aco_58","options_cl":true,"relations":[{"operator":false,"rules":[{"operator":"AND","rules":{"cl_field":"","cl_relation":"","cl_val":""}}]}],"cl_rule":"show","gt_translate_keys":["label"]},{"label":"72 cm","value":"72 cm","selected":false,"tempId":"aco_46","gt_translate_keys":["label"]},{"label":"52 cm (nur RGB)","value":"52 cm (nur RGB)","selected":false,"tempId":"aco_60","gt_translate_keys":["label"]}],"dropdown_type":"basic","error":false,"mapToCheckout":false,"tooltip":"92 cm est la longueur standard (pr\u00e9cise pour le film).<br \/>\n52 cm est disponible uniquement pour les sabres laser RGB.","isWeightTemplate":false,"isTemplate":false,"min_quantity":"1","quantity_decimal":false,"quantity_step":"1","quantity_label":"Quantity","repeater_field_label":"{field_label}","repeater_bind":"","gt_translate_keys":["label","tooltip","repeater_field_label","quantity_label"],"price_dependency":false,"cl_dependency":false,"value":""}]]}},"config":{"price_override":"","enable_recaptcha":false,"bind_quantity":false,"quantity_bind_formula":false,"disp_summ_show_option_price":true,"disp_summ_show_product_price":true,"disp_summ_show_total_price":true,"disp_summ_show_fee":false,"disp_summ_show_discount":false,"summary_title":"","options_total_label":"Prix de l'option","total_label":"Total","options_product_label":"Prix du produit","fee_label":"Geb\u00fchr","discount_label":"Rabatt","has_price":true,"has_quantity_formula":false},"mc_unit":1,"tax_rate":1,"tax_rate_real":0.08100000000000000255351295663786004297435283660888671875,"discount":{"percentage":0,"fixed":0},"design":{"conf":{"LabelPosition":"left","DescPosition":"above","UploadField":"custom_1","QuantityFieldStyle":"default"},"css":{"LeftLabelWidth":"120px"}},"formulas":[],"lookuptables":[],"clones":false,"cartKey":false}},"_links":{"self":[{"href":"https:\/\/swisssabers.ch\/fr\/wp-json\/wp\/v2\/product\/1226","targetHints":{"allow":["GET"]}}],"collection":[{"href":"https:\/\/swisssabers.ch\/fr\/wp-json\/wp\/v2\/product"}],"about":[{"href":"https:\/\/swisssabers.ch\/fr\/wp-json\/wp\/v2\/types\/product"}],"version-history":[{"count":6,"href":"https:\/\/swisssabers.ch\/fr\/wp-json\/wp\/v2\/product\/1226\/revisions"}],"predecessor-version":[{"id":35453,"href":"https:\/\/swisssabers.ch\/fr\/wp-json\/wp\/v2\/product\/1226\/revisions\/35453"}],"wp:featuredmedia":[{"embeddable":true,"href":"https:\/\/swisssabers.ch\/fr\/wp-json\/wp\/v2\/media\/34463"}],"wp:attachment":[{"href":"https:\/\/swisssabers.ch\/fr\/wp-json\/wp\/v2\/media?parent=1226"}],"wp:term":[{"taxonomy":"produkt-filter","embeddable":true,"href":"https:\/\/swisssabers.ch\/fr\/wp-json\/wp\/v2\/produkt-filter?post=1226"},{"taxonomy":"product_brand","embeddable":true,"href":"https:\/\/swisssabers.ch\/fr\/wp-json\/wp\/v2\/product_brand?post=1226"},{"taxonomy":"product_cat","embeddable":true,"href":"https:\/\/swisssabers.ch\/fr\/wp-json\/wp\/v2\/product_cat?post=1226"},{"taxonomy":"product_tag","embeddable":true,"href":"https:\/\/swisssabers.ch\/fr\/wp-json\/wp\/v2\/product_tag?post=1226"}],"curies":[{"name":"wp","href":"https:\/\/api.w.org\/{rel}","templated":true}]}}