{"id":16432,"date":"2024-06-21T20:05:34","date_gmt":"2024-06-21T18:05:34","guid":{"rendered":"https:\/\/swisssabers.ch\/shop\/anneaux-dalignement-clocking-shins\/"},"modified":"2025-12-13T12:27:56","modified_gmt":"2025-12-13T11:27:56","slug":"anneaux-dalignement-clocking-shins","status":"publish","type":"product","link":"https:\/\/swisssabers.ch\/fr\/boutique\/anneaux-dalignement-clocking-shins\/","title":{"rendered":"Anneaux d&#8217;Alignement"},"content":{"rendered":"<p>Les anneaux d&#8217;alignement sont utilis\u00e9s pour aligner avec pr\u00e9cision certains composants d&#8217;un sabre laser (par exemple l&#8217;\u00e9metteur). Ils peuvent aussi \u00eatre utilis\u00e9s pour aligner les deux boutons d&#8217;activation d&#8217;un sabre laser \u00e0 double lame. Tu trouveras des instructions sur notre cha\u00eene YouTube. <\/p>\n","protected":false},"excerpt":{"rendered":"<p>Les anneaux d&#8217;alignement sont utilis\u00e9s pour aligner avec pr\u00e9cision certains composants d&#8217;un sabre laser (par exemple l&#8217;\u00e9metteur). Ils peuvent aussi \u00eatre utilis\u00e9s pour aligner les deux boutons d&#8217;activation d&#8217;un sabre laser \u00e0 double lame. Tu trouveras des instructions sur notre cha\u00eene YouTube.<\/p>\n","protected":false},"featured_media":18835,"template":"","meta":{"_acf_changed":false,"wds_primary_product_brand":0,"wds_primary_product_cat":0},"produkt-filter":[431],"product_brand":[],"product_cat":[341],"product_tag":[],"class_list":{"0":"post-16432","1":"product","2":"type-product","3":"status-publish","4":"has-post-thumbnail","6":"produkt-filter-zubehoer-fr","7":"product_cat-accessoires","8":"pa_farbe-schwarz-fr","9":"pa_farbe-transparent-fr-fr","11":"first","12":"instock","13":"taxable","14":"shipping-taxable","15":"purchasable","16":"product-type-simple"},"acf":[],"wcpa_form_fields":null,"_links":{"self":[{"href":"https:\/\/swisssabers.ch\/fr\/wp-json\/wp\/v2\/product\/16432","targetHints":{"allow":["GET"]}}],"collection":[{"href":"https:\/\/swisssabers.ch\/fr\/wp-json\/wp\/v2\/product"}],"about":[{"href":"https:\/\/swisssabers.ch\/fr\/wp-json\/wp\/v2\/types\/product"}],"version-history":[{"count":3,"href":"https:\/\/swisssabers.ch\/fr\/wp-json\/wp\/v2\/product\/16432\/revisions"}],"predecessor-version":[{"id":24248,"href":"https:\/\/swisssabers.ch\/fr\/wp-json\/wp\/v2\/product\/16432\/revisions\/24248"}],"wp:featuredmedia":[{"embeddable":true,"href":"https:\/\/swisssabers.ch\/fr\/wp-json\/wp\/v2\/media\/18835"}],"wp:attachment":[{"href":"https:\/\/swisssabers.ch\/fr\/wp-json\/wp\/v2\/media?parent=16432"}],"wp:term":[{"taxonomy":"produkt-filter","embeddable":true,"href":"https:\/\/swisssabers.ch\/fr\/wp-json\/wp\/v2\/produkt-filter?post=16432"},{"taxonomy":"product_brand","embeddable":true,"href":"https:\/\/swisssabers.ch\/fr\/wp-json\/wp\/v2\/product_brand?post=16432"},{"taxonomy":"product_cat","embeddable":true,"href":"https:\/\/swisssabers.ch\/fr\/wp-json\/wp\/v2\/product_cat?post=16432"},{"taxonomy":"product_tag","embeddable":true,"href":"https:\/\/swisssabers.ch\/fr\/wp-json\/wp\/v2\/product_tag?post=16432"}],"curies":[{"name":"wp","href":"https:\/\/api.w.org\/{rel}","templated":true}]}}