{"id":16456,"date":"2024-07-26T13:46:08","date_gmt":"2024-07-26T11:46:08","guid":{"rendered":"https:\/\/swisssabers.ch\/shop\/prise-de-charge-cable-de-charge\/"},"modified":"2025-07-02T00:07:37","modified_gmt":"2025-07-01T22:07:37","slug":"prise-de-charge-cable-de-charge","status":"publish","type":"product","link":"https:\/\/swisssabers.ch\/fr\/boutique\/prise-de-charge-cable-de-charge\/","title":{"rendered":"Prise de Charge et C\u00e2ble de Charge"},"content":{"rendered":"<p>Prise de charge et c\u00e2ble de charge (USB-C ou rond) pour charger nos sabres laser. Prise de charge 5V, 1A Attention : <strong>avec chaque commande de sabre laser, une prise de charge et un c\u00e2ble de charge sont d\u00e9j\u00e0 fournis<\/strong>. Ce chargeur sert uniquement de remplacement.<\/p>\n","protected":false},"excerpt":{"rendered":"<p>Prise de charge et c\u00e2ble de charge (USB-C ou rond) pour charger nos sabres laser. Prise de charge 5V, 1A Attention : avec chaque commande de sabre laser, une prise de charge et un c\u00e2ble de charge sont d\u00e9j\u00e0 fournis. Ce chargeur sert uniquement de remplacement.<\/p>\n","protected":false},"featured_media":29202,"template":"","meta":{"_acf_changed":false,"wds_primary_product_brand":0,"wds_primary_product_cat":0},"produkt-filter":[431],"product_brand":[],"product_cat":[341],"product_tag":[],"class_list":{"0":"post-16456","1":"product","2":"type-product","3":"status-publish","4":"has-post-thumbnail","6":"produkt-filter-zubehoer-fr","7":"product_cat-accessoires","8":"pa_ladekabel-usb-c-fr","9":"pa_ladekabel-rond","11":"first","12":"instock","13":"taxable","14":"shipping-taxable","15":"purchasable","16":"product-type-variable"},"acf":[],"wcpa_form_fields":null,"_links":{"self":[{"href":"https:\/\/swisssabers.ch\/fr\/wp-json\/wp\/v2\/product\/16456","targetHints":{"allow":["GET"]}}],"collection":[{"href":"https:\/\/swisssabers.ch\/fr\/wp-json\/wp\/v2\/product"}],"about":[{"href":"https:\/\/swisssabers.ch\/fr\/wp-json\/wp\/v2\/types\/product"}],"version-history":[{"count":3,"href":"https:\/\/swisssabers.ch\/fr\/wp-json\/wp\/v2\/product\/16456\/revisions"}],"predecessor-version":[{"id":24257,"href":"https:\/\/swisssabers.ch\/fr\/wp-json\/wp\/v2\/product\/16456\/revisions\/24257"}],"wp:featuredmedia":[{"embeddable":true,"href":"https:\/\/swisssabers.ch\/fr\/wp-json\/wp\/v2\/media\/29202"}],"wp:attachment":[{"href":"https:\/\/swisssabers.ch\/fr\/wp-json\/wp\/v2\/media?parent=16456"}],"wp:term":[{"taxonomy":"produkt-filter","embeddable":true,"href":"https:\/\/swisssabers.ch\/fr\/wp-json\/wp\/v2\/produkt-filter?post=16456"},{"taxonomy":"product_brand","embeddable":true,"href":"https:\/\/swisssabers.ch\/fr\/wp-json\/wp\/v2\/product_brand?post=16456"},{"taxonomy":"product_cat","embeddable":true,"href":"https:\/\/swisssabers.ch\/fr\/wp-json\/wp\/v2\/product_cat?post=16456"},{"taxonomy":"product_tag","embeddable":true,"href":"https:\/\/swisssabers.ch\/fr\/wp-json\/wp\/v2\/product_tag?post=16456"}],"curies":[{"name":"wp","href":"https:\/\/api.w.org\/{rel}","templated":true}]}}