{"id":16464,"date":"2024-08-26T09:58:10","date_gmt":"2024-08-26T07:58:10","guid":{"rendered":"https:\/\/swisssabers.ch\/shop\/lego-saber-sabre-laser\/"},"modified":"2025-12-05T00:59:21","modified_gmt":"2025-12-04T23:59:21","slug":"lego-saber-sabre-laser","status":"publish","type":"product","link":"https:\/\/swisssabers.ch\/fr\/boutique\/lego-saber-sabre-laser\/","title":{"rendered":"Sabre Laser Lego"},"content":{"rendered":"<p>Nos sabres laser se distinguent par une finition de haute qualit\u00e9. La poign\u00e9e est en m\u00e9tal (alliage d&#8217;aluminium), la lame en polycarbonate robuste. Le design ergonomique permet de swinguer sans effort et avec pr\u00e9cision. Ils disposent de nombreuses couleurs de lames r\u00e9glables, de sons, de modes et d&#8217;effets. Ils conviennent parfaitement \u00e0 tous les fans de Star Wars, qu&#8217;ils soient Jedi ou Sith, cosplayers ou simplement pour l&#8217;exposition et la d\u00e9coration pour les collectionneurs et les amateurs. Il est \u00e9galement possible de se battre en duel avec la version RGB.     <\/p>\n<ul>\n<li>16\/34+ (RGB\/pixel) polices sonores pr\u00e9install\u00e9es<\/li>\n<li>Couleurs de lames r\u00e9glables \u00e0 l&#8217;infini<\/li>\n<li>Tableau sonore Sensitive Smooth Swing<\/li>\n<li>Se connecter \u00e0 l&#8217;application et ajuster les param\u00e8tres avec le smartphone<\/li>\n<li>Batterie Li-Ion rechargeable et rempla\u00e7able<\/li>\n<li>Poign\u00e9e : aluminium, longueur 23 cm<\/li>\n<li>Lame : polycarbonate \u00e0 diffusion l\u00e9g\u00e8re (PC), 92 cm de long et 1\u2033 (2,54 cm) de diam\u00e8tre<\/li>\n<li>Peut \u00eatre connect\u00e9 pour former un sabre laser \u00e0 double lame : Non<\/li>\n<li>Peut \u00eatre fix\u00e9 \u00e0 une boucle de ceinture : Non<\/li>\n<\/ul>\n<p>Ce mod\u00e8le est disponible en deux versions. Tu trouveras plus d&#8217;informations sur la page &#8220;<a href=\"\">RGB ou pixel ?<\/a> <u>Contenu :<\/u> poign\u00e9e de sabre laser, <em>lame<\/em> <em>RGB<\/em>ou <em>Neopixel<\/em>, chargeur &amp; c\u00e2ble de charge, mode d&#8217;emploi, vis pour le montage + vis de rechange, outil (cl\u00e9 Allen), carte SD avec adaptateur USB (Pixel uniquement). <\/p>\n<hr>\n<h4 style=\"text-align: left;\"><strong>Sensitive Smooth Swing<\/strong>:<\/h4>\n<p style=\"text-align: left; padding-left: 40px;\">Le sabre laser r\u00e9agit au balancement et aux coups avec des sons et des effets r\u00e9alistes.<\/p>\n<h4 style=\"text-align: left;\"><strong>Couleurs de lames r\u00e9glables<\/strong>:<\/h4>\n<p style=\"text-align: left; padding-left: 40px;\">Personnalise la couleur de la lame comme tu le souhaites (rouge, bleu, vert, violet, jaune, blanc et bien d&#8217;autres).<\/p>\n<h4 style=\"text-align: left;\"><strong>Fontes sonores immersives<\/strong>:<\/h4>\n<p style=\"text-align: left; padding-left: 40px;\">Choisis entre 16 (RGB) et 34+ (Neopixel) polices de sons ou ajoute m\u00eame les tiennes (la version RGB n\u00e9cessite une carte SD s\u00e9par\u00e9e, d\u00e9j\u00e0 pr\u00e9sente dans la version Pixel).<\/p>\n<h4 style=\"text-align: left;\"><strong>Effets de lames et de sons<\/strong>:<\/h4>\n<p style=\"text-align: left; padding-left: 40px;\">Lockup, parer les blasters, effets sonores en cas de choc, volume r\u00e9glable et bien plus encore.<\/p>\n<h4 style=\"text-align: left;\"><strong>Se connecter \u00e0 son smartphone<\/strong><\/h4>\n<p style=\"text-align: left; padding-left: 40px;\">Connecte ton sabre laser via Bluetooth et r\u00e8gle les polices sonores, les couleurs des lames et d&#8217;autres param\u00e8tres via l&#8217;application.<\/p>\n<h4 style=\"text-align: left;\"><strong>Contr\u00f4les de mouvement<\/strong>:<\/h4>\n<p style=\"text-align: left; padding-left: 40px;\">Utilise le sabre laser en faisant des gestes comme le tourner ou le pousser vers l&#8217;avant pour l&#8217;allumer.<\/p>\n<h4 style=\"text-align: left;\"><strong>Batterie rechargeable<\/strong>:<\/h4>\n<p style=\"text-align: left; padding-left: 40px;\">Le c\u00e2ble de chargement fourni permet de recharger facilement la batterie Li-Ion int\u00e9gr\u00e9e.<\/p>\n<h4 style=\"text-align: left;\"><strong>Poign\u00e9e robuste en aluminium<\/strong>:<\/h4>\n<p style=\"text-align: left; padding-left: 40px;\">Chaque poign\u00e9e est faite d&#8217;un alliage d&#8217;aluminium, ce qui rend le sabre laser particuli\u00e8rement qualitatif et r\u00e9sistant.<\/p>\n<h4 style=\"text-align: left;\"><strong>Lame en polycarbonate<\/strong>:<\/h4>\n<p style=\"text-align: left; padding-left: 40px;\">Si tu veux te battre en duel, la version RGB te conviendra parfaitement gr\u00e2ce \u00e0 sa lame en polycarbonate r\u00e9sistante. La version Pixel est plus fragile en raison des LED qui y sont int\u00e9gr\u00e9es et ne convient donc pas pour les combats. <\/p>\n","protected":false},"excerpt":{"rendered":"<p>Nos sabres laser se distinguent par une finition de haute qualit\u00e9. La poign\u00e9e est en m\u00e9tal (alliage d&#8217;aluminium), la lame en polycarbonate robuste. Le design ergonomique permet de swinguer sans effort et avec pr\u00e9cision. Ils disposent de nombreuses couleurs de lames r\u00e9glables, de sons, de modes et d&#8217;effets. Ils conviennent parfaitement \u00e0 tous les fans [&hellip;]<\/p>\n","protected":false},"featured_media":15813,"template":"","meta":{"_acf_changed":false,"wds_primary_product_brand":0,"wds_primary_product_cat":0},"produkt-filter":[407,398],"product_brand":[],"product_cat":[335],"product_tag":[],"class_list":{"0":"post-16464","1":"product","2":"type-product","3":"status-publish","4":"has-post-thumbnail","6":"produkt-filter-kampftauglich-rgb-fr","7":"produkt-filter-custom-lichtschwerter-fr","8":"product_cat-sabres-de-combat","9":"pa_version-rgb-fr","10":"wcpa_has_options","12":"first","13":"instock","14":"taxable","15":"shipping-taxable","16":"purchasable","17":"product-type-variable","18":"has-default-attributes"},"acf":[],"wcpa_form_fields":{"wcpaData":{"product":{"product_price":149,"price_html":"<span class=\"woocommerce-Price-amount amount\"><bdi><span class=\"woocommerce-Price-currencySymbol\">&#67;&#72;&#70;<\/span>&nbsp;149.00<\/bdi><\/span>","original_product_price":149,"price_including_tax":149,"price_excluding_tax":137.835338000000007241396815516054630279541015625,"product_id":{"parent":16464,"variation":false},"is_variable":true,"stock_status":"instock","stock_quantity":null,"parent_sku":"","product_attributes":{"pa_version":{"is_variation":true,"values":[]}},"custom_fields":[],"is_taxable":true,"product_name":"Sabre Laser Lego","hasImage":false},"fields":{"sec_167d2dcab61d33":{"extra":{"key":"sec_167d2dcab61d33","section_id":"sec_167d2dcab61d33","name":"Default","status":1,"cl_rule":"show","enableCl":false,"relations":[],"toggle":true,"title_tag":"h3","show_title":false,"showPrice":"default","form_id":22208,"form_rules":{"exclude_from_discount":false,"fee_label":"Geb\u00fchr","disp_hide_options_price":false,"disp_show_section_price":false,"disp_show_field_price":true,"layout_option":"standard","pric_use_as_fee":false,"process_fee_as":"woo_fee"},"layout_option":"standard"},"fields":[[{"active":true,"col":6,"relations":[{"operator":"or","rules":[{"operator":"or","rules":{"cl_field":"product_ids","cl_relation":"is","cl_val":16835,"cl_field_sub":""}},{"operator":"or","rules":{"cl_field":"product_ids","cl_relation":"is","cl_val":16753}},{"operator":"or","rules":{"cl_field":"product_ids","cl_relation":"is","cl_val":16738}},{"operator":"or","rules":{"cl_field":"product_ids","cl_relation":"is","cl_val":17282}},{"operator":"or","rules":{"cl_field":"product_ids","cl_relation":"is","cl_val":21846}},{"operator":"AND","rules":{"cl_field":"product_ids","cl_relation":"is","cl_val":25505}}]}],"cl_rule":"hide","enableCl":true,"price":"","enablePrice":false,"className":"","label_position":"default","desc_position":"default","type":"select","required":false,"elementId":"select_8723212541","label":"Longueur de la lame","name":"select_8723212541","values":[{"label":"92 cm (standard)","value":"92 cm (Standard)","selected":true,"tempId":"aco_58","options_cl":true,"relations":[{"operator":false,"rules":[{"operator":"AND","rules":{"cl_field":"","cl_relation":"","cl_val":""}}]}],"cl_rule":"show","gt_translate_keys":["label"]},{"label":"72 cm","value":"72 cm","selected":false,"tempId":"aco_46","gt_translate_keys":["label"]},{"label":"52 cm (nur RGB)","value":"52 cm (nur RGB)","selected":false,"tempId":"aco_60","gt_translate_keys":["label"]}],"dropdown_type":"basic","error":false,"mapToCheckout":false,"tooltip":"92 cm est la longueur standard (pr\u00e9cise pour le film).<br \/>\n52 cm est disponible uniquement pour les sabres laser RGB.","isWeightTemplate":false,"isTemplate":false,"min_quantity":"1","quantity_decimal":false,"quantity_step":"1","quantity_label":"Quantity","repeater_field_label":"{field_label}","repeater_bind":"","gt_translate_keys":["label","tooltip","repeater_field_label","quantity_label"],"price_dependency":false,"cl_dependency":false,"value":""}]]}},"config":{"price_override":"","enable_recaptcha":false,"bind_quantity":false,"quantity_bind_formula":false,"disp_summ_show_option_price":true,"disp_summ_show_product_price":true,"disp_summ_show_total_price":true,"disp_summ_show_fee":false,"disp_summ_show_discount":false,"summary_title":"","options_total_label":"Prix de l'option","total_label":"Total","options_product_label":"Prix du produit","fee_label":"Geb\u00fchr","discount_label":"Rabatt","has_price":true,"has_quantity_formula":false},"mc_unit":1,"tax_rate":1,"tax_rate_real":0.08100000000000000255351295663786004297435283660888671875,"discount":{"percentage":0,"fixed":0},"design":{"conf":{"LabelPosition":"left","DescPosition":"above","UploadField":"custom_1","QuantityFieldStyle":"default"},"css":{"LeftLabelWidth":"120px"}},"formulas":[],"lookuptables":[],"clones":false,"cartKey":false}},"_links":{"self":[{"href":"https:\/\/swisssabers.ch\/fr\/wp-json\/wp\/v2\/product\/16464","targetHints":{"allow":["GET"]}}],"collection":[{"href":"https:\/\/swisssabers.ch\/fr\/wp-json\/wp\/v2\/product"}],"about":[{"href":"https:\/\/swisssabers.ch\/fr\/wp-json\/wp\/v2\/types\/product"}],"version-history":[{"count":3,"href":"https:\/\/swisssabers.ch\/fr\/wp-json\/wp\/v2\/product\/16464\/revisions"}],"predecessor-version":[{"id":24260,"href":"https:\/\/swisssabers.ch\/fr\/wp-json\/wp\/v2\/product\/16464\/revisions\/24260"}],"wp:featuredmedia":[{"embeddable":true,"href":"https:\/\/swisssabers.ch\/fr\/wp-json\/wp\/v2\/media\/15813"}],"wp:attachment":[{"href":"https:\/\/swisssabers.ch\/fr\/wp-json\/wp\/v2\/media?parent=16464"}],"wp:term":[{"taxonomy":"produkt-filter","embeddable":true,"href":"https:\/\/swisssabers.ch\/fr\/wp-json\/wp\/v2\/produkt-filter?post=16464"},{"taxonomy":"product_brand","embeddable":true,"href":"https:\/\/swisssabers.ch\/fr\/wp-json\/wp\/v2\/product_brand?post=16464"},{"taxonomy":"product_cat","embeddable":true,"href":"https:\/\/swisssabers.ch\/fr\/wp-json\/wp\/v2\/product_cat?post=16464"},{"taxonomy":"product_tag","embeddable":true,"href":"https:\/\/swisssabers.ch\/fr\/wp-json\/wp\/v2\/product_tag?post=16464"}],"curies":[{"name":"wp","href":"https:\/\/api.w.org\/{rel}","templated":true}]}}