{"id":16468,"date":"2024-08-21T19:48:40","date_gmt":"2024-08-21T17:48:40","guid":{"rendered":"https:\/\/swisssabers.ch\/shop\/boucle-de-ceinture-pour-sabre-laser-kylo-ren\/"},"modified":"2025-07-02T00:08:09","modified_gmt":"2025-07-01T22:08:09","slug":"guertelschnalle-fuer-kylo-ren-lichtschwert-2","status":"publish","type":"product","link":"https:\/\/swisssabers.ch\/fr\/boutique\/guertelschnalle-fuer-kylo-ren-lichtschwert-2\/","title":{"rendered":"Boucle de Ceinture Sabre Laser Kylo Ren"},"content":{"rendered":"<p>Gadget optionnel pour les sabres laser. La boucle de ceinture peut \u00eatre attach\u00e9e \u00e0 n&#8217;importe quelle ceinture ordinaire pour pouvoir porter confortablement un sabre laser sur la hanche. <\/p>\n<p>Aucune ceinture n&#8217;est fournie.  <strong>Cette boucle de ceinture est uniquement compatible avec le sabre laser Kylo Ren.<\/strong><\/p>\n","protected":false},"excerpt":{"rendered":"<p>Gadget optionnel pour les sabres laser. La boucle de ceinture peut \u00eatre attach\u00e9e \u00e0 n&#8217;importe quelle ceinture ordinaire pour pouvoir porter confortablement un sabre laser sur la hanche. Aucune ceinture n&#8217;est fournie. Cette boucle de ceinture est uniquement compatible avec le sabre laser Kylo Ren.<\/p>\n","protected":false},"featured_media":15771,"template":"","meta":{"_acf_changed":false,"wds_primary_product_brand":0,"wds_primary_product_cat":0},"produkt-filter":[431],"product_brand":[],"product_cat":[341],"product_tag":[],"class_list":{"0":"post-16468","1":"product","2":"type-product","3":"status-publish","4":"has-post-thumbnail","6":"produkt-filter-zubehoer-fr","7":"product_cat-accessoires","9":"first","10":"instock","11":"sale","12":"taxable","13":"shipping-taxable","14":"purchasable","15":"product-type-simple"},"acf":[],"wcpa_form_fields":null,"_links":{"self":[{"href":"https:\/\/swisssabers.ch\/fr\/wp-json\/wp\/v2\/product\/16468","targetHints":{"allow":["GET"]}}],"collection":[{"href":"https:\/\/swisssabers.ch\/fr\/wp-json\/wp\/v2\/product"}],"about":[{"href":"https:\/\/swisssabers.ch\/fr\/wp-json\/wp\/v2\/types\/product"}],"version-history":[{"count":4,"href":"https:\/\/swisssabers.ch\/fr\/wp-json\/wp\/v2\/product\/16468\/revisions"}],"predecessor-version":[{"id":24261,"href":"https:\/\/swisssabers.ch\/fr\/wp-json\/wp\/v2\/product\/16468\/revisions\/24261"}],"wp:featuredmedia":[{"embeddable":true,"href":"https:\/\/swisssabers.ch\/fr\/wp-json\/wp\/v2\/media\/15771"}],"wp:attachment":[{"href":"https:\/\/swisssabers.ch\/fr\/wp-json\/wp\/v2\/media?parent=16468"}],"wp:term":[{"taxonomy":"produkt-filter","embeddable":true,"href":"https:\/\/swisssabers.ch\/fr\/wp-json\/wp\/v2\/produkt-filter?post=16468"},{"taxonomy":"product_brand","embeddable":true,"href":"https:\/\/swisssabers.ch\/fr\/wp-json\/wp\/v2\/product_brand?post=16468"},{"taxonomy":"product_cat","embeddable":true,"href":"https:\/\/swisssabers.ch\/fr\/wp-json\/wp\/v2\/product_cat?post=16468"},{"taxonomy":"product_tag","embeddable":true,"href":"https:\/\/swisssabers.ch\/fr\/wp-json\/wp\/v2\/product_tag?post=16468"}],"curies":[{"name":"wp","href":"https:\/\/api.w.org\/{rel}","templated":true}]}}