{"id":16486,"date":"2023-12-28T23:13:46","date_gmt":"2023-12-28T22:13:46","guid":{"rendered":"https:\/\/swisssabers.ch\/shop\/blade-plug-pour-emetteur-de-sabre-laser-argent\/"},"modified":"2025-10-27T11:10:33","modified_gmt":"2025-10-27T10:10:33","slug":"blade-plug-pour-emetteur-de-sabre-laser-argent","status":"publish","type":"product","link":"https:\/\/swisssabers.ch\/fr\/boutique\/blade-plug-pour-emetteur-de-sabre-laser-argent\/","title":{"rendered":"Blade Plug \u00c9metteur Sabre Laser | Argent"},"content":{"rendered":"<p>Gadget optionnel pour les sabres laser. Le plug peut \u00eatre ins\u00e9r\u00e9 dans l&#8217;\u00e9metteur pour donner au sabre laser un look digne d&#8217;un film. Il sert aussi \u00e0 prot\u00e9ger les broches des sabres laser \u00e0 pixels.  <\/p>\n<p><em><strong>Le plug convient aussi bien aux sabres laser RGB qu&#8217;aux sabres laser \u00e0 pixels.<\/strong><\/em><\/p>\n","protected":false},"excerpt":{"rendered":"<p>Gadget optionnel pour les sabres laser. Le plug peut \u00eatre ins\u00e9r\u00e9 dans l&#8217;\u00e9metteur pour donner au sabre laser un look digne d&#8217;un film. Il sert aussi \u00e0 prot\u00e9ger les broches des sabres laser \u00e0 pixels. Le plug convient aussi bien aux sabres laser RGB qu&#8217;aux sabres laser \u00e0 pixels.<\/p>\n","protected":false},"featured_media":14526,"template":"","meta":{"_acf_changed":false,"wds_primary_product_brand":0,"wds_primary_product_cat":0},"produkt-filter":[431],"product_brand":[],"product_cat":[341],"product_tag":[],"class_list":{"0":"post-16486","1":"product","2":"type-product","3":"status-publish","4":"has-post-thumbnail","6":"produkt-filter-zubehoer-fr","7":"product_cat-accessoires","8":"pa_durchmesser-1-2-54-cm-standard-fr","9":"pa_durchmesser-7-8-2-22-cm-mince","10":"pa_farbe-argent","11":"pa_farbe-schwarz-fr","13":"first","14":"instock","15":"sale","16":"taxable","17":"shipping-taxable","18":"purchasable","19":"product-type-variable"},"acf":[],"wcpa_form_fields":null,"_links":{"self":[{"href":"https:\/\/swisssabers.ch\/fr\/wp-json\/wp\/v2\/product\/16486","targetHints":{"allow":["GET"]}}],"collection":[{"href":"https:\/\/swisssabers.ch\/fr\/wp-json\/wp\/v2\/product"}],"about":[{"href":"https:\/\/swisssabers.ch\/fr\/wp-json\/wp\/v2\/types\/product"}],"version-history":[{"count":3,"href":"https:\/\/swisssabers.ch\/fr\/wp-json\/wp\/v2\/product\/16486\/revisions"}],"predecessor-version":[{"id":24267,"href":"https:\/\/swisssabers.ch\/fr\/wp-json\/wp\/v2\/product\/16486\/revisions\/24267"}],"wp:featuredmedia":[{"embeddable":true,"href":"https:\/\/swisssabers.ch\/fr\/wp-json\/wp\/v2\/media\/14526"}],"wp:attachment":[{"href":"https:\/\/swisssabers.ch\/fr\/wp-json\/wp\/v2\/media?parent=16486"}],"wp:term":[{"taxonomy":"produkt-filter","embeddable":true,"href":"https:\/\/swisssabers.ch\/fr\/wp-json\/wp\/v2\/produkt-filter?post=16486"},{"taxonomy":"product_brand","embeddable":true,"href":"https:\/\/swisssabers.ch\/fr\/wp-json\/wp\/v2\/product_brand?post=16486"},{"taxonomy":"product_cat","embeddable":true,"href":"https:\/\/swisssabers.ch\/fr\/wp-json\/wp\/v2\/product_cat?post=16486"},{"taxonomy":"product_tag","embeddable":true,"href":"https:\/\/swisssabers.ch\/fr\/wp-json\/wp\/v2\/product_tag?post=16486"}],"curies":[{"name":"wp","href":"https:\/\/api.w.org\/{rel}","templated":true}]}}