{"id":16489,"date":"2024-01-02T12:41:07","date_gmt":"2024-01-02T11:41:07","guid":{"rendered":"https:\/\/swisssabers.ch\/shop\/chargeur-pour-batteries-outil\/"},"modified":"2026-03-31T16:38:40","modified_gmt":"2026-03-31T14:38:40","slug":"ladegeraet","status":"publish","type":"product","link":"https:\/\/swisssabers.ch\/fr\/boutique\/ladegeraet\/","title":{"rendered":"Chargeur pour Batteries | Universel"},"content":{"rendered":"<p>Le chargeur de batterie externe est la solution parfaite pour recharger les batteries profond\u00e9ment d\u00e9charg\u00e9es. Branche la batterie sur le ressort &#8211; le voyant s&#8217;allume en rouge pendant le processus de charge et en vert lorsque la batterie est pleine (4,2 V). Si le voyant s&#8217;allume imm\u00e9diatement en vert, coupe bri\u00e8vement le contact avec la batterie pour d\u00e9marrer le processus de chargement.  <\/p>\n<p>Remarque : tous nos sabres laser peuvent \u00eatre recharg\u00e9s directement, sans avoir \u00e0 retirer la batterie. Ce chargeur est con\u00e7u pour recharger une batterie s\u00e9par\u00e9e. <\/p>\n<p>Attention : <strong>un chargeur de batterie est d\u00e9j\u00e0 fourni avec chaque commande de sabre laser<\/strong>. Ce chargeur sert uniquement de remplacement. <\/p>\n","protected":false},"excerpt":{"rendered":"<p>Le chargeur de batterie externe est la solution parfaite pour recharger les batteries profond\u00e9ment d\u00e9charg\u00e9es. Branche la batterie sur le ressort &#8211; le voyant s&#8217;allume en rouge pendant le processus de charge et en vert lorsque la batterie est pleine (4,2 V). Si le voyant s&#8217;allume imm\u00e9diatement en vert, coupe bri\u00e8vement le contact avec la [&hellip;]<\/p>\n","protected":false},"featured_media":21833,"template":"","meta":{"_acf_changed":false,"wds_primary_product_brand":0,"wds_primary_product_cat":0},"produkt-filter":[431],"product_brand":[],"product_cat":[341],"product_tag":[],"class_list":{"0":"post-16489","1":"product","2":"type-product","3":"status-publish","4":"has-post-thumbnail","6":"produkt-filter-zubehoer-fr","7":"product_cat-accessoires","9":"first","10":"instock","11":"taxable","12":"shipping-taxable","13":"purchasable","14":"product-type-simple"},"acf":[],"wcpa_form_fields":null,"_links":{"self":[{"href":"https:\/\/swisssabers.ch\/fr\/wp-json\/wp\/v2\/product\/16489","targetHints":{"allow":["GET"]}}],"collection":[{"href":"https:\/\/swisssabers.ch\/fr\/wp-json\/wp\/v2\/product"}],"about":[{"href":"https:\/\/swisssabers.ch\/fr\/wp-json\/wp\/v2\/types\/product"}],"version-history":[{"count":4,"href":"https:\/\/swisssabers.ch\/fr\/wp-json\/wp\/v2\/product\/16489\/revisions"}],"predecessor-version":[{"id":24268,"href":"https:\/\/swisssabers.ch\/fr\/wp-json\/wp\/v2\/product\/16489\/revisions\/24268"}],"wp:featuredmedia":[{"embeddable":true,"href":"https:\/\/swisssabers.ch\/fr\/wp-json\/wp\/v2\/media\/21833"}],"wp:attachment":[{"href":"https:\/\/swisssabers.ch\/fr\/wp-json\/wp\/v2\/media?parent=16489"}],"wp:term":[{"taxonomy":"produkt-filter","embeddable":true,"href":"https:\/\/swisssabers.ch\/fr\/wp-json\/wp\/v2\/produkt-filter?post=16489"},{"taxonomy":"product_brand","embeddable":true,"href":"https:\/\/swisssabers.ch\/fr\/wp-json\/wp\/v2\/product_brand?post=16489"},{"taxonomy":"product_cat","embeddable":true,"href":"https:\/\/swisssabers.ch\/fr\/wp-json\/wp\/v2\/product_cat?post=16489"},{"taxonomy":"product_tag","embeddable":true,"href":"https:\/\/swisssabers.ch\/fr\/wp-json\/wp\/v2\/product_tag?post=16489"}],"curies":[{"name":"wp","href":"https:\/\/api.w.org\/{rel}","templated":true}]}}