{"id":16492,"date":"2023-12-28T23:30:47","date_gmt":"2023-12-28T22:30:47","guid":{"rendered":"https:\/\/swisssabers.ch\/shop\/blade-plug-pour-emetteur-de-sabre-laser-avec-symbole-7-8\/"},"modified":"2025-07-02T00:09:19","modified_gmt":"2025-07-01T22:09:19","slug":"blade-plug-pour-emetteur-de-sabre-laser-avec-symbole-7-8","status":"publish","type":"product","link":"https:\/\/swisssabers.ch\/fr\/boutique\/blade-plug-pour-emetteur-de-sabre-laser-avec-symbole-7-8\/","title":{"rendered":"Blade Plug \u00c9metteur Sabre Laser | Avec\n  Symbole (7\/8&#8243;)"},"content":{"rendered":"<p>Gadget optionnel pour les sabres laser. Le plug peut \u00eatre ins\u00e9r\u00e9 dans l&#8217;\u00e9metteur pour donner au sabre laser un look digne d&#8217;un film. Il sert aussi \u00e0 prot\u00e9ger les broches des sabres laser \u00e0 pixels.  <\/p>\n<p><em><strong>Le plug convient aussi bien aux sabres laser RGB qu&#8217;aux sabres laser \u00e0 pixels.<\/strong><\/em><\/p>\n<p>&nbsp;<\/p>\n<p>Compatibilit\u00e9 : uniquement pour les sabres laser avec un diam\u00e8tre de lame de 7\/8\u2033 (2,22 cm)<\/p>\n","protected":false},"excerpt":{"rendered":"<p>Gadget optionnel pour les sabres laser. Le plug peut \u00eatre ins\u00e9r\u00e9 dans l&#8217;\u00e9metteur pour donner au sabre laser un look digne d&#8217;un film. Il sert aussi \u00e0 prot\u00e9ger les broches des sabres laser \u00e0 pixels. Le plug convient aussi bien aux sabres laser RGB qu&#8217;aux sabres laser \u00e0 pixels. &nbsp; Compatibilit\u00e9 : uniquement pour les [&hellip;]<\/p>\n","protected":false},"featured_media":14538,"template":"","meta":{"_acf_changed":false,"wds_primary_product_brand":0,"wds_primary_product_cat":0},"produkt-filter":[431],"product_brand":[],"product_cat":[341],"product_tag":[],"class_list":{"0":"post-16492","1":"product","2":"type-product","3":"status-publish","4":"has-post-thumbnail","6":"produkt-filter-zubehoer-fr","7":"product_cat-accessoires","8":"pa_farbe-bleu","9":"pa_farbe-bronze-fr","10":"pa_farbe-rouge","12":"first","13":"instock","14":"sale","15":"taxable","16":"shipping-taxable","17":"purchasable","18":"product-type-variable"},"acf":[],"wcpa_form_fields":null,"_links":{"self":[{"href":"https:\/\/swisssabers.ch\/fr\/wp-json\/wp\/v2\/product\/16492","targetHints":{"allow":["GET"]}}],"collection":[{"href":"https:\/\/swisssabers.ch\/fr\/wp-json\/wp\/v2\/product"}],"about":[{"href":"https:\/\/swisssabers.ch\/fr\/wp-json\/wp\/v2\/types\/product"}],"version-history":[{"count":3,"href":"https:\/\/swisssabers.ch\/fr\/wp-json\/wp\/v2\/product\/16492\/revisions"}],"predecessor-version":[{"id":24269,"href":"https:\/\/swisssabers.ch\/fr\/wp-json\/wp\/v2\/product\/16492\/revisions\/24269"}],"wp:featuredmedia":[{"embeddable":true,"href":"https:\/\/swisssabers.ch\/fr\/wp-json\/wp\/v2\/media\/14538"}],"wp:attachment":[{"href":"https:\/\/swisssabers.ch\/fr\/wp-json\/wp\/v2\/media?parent=16492"}],"wp:term":[{"taxonomy":"produkt-filter","embeddable":true,"href":"https:\/\/swisssabers.ch\/fr\/wp-json\/wp\/v2\/produkt-filter?post=16492"},{"taxonomy":"product_brand","embeddable":true,"href":"https:\/\/swisssabers.ch\/fr\/wp-json\/wp\/v2\/product_brand?post=16492"},{"taxonomy":"product_cat","embeddable":true,"href":"https:\/\/swisssabers.ch\/fr\/wp-json\/wp\/v2\/product_cat?post=16492"},{"taxonomy":"product_tag","embeddable":true,"href":"https:\/\/swisssabers.ch\/fr\/wp-json\/wp\/v2\/product_tag?post=16492"}],"curies":[{"name":"wp","href":"https:\/\/api.w.org\/{rel}","templated":true}]}}