{"id":16506,"date":"2024-04-05T15:00:57","date_gmt":"2024-04-05T13:00:57","guid":{"rendered":"https:\/\/swisssabers.ch\/shop\/manteau-cape-de-jedi\/"},"modified":"2026-02-26T20:00:46","modified_gmt":"2026-02-26T19:00:46","slug":"jedi-mantel-umhang","status":"publish","type":"product","link":"https:\/\/swisssabers.ch\/fr\/boutique\/jedi-mantel-umhang\/","title":{"rendered":"Manteau Jedi | Cape | Cape"},"content":{"rendered":"<p>Couvre-toi sous la cape classique marron fonc\u00e9 des Jedi avec une capuche profonde et large et des manches longues. Elle est tr\u00e8s g\u00e9n\u00e9reuse et large, ce qui te fait sentir comme un vrai Jedi. Le tissu lourd et de haute qualit\u00e9 donne une sensation authentique. Id\u00e9al pour les cosplayers, les conventions, les soir\u00e9es d\u00e9guis\u00e9es ou comme cadeau unique pour un fan de Star Wars.   <\/p>\n<p>Deux tailles sont disponibles (S et L), qui ne diff\u00e8rent que par leur longueur. Nous recommandons la taille <strong>S<\/strong> pour les personnes mesurant <strong>moins de 180 cm<\/strong> et la taille <strong>L pour les <\/strong>personnes <strong>mesurant plus de 180 cm<\/strong>. <\/p>\n<p>S&#8217;il te pla\u00eet, fais attention : Ce produit ne comprend que le manteau. La cape n&#8217;est pas incluse. Tunique, ceinture et bottes.  <\/p>\n<ul>\n<li><strong>couleur :<\/strong> marron fonc\u00e9<\/li>\n<li><strong>Tissu<\/strong>: 65% coton, 35% polyester<\/li>\n<li><strong>Poids<\/strong>: environ 2 kg<\/li>\n<li>Fabriqu\u00e9 en Europe (production propre)<\/li>\n<\/ul>\n<p>&nbsp;<\/p>\n","protected":false},"excerpt":{"rendered":"<p>Couvre-toi sous la cape classique marron fonc\u00e9 des Jedi avec une capuche profonde et large et des manches longues. Elle est tr\u00e8s g\u00e9n\u00e9reuse et large, ce qui te fait sentir comme un vrai Jedi. Le tissu lourd et de haute qualit\u00e9 donne une sensation authentique. Id\u00e9al pour les cosplayers, les conventions, les soir\u00e9es d\u00e9guis\u00e9es ou [&hellip;]<\/p>\n","protected":false},"featured_media":15840,"template":"","meta":{"_acf_changed":false,"wds_primary_product_brand":0,"wds_primary_product_cat":0},"produkt-filter":[429],"product_brand":[],"product_cat":[349,370,361,358],"product_tag":[],"class_list":{"0":"post-16506","1":"product","2":"type-product","3":"status-publish","4":"has-post-thumbnail","6":"produkt-filter-cosplay-fr","7":"product_cat-cosplay-fr","8":"product_cat-cosplay-helle-seite-fr","9":"product_cat-startseite-cosplay-fr","10":"product_cat-cosplay-empfehlung-fr","11":"pa_groesse-s-fr","12":"pa_groesse-l-fr","14":"first","15":"instock","16":"taxable","17":"shipping-taxable","18":"purchasable","19":"product-type-variable"},"acf":[],"wcpa_form_fields":null,"_links":{"self":[{"href":"https:\/\/swisssabers.ch\/fr\/wp-json\/wp\/v2\/product\/16506","targetHints":{"allow":["GET"]}}],"collection":[{"href":"https:\/\/swisssabers.ch\/fr\/wp-json\/wp\/v2\/product"}],"about":[{"href":"https:\/\/swisssabers.ch\/fr\/wp-json\/wp\/v2\/types\/product"}],"version-history":[{"count":4,"href":"https:\/\/swisssabers.ch\/fr\/wp-json\/wp\/v2\/product\/16506\/revisions"}],"predecessor-version":[{"id":26577,"href":"https:\/\/swisssabers.ch\/fr\/wp-json\/wp\/v2\/product\/16506\/revisions\/26577"}],"wp:featuredmedia":[{"embeddable":true,"href":"https:\/\/swisssabers.ch\/fr\/wp-json\/wp\/v2\/media\/15840"}],"wp:attachment":[{"href":"https:\/\/swisssabers.ch\/fr\/wp-json\/wp\/v2\/media?parent=16506"}],"wp:term":[{"taxonomy":"produkt-filter","embeddable":true,"href":"https:\/\/swisssabers.ch\/fr\/wp-json\/wp\/v2\/produkt-filter?post=16506"},{"taxonomy":"product_brand","embeddable":true,"href":"https:\/\/swisssabers.ch\/fr\/wp-json\/wp\/v2\/product_brand?post=16506"},{"taxonomy":"product_cat","embeddable":true,"href":"https:\/\/swisssabers.ch\/fr\/wp-json\/wp\/v2\/product_cat?post=16506"},{"taxonomy":"product_tag","embeddable":true,"href":"https:\/\/swisssabers.ch\/fr\/wp-json\/wp\/v2\/product_tag?post=16506"}],"curies":[{"name":"wp","href":"https:\/\/api.w.org\/{rel}","templated":true}]}}