{"id":16509,"date":"2024-04-05T15:00:59","date_gmt":"2024-04-05T13:00:59","guid":{"rendered":"https:\/\/swisssabers.ch\/shop\/tunique-de-jedi\/"},"modified":"2025-12-03T14:01:34","modified_gmt":"2025-12-03T13:01:34","slug":"jedi-tunika","status":"publish","type":"product","link":"https:\/\/swisssabers.ch\/fr\/boutique\/jedi-tunika\/","title":{"rendered":"Tunique | Jedi | 3 pi\u00e8ces"},"content":{"rendered":"<p style=\"text-align: left;\">Avec notre tunique Jedi exclusive, la force est avec toi ! Fabriqu\u00e9e dans un tissu soigneusement s\u00e9lectionn\u00e9 avec une magnifique texture, la tunique offre non seulement un look \u00e9poustouflant, mais aussi une sensation de l\u00e9g\u00e8ret\u00e9 et de confort. Notre tunique unique, inspir\u00e9e par Obi-Wan Kenobi, te transforme en chevalier Jedi dans les moindres d\u00e9tails.  <\/p>\n<p style=\"text-align: left;\">La tunique se compose de trois parties : Le haut, le pantalon et la ceinture en tissu. La partie sup\u00e9rieure se ferme de mani\u00e8re variable gr\u00e2ce \u00e0 trois boutons pression cach\u00e9s au niveau du nombril. La ceinture en tissu s&#8217;enroule autour du ventre et se ferme \u00e0 l&#8217;arri\u00e8re \u00e0 l&#8217;aide de boutons pression. Le tissu est tr\u00e8s extensible et convient donc \u00e0 tous les types de corps.    Une cape assortie, une ceinture en cuir et des bottes en cuir peuvent \u00eatre command\u00e9es pour compl\u00e9ter le look (non re\u00e7ues dans ce produit).<\/p>\n<p style=\"text-align: left;\">La tunique est tr\u00e8s grande et large pour donner un look confortable. Trois tailles sont disponibles : S, M et L. Nous recommandons (\u00e0 titre indicatif seulement) : <\/p>\n<p style=\"text-align: left; padding-left: 40px;\"><strong>S pour les personnes mesurant jusqu&#8217;\u00e0 170 cm<\/strong><\/p>\n<p style=\"text-align: left; padding-left: 40px;\"><strong>M pour les personnes mesurant entre 170 et 185 cm<\/strong><\/p>\n<p style=\"text-align: left; padding-left: 40px;\"><strong>L pour les personnes mesurant plus de 185 cm<\/strong><\/p>\n<p><em>Remarque : les tailles pour la tunique ne sont pas des tailles standard ! En raison de la coupe ample et d\u00e9contract\u00e9e, nous nous basons principalement sur la taille du corps pour les indications de taille. <\/em><\/p>\n<p style=\"text-align: left;\"><strong>couleur<\/strong>: beige<\/p>\n<p style=\"text-align: left;\"><strong>Tissu<\/strong>: 100 % polyester<\/p>\n<p><strong>Poids<\/strong>: environ 1 kg<\/p>\n","protected":false},"excerpt":{"rendered":"<p>Avec notre tunique Jedi exclusive, la force est avec toi ! Fabriqu\u00e9e dans un tissu soigneusement s\u00e9lectionn\u00e9 avec une magnifique texture, la tunique offre non seulement un look \u00e9poustouflant, mais aussi une sensation de l\u00e9g\u00e8ret\u00e9 et de confort. Notre tunique unique, inspir\u00e9e par Obi-Wan Kenobi, te transforme en chevalier Jedi dans les moindres d\u00e9tails. La [&hellip;]<\/p>\n","protected":false},"featured_media":15861,"template":"","meta":{"_acf_changed":false,"wds_primary_product_brand":0,"wds_primary_product_cat":0},"produkt-filter":[429],"product_brand":[],"product_cat":[349,370,361,358],"product_tag":[],"class_list":{"0":"post-16509","1":"product","2":"type-product","3":"status-publish","4":"has-post-thumbnail","6":"produkt-filter-cosplay-fr","7":"product_cat-cosplay-fr","8":"product_cat-cosplay-helle-seite-fr","9":"product_cat-startseite-cosplay-fr","10":"product_cat-cosplay-empfehlung-fr","11":"pa_groesse-s-fr","12":"pa_groesse-m-fr","13":"pa_groesse-l-fr","14":"pa_groesse-xl-fr","16":"first","17":"instock","18":"taxable","19":"shipping-taxable","20":"purchasable","21":"product-type-variable"},"acf":[],"wcpa_form_fields":null,"_links":{"self":[{"href":"https:\/\/swisssabers.ch\/fr\/wp-json\/wp\/v2\/product\/16509","targetHints":{"allow":["GET"]}}],"collection":[{"href":"https:\/\/swisssabers.ch\/fr\/wp-json\/wp\/v2\/product"}],"about":[{"href":"https:\/\/swisssabers.ch\/fr\/wp-json\/wp\/v2\/types\/product"}],"version-history":[{"count":3,"href":"https:\/\/swisssabers.ch\/fr\/wp-json\/wp\/v2\/product\/16509\/revisions"}],"predecessor-version":[{"id":26582,"href":"https:\/\/swisssabers.ch\/fr\/wp-json\/wp\/v2\/product\/16509\/revisions\/26582"}],"wp:featuredmedia":[{"embeddable":true,"href":"https:\/\/swisssabers.ch\/fr\/wp-json\/wp\/v2\/media\/15861"}],"wp:attachment":[{"href":"https:\/\/swisssabers.ch\/fr\/wp-json\/wp\/v2\/media?parent=16509"}],"wp:term":[{"taxonomy":"produkt-filter","embeddable":true,"href":"https:\/\/swisssabers.ch\/fr\/wp-json\/wp\/v2\/produkt-filter?post=16509"},{"taxonomy":"product_brand","embeddable":true,"href":"https:\/\/swisssabers.ch\/fr\/wp-json\/wp\/v2\/product_brand?post=16509"},{"taxonomy":"product_cat","embeddable":true,"href":"https:\/\/swisssabers.ch\/fr\/wp-json\/wp\/v2\/product_cat?post=16509"},{"taxonomy":"product_tag","embeddable":true,"href":"https:\/\/swisssabers.ch\/fr\/wp-json\/wp\/v2\/product_tag?post=16509"}],"curies":[{"name":"wp","href":"https:\/\/api.w.org\/{rel}","templated":true}]}}