{"id":16529,"date":"2024-04-23T22:52:15","date_gmt":"2024-04-23T20:52:15","guid":{"rendered":"https:\/\/swisssabers.ch\/shop\/beskar-ingot\/"},"modified":"2026-03-31T16:38:43","modified_gmt":"2026-03-31T14:38:43","slug":"beskar","status":"publish","type":"product","link":"https:\/\/swisssabers.ch\/fr\/boutique\/beskar\/","title":{"rendered":"Lingot de Beskar en M\u00e9tal"},"content":{"rendered":"<p data-start=\"64\" data-end=\"253\">Ce lingot de Beskar en m\u00e9tal convainc par son design authentique, ses gravures pr\u00e9cises et sa finition de qualit\u00e9. Son poids r\u00e9aliste et ses couleurs d\u00e9taill\u00e9es en font un objet de collection unique. <\/p>\n<p>Couleur : gris<br \/>\nPoids : 160 g<br \/>\nDimensions : 90 mm x 50 mm x 3 mm<\/p>\n","protected":false},"excerpt":{"rendered":"<p>Ce lingot de Beskar en m\u00e9tal convainc par son design authentique, ses gravures pr\u00e9cises et sa finition de qualit\u00e9. Son poids r\u00e9aliste et ses couleurs d\u00e9taill\u00e9es en font un objet de collection unique. Couleur : gris Poids : 160 g Dimensions : 90 mm x 50 mm x 3 mm<\/p>\n","protected":false},"featured_media":14898,"template":"","meta":{"_acf_changed":false,"wds_primary_product_brand":0,"wds_primary_product_cat":0},"produkt-filter":[429,431],"product_brand":[],"product_cat":[341,727,349],"product_tag":[],"class_list":{"0":"post-16529","1":"product","2":"type-product","3":"status-publish","4":"has-post-thumbnail","6":"produkt-filter-cosplay-fr","7":"produkt-filter-zubehoer-fr","8":"product_cat-accessoires","9":"product_cat-accessoires-product-feed","10":"product_cat-cosplay-fr","12":"first","13":"instock","14":"sale","15":"taxable","16":"shipping-taxable","17":"purchasable","18":"product-type-variable"},"acf":[],"wcpa_form_fields":null,"_links":{"self":[{"href":"https:\/\/swisssabers.ch\/fr\/wp-json\/wp\/v2\/product\/16529","targetHints":{"allow":["GET"]}}],"collection":[{"href":"https:\/\/swisssabers.ch\/fr\/wp-json\/wp\/v2\/product"}],"about":[{"href":"https:\/\/swisssabers.ch\/fr\/wp-json\/wp\/v2\/types\/product"}],"version-history":[{"count":4,"href":"https:\/\/swisssabers.ch\/fr\/wp-json\/wp\/v2\/product\/16529\/revisions"}],"predecessor-version":[{"id":24281,"href":"https:\/\/swisssabers.ch\/fr\/wp-json\/wp\/v2\/product\/16529\/revisions\/24281"}],"wp:featuredmedia":[{"embeddable":true,"href":"https:\/\/swisssabers.ch\/fr\/wp-json\/wp\/v2\/media\/14898"}],"wp:attachment":[{"href":"https:\/\/swisssabers.ch\/fr\/wp-json\/wp\/v2\/media?parent=16529"}],"wp:term":[{"taxonomy":"produkt-filter","embeddable":true,"href":"https:\/\/swisssabers.ch\/fr\/wp-json\/wp\/v2\/produkt-filter?post=16529"},{"taxonomy":"product_brand","embeddable":true,"href":"https:\/\/swisssabers.ch\/fr\/wp-json\/wp\/v2\/product_brand?post=16529"},{"taxonomy":"product_cat","embeddable":true,"href":"https:\/\/swisssabers.ch\/fr\/wp-json\/wp\/v2\/product_cat?post=16529"},{"taxonomy":"product_tag","embeddable":true,"href":"https:\/\/swisssabers.ch\/fr\/wp-json\/wp\/v2\/product_tag?post=16529"}],"curies":[{"name":"wp","href":"https:\/\/api.w.org\/{rel}","templated":true}]}}