{"id":16537,"date":"2024-05-20T22:08:26","date_gmt":"2024-05-20T20:08:26","guid":{"rendered":"https:\/\/swisssabers.ch\/shop\/support-mural-pour-sabre-laser-horizontal\/"},"modified":"2025-11-24T11:04:32","modified_gmt":"2025-11-24T10:04:32","slug":"support-mural-pour-sabre-laser-horizontal","status":"publish","type":"product","link":"https:\/\/swisssabers.ch\/fr\/boutique\/support-mural-pour-sabre-laser-horizontal\/","title":{"rendered":"Support Mural Sabre Laser | Horizontal |\n  Acrylique"},"content":{"rendered":"<p>Support mural transparent pour sabres laser. Compatible avec tous les sabres laser de la boutique (\u00e0 l&#8217;exception de Darksaber, qui ne convient pas parfaitement en raison de sa lame \u00e9troite). Peut \u00eatre ajust\u00e9 en hauteur pour compenser les trous impr\u00e9cis. Contenu de la livraison : 2x support en acrylique, 4x support en m\u00e9tal, 4x vis, 4x chevilles Mat\u00e9riaux : acrylique (support), m\u00e9tal (supports et vis) <\/p>\n","protected":false},"excerpt":{"rendered":"<p>Support mural transparent pour sabres laser. Compatible avec tous les sabres laser de la boutique (\u00e0 l&#8217;exception de Darksaber, qui ne convient pas parfaitement en raison de sa lame \u00e9troite). Peut \u00eatre ajust\u00e9 en hauteur pour compenser les trous impr\u00e9cis. Contenu de la livraison : 2x support en acrylique, 4x support en m\u00e9tal, 4x vis, [&hellip;]<\/p>\n","protected":false},"featured_media":29188,"template":"","meta":{"_acf_changed":false,"wds_primary_product_brand":0,"wds_primary_product_cat":0},"produkt-filter":[431],"product_brand":[],"product_cat":[341],"product_tag":[],"class_list":{"0":"post-16537","1":"product","2":"type-product","3":"status-publish","4":"has-post-thumbnail","6":"produkt-filter-zubehoer-fr","7":"product_cat-accessoires","9":"first","10":"instock","11":"taxable","12":"shipping-taxable","13":"purchasable","14":"product-type-simple"},"acf":[],"wcpa_form_fields":null,"_links":{"self":[{"href":"https:\/\/swisssabers.ch\/fr\/wp-json\/wp\/v2\/product\/16537","targetHints":{"allow":["GET"]}}],"collection":[{"href":"https:\/\/swisssabers.ch\/fr\/wp-json\/wp\/v2\/product"}],"about":[{"href":"https:\/\/swisssabers.ch\/fr\/wp-json\/wp\/v2\/types\/product"}],"version-history":[{"count":3,"href":"https:\/\/swisssabers.ch\/fr\/wp-json\/wp\/v2\/product\/16537\/revisions"}],"predecessor-version":[{"id":24283,"href":"https:\/\/swisssabers.ch\/fr\/wp-json\/wp\/v2\/product\/16537\/revisions\/24283"}],"wp:featuredmedia":[{"embeddable":true,"href":"https:\/\/swisssabers.ch\/fr\/wp-json\/wp\/v2\/media\/29188"}],"wp:attachment":[{"href":"https:\/\/swisssabers.ch\/fr\/wp-json\/wp\/v2\/media?parent=16537"}],"wp:term":[{"taxonomy":"produkt-filter","embeddable":true,"href":"https:\/\/swisssabers.ch\/fr\/wp-json\/wp\/v2\/produkt-filter?post=16537"},{"taxonomy":"product_brand","embeddable":true,"href":"https:\/\/swisssabers.ch\/fr\/wp-json\/wp\/v2\/product_brand?post=16537"},{"taxonomy":"product_cat","embeddable":true,"href":"https:\/\/swisssabers.ch\/fr\/wp-json\/wp\/v2\/product_cat?post=16537"},{"taxonomy":"product_tag","embeddable":true,"href":"https:\/\/swisssabers.ch\/fr\/wp-json\/wp\/v2\/product_tag?post=16537"}],"curies":[{"name":"wp","href":"https:\/\/api.w.org\/{rel}","templated":true}]}}