{"id":16539,"date":"2024-06-03T22:01:08","date_gmt":"2024-06-03T20:01:08","guid":{"rendered":"https:\/\/swisssabers.ch\/shop\/bottes-jedi\/"},"modified":"2026-01-16T13:10:35","modified_gmt":"2026-01-16T12:10:35","slug":"jedi-stiefel","status":"publish","type":"product","link":"https:\/\/swisssabers.ch\/fr\/boutique\/jedi-stiefel\/","title":{"rendered":"Bottes Jedi | cuir v\u00e9ritable | marron"},"content":{"rendered":"<p>Compl\u00e8te ta tenue de Jedi avec nos bottes exclusives en cuir, inspir\u00e9es par Obi-Wan Kenobi. Ces bottes sont robustes, confortables et constituent l&#8217;accessoire parfait pour le cosplay, les conventions ou les soir\u00e9es Star Wars. <\/p>\n<p>Gr\u00e2ce au rembourrage int\u00e9rieur doux, elles sont agr\u00e9ables \u00e0 porter, m\u00eame pendant de longues heures. En marron classique, les bottes s&#8217;accordent parfaitement avec une tunique jedi, un manteau et une ceinture et apportent la touche finale \u00e0 ton look. <\/p>\n<p><strong>D\u00e9tails du produit<\/strong>:<\/p>\n<p>Mat\u00e9riel : cuir v\u00e9ritable<\/p>\n<p>Couleur : marron<\/p>\n<p>Rembourrage int\u00e9rieur : tissu<\/p>\n<p>Semelle stable et confortable<\/p>\n<p>Le cuir est un produit naturel, la couleur et la texture peuvent donc varier l\u00e9g\u00e8rement.<\/p>\n<p><strong>Conseil d&#8217;entretien<\/strong>: traiter avec une cr\u00e8me d&#8217;entretien pour cuir disponible dans le commerce et suivre les instructions du produit d&#8217;entretien.<\/p>\n","protected":false},"excerpt":{"rendered":"<p>Compl\u00e8te ta tenue de Jedi avec nos bottes exclusives en cuir, inspir\u00e9es par Obi-Wan Kenobi. Ces bottes sont robustes, confortables et constituent l&#8217;accessoire parfait pour le cosplay, les conventions ou les soir\u00e9es Star Wars. Gr\u00e2ce au rembourrage int\u00e9rieur doux, elles sont agr\u00e9ables \u00e0 porter, m\u00eame pendant de longues heures. En marron classique, les bottes s&#8217;accordent [&hellip;]<\/p>\n","protected":false},"featured_media":15849,"template":"","meta":{"_acf_changed":false,"wds_primary_product_brand":0,"wds_primary_product_cat":0},"produkt-filter":[429],"product_brand":[],"product_cat":[349,370,361,358],"product_tag":[],"class_list":{"0":"post-16539","1":"product","2":"type-product","3":"status-publish","4":"has-post-thumbnail","6":"produkt-filter-cosplay-fr","7":"product_cat-cosplay-fr","8":"product_cat-cosplay-helle-seite-fr","9":"product_cat-startseite-cosplay-fr","10":"product_cat-cosplay-empfehlung-fr","11":"pa_groesse-38-fr","12":"pa_groesse-40-fr","13":"pa_groesse-42-fr","14":"pa_groesse-44-fr","15":"pa_groesse-46-fr","17":"first","18":"instock","19":"taxable","20":"shipping-taxable","21":"purchasable","22":"product-type-variable"},"acf":[],"wcpa_form_fields":null,"_links":{"self":[{"href":"https:\/\/swisssabers.ch\/fr\/wp-json\/wp\/v2\/product\/16539","targetHints":{"allow":["GET"]}}],"collection":[{"href":"https:\/\/swisssabers.ch\/fr\/wp-json\/wp\/v2\/product"}],"about":[{"href":"https:\/\/swisssabers.ch\/fr\/wp-json\/wp\/v2\/types\/product"}],"version-history":[{"count":4,"href":"https:\/\/swisssabers.ch\/fr\/wp-json\/wp\/v2\/product\/16539\/revisions"}],"predecessor-version":[{"id":30861,"href":"https:\/\/swisssabers.ch\/fr\/wp-json\/wp\/v2\/product\/16539\/revisions\/30861"}],"wp:featuredmedia":[{"embeddable":true,"href":"https:\/\/swisssabers.ch\/fr\/wp-json\/wp\/v2\/media\/15849"}],"wp:attachment":[{"href":"https:\/\/swisssabers.ch\/fr\/wp-json\/wp\/v2\/media?parent=16539"}],"wp:term":[{"taxonomy":"produkt-filter","embeddable":true,"href":"https:\/\/swisssabers.ch\/fr\/wp-json\/wp\/v2\/produkt-filter?post=16539"},{"taxonomy":"product_brand","embeddable":true,"href":"https:\/\/swisssabers.ch\/fr\/wp-json\/wp\/v2\/product_brand?post=16539"},{"taxonomy":"product_cat","embeddable":true,"href":"https:\/\/swisssabers.ch\/fr\/wp-json\/wp\/v2\/product_cat?post=16539"},{"taxonomy":"product_tag","embeddable":true,"href":"https:\/\/swisssabers.ch\/fr\/wp-json\/wp\/v2\/product_tag?post=16539"}],"curies":[{"name":"wp","href":"https:\/\/api.w.org\/{rel}","templated":true}]}}