{"id":16542,"date":"2024-05-30T11:33:15","date_gmt":"2024-05-30T09:33:15","guid":{"rendered":"https:\/\/swisssabers.ch\/shop\/bottes-dark-side\/"},"modified":"2025-09-17T11:47:33","modified_gmt":"2025-09-17T09:47:33","slug":"dark-side-stiefel","status":"publish","type":"product","link":"https:\/\/swisssabers.ch\/fr\/boutique\/dark-side-stiefel\/","title":{"rendered":"Bottes Dark Side | Cuir v\u00e9ritable | Noir"},"content":{"rendered":"<p>Compl\u00e8te ta tenue Sith avec nos bottes en cuir exclusives. Ces bottes sont robustes, confortables et constituent l&#8217;accessoire parfait pour le cosplay, les conventions ou les soir\u00e9es Star Wars. <\/p>\n<p>Gr\u00e2ce au rembourrage int\u00e9rieur doux, elles sont agr\u00e9ables \u00e0 porter, m\u00eame pendant de longues heures. Les bottes s&#8217;accordent parfaitement avec une tunique Dark Side, un manteau et une ceinture et apportent la touche finale \u00e0 ton look. <\/p>\n<p><strong>D\u00e9tails du produit<\/strong>:<\/p>\n<p>Mat\u00e9riel : cuir v\u00e9ritable<\/p>\n<p>Couleur : noir<\/p>\n<p>Rembourrage int\u00e9rieur : tissu<\/p>\n<p>Semelle stable et confortable<\/p>\n<p>Le cuir est un produit naturel, la couleur et la texture peuvent donc varier l\u00e9g\u00e8rement.<\/p>\n<p><strong>Conseil d&#8217;entretien<\/strong>: traiter avec une cr\u00e8me d&#8217;entretien pour cuir disponible dans le commerce et suivre les instructions du produit d&#8217;entretien.<\/p>\n","protected":false},"excerpt":{"rendered":"<p>Compl\u00e8te ta tenue Sith avec nos bottes en cuir exclusives. Ces bottes sont robustes, confortables et constituent l&#8217;accessoire parfait pour le cosplay, les conventions ou les soir\u00e9es Star Wars. Gr\u00e2ce au rembourrage int\u00e9rieur doux, elles sont agr\u00e9ables \u00e0 porter, m\u00eame pendant de longues heures. Les bottes s&#8217;accordent parfaitement avec une tunique Dark Side, un manteau [&hellip;]<\/p>\n","protected":false},"featured_media":15921,"template":"","meta":{"_acf_changed":false,"wds_primary_product_brand":0,"wds_primary_product_cat":0},"produkt-filter":[429],"product_brand":[],"product_cat":[349,372,361,358],"product_tag":[],"class_list":{"0":"post-16542","1":"product","2":"type-product","3":"status-publish","4":"has-post-thumbnail","6":"produkt-filter-cosplay-fr","7":"product_cat-cosplay-fr","8":"product_cat-cosplay-cote-obscur-fr","9":"product_cat-startseite-cosplay-fr","10":"product_cat-cosplay-empfehlung-fr","11":"pa_groesse-38-fr","12":"pa_groesse-40-fr","13":"pa_groesse-42-fr","14":"pa_groesse-44-fr","15":"pa_groesse-45-fr","16":"pa_groesse-46-fr","18":"first","19":"instock","20":"taxable","21":"shipping-taxable","22":"purchasable","23":"product-type-variable"},"acf":[],"wcpa_form_fields":null,"_links":{"self":[{"href":"https:\/\/swisssabers.ch\/fr\/wp-json\/wp\/v2\/product\/16542","targetHints":{"allow":["GET"]}}],"collection":[{"href":"https:\/\/swisssabers.ch\/fr\/wp-json\/wp\/v2\/product"}],"about":[{"href":"https:\/\/swisssabers.ch\/fr\/wp-json\/wp\/v2\/types\/product"}],"version-history":[{"count":4,"href":"https:\/\/swisssabers.ch\/fr\/wp-json\/wp\/v2\/product\/16542\/revisions"}],"predecessor-version":[{"id":26833,"href":"https:\/\/swisssabers.ch\/fr\/wp-json\/wp\/v2\/product\/16542\/revisions\/26833"}],"wp:featuredmedia":[{"embeddable":true,"href":"https:\/\/swisssabers.ch\/fr\/wp-json\/wp\/v2\/media\/15921"}],"wp:attachment":[{"href":"https:\/\/swisssabers.ch\/fr\/wp-json\/wp\/v2\/media?parent=16542"}],"wp:term":[{"taxonomy":"produkt-filter","embeddable":true,"href":"https:\/\/swisssabers.ch\/fr\/wp-json\/wp\/v2\/produkt-filter?post=16542"},{"taxonomy":"product_brand","embeddable":true,"href":"https:\/\/swisssabers.ch\/fr\/wp-json\/wp\/v2\/product_brand?post=16542"},{"taxonomy":"product_cat","embeddable":true,"href":"https:\/\/swisssabers.ch\/fr\/wp-json\/wp\/v2\/product_cat?post=16542"},{"taxonomy":"product_tag","embeddable":true,"href":"https:\/\/swisssabers.ch\/fr\/wp-json\/wp\/v2\/product_tag?post=16542"}],"curies":[{"name":"wp","href":"https:\/\/api.w.org\/{rel}","templated":true}]}}