{"id":16571,"date":"2023-06-07T14:03:09","date_gmt":"2023-06-07T12:03:09","guid":{"rendered":"https:\/\/swisssabers.ch\/shop\/credit-imperial\/"},"modified":"2025-07-02T00:11:49","modified_gmt":"2025-07-01T22:11:49","slug":"imperial-credit","status":"publish","type":"product","link":"https:\/\/swisssabers.ch\/fr\/boutique\/imperial-credit\/","title":{"rendered":"Cr\u00e9dit Imp\u00e9rial en M\u00e9tal"},"content":{"rendered":"<p>Echange tes francs suisses contre la seule v\u00e9ritable monnaie de l&#8217;Empire galactique. Ce cr\u00e9dit imp\u00e9rial en m\u00e9tal massif impressionne par son aspect dor\u00e9 brillant. Un objet de collection exclusif pour les fans, parfait comme d\u00e9coration ou comme cadeau.  <\/p>\n<p>Couleur : or brillant<br \/>\nPoids : 160 g<br \/>\nDimensions : 90 mm x 50 mm x 3 mm<\/p>\n<p data-start=\"436\" data-end=\"509\" data-is-last-node=\"\" data-is-only-node=\"\">\n<p>&nbsp;<\/p>\n","protected":false},"excerpt":{"rendered":"<p>Echange tes francs suisses contre la seule v\u00e9ritable monnaie de l&#8217;Empire galactique. Ce cr\u00e9dit imp\u00e9rial en m\u00e9tal massif impressionne par son aspect dor\u00e9 brillant. Un objet de collection exclusif pour les fans, parfait comme d\u00e9coration ou comme cadeau. Couleur : or brillant Poids : 160 g Dimensions : 90 mm x 50 mm x 3 [&hellip;]<\/p>\n","protected":false},"featured_media":13347,"template":"","meta":{"_acf_changed":false,"wds_primary_product_brand":0,"wds_primary_product_cat":0},"produkt-filter":[429,431],"product_brand":[],"product_cat":[341,349,725],"product_tag":[],"class_list":{"0":"post-16571","1":"product","2":"type-product","3":"status-publish","4":"has-post-thumbnail","6":"produkt-filter-cosplay-fr","7":"produkt-filter-zubehoer-fr","8":"product_cat-accessoires","9":"product_cat-cosplay-fr","10":"product_cat-zubehoer-fuer-product-feed","12":"first","13":"instock","14":"sale","15":"taxable","16":"shipping-taxable","17":"purchasable","18":"product-type-variable"},"acf":[],"wcpa_form_fields":null,"_links":{"self":[{"href":"https:\/\/swisssabers.ch\/fr\/wp-json\/wp\/v2\/product\/16571","targetHints":{"allow":["GET"]}}],"collection":[{"href":"https:\/\/swisssabers.ch\/fr\/wp-json\/wp\/v2\/product"}],"about":[{"href":"https:\/\/swisssabers.ch\/fr\/wp-json\/wp\/v2\/types\/product"}],"version-history":[{"count":4,"href":"https:\/\/swisssabers.ch\/fr\/wp-json\/wp\/v2\/product\/16571\/revisions"}],"predecessor-version":[{"id":24286,"href":"https:\/\/swisssabers.ch\/fr\/wp-json\/wp\/v2\/product\/16571\/revisions\/24286"}],"wp:featuredmedia":[{"embeddable":true,"href":"https:\/\/swisssabers.ch\/fr\/wp-json\/wp\/v2\/media\/13347"}],"wp:attachment":[{"href":"https:\/\/swisssabers.ch\/fr\/wp-json\/wp\/v2\/media?parent=16571"}],"wp:term":[{"taxonomy":"produkt-filter","embeddable":true,"href":"https:\/\/swisssabers.ch\/fr\/wp-json\/wp\/v2\/produkt-filter?post=16571"},{"taxonomy":"product_brand","embeddable":true,"href":"https:\/\/swisssabers.ch\/fr\/wp-json\/wp\/v2\/product_brand?post=16571"},{"taxonomy":"product_cat","embeddable":true,"href":"https:\/\/swisssabers.ch\/fr\/wp-json\/wp\/v2\/product_cat?post=16571"},{"taxonomy":"product_tag","embeddable":true,"href":"https:\/\/swisssabers.ch\/fr\/wp-json\/wp\/v2\/product_tag?post=16571"}],"curies":[{"name":"wp","href":"https:\/\/api.w.org\/{rel}","templated":true}]}}