{"id":16574,"date":"2023-08-08T15:20:24","date_gmt":"2023-08-08T13:20:24","guid":{"rendered":"https:\/\/swisssabers.ch\/shop\/supports-en-verre-acrylique-verticaux-couches\/"},"modified":"2025-07-02T00:11:57","modified_gmt":"2025-07-01T22:11:57","slug":"supports-en-verre-acrylique-verticaux-couches","status":"publish","type":"product","link":"https:\/\/swisssabers.ch\/fr\/boutique\/supports-en-verre-acrylique-verticaux-couches\/","title":{"rendered":"Supports Acrylique pour Sabre Laser |\n  Vertical &#038; Horizontal | Pr\u00e9sentation Premium"},"content":{"rendered":"<p>Support permettant de placer les sabres laser \u00e0 l&#8217;horizontale ou \u00e0 l&#8217;horizontale. Compos\u00e9 de sept pi\u00e8ces qui se vissent entre elles (vis fournies). Mat\u00e9riau : verre acrylique <\/p>\n","protected":false},"excerpt":{"rendered":"<p>Support permettant de placer les sabres laser \u00e0 l&#8217;horizontale ou \u00e0 l&#8217;horizontale. Compos\u00e9 de sept pi\u00e8ces qui se vissent entre elles (vis fournies). Mat\u00e9riau : verre acrylique<\/p>\n","protected":false},"featured_media":17489,"template":"","meta":{"_acf_changed":false,"wds_primary_product_brand":0,"wds_primary_product_cat":0},"produkt-filter":[431],"product_brand":[],"product_cat":[341,727],"product_tag":[],"class_list":{"0":"post-16574","1":"product","2":"type-product","3":"status-publish","4":"has-post-thumbnail","6":"produkt-filter-zubehoer-fr","7":"product_cat-accessoires","8":"product_cat-accessoires-product-feed","10":"first","11":"instock","12":"taxable","13":"shipping-taxable","14":"purchasable","15":"product-type-simple"},"acf":[],"wcpa_form_fields":null,"_links":{"self":[{"href":"https:\/\/swisssabers.ch\/fr\/wp-json\/wp\/v2\/product\/16574","targetHints":{"allow":["GET"]}}],"collection":[{"href":"https:\/\/swisssabers.ch\/fr\/wp-json\/wp\/v2\/product"}],"about":[{"href":"https:\/\/swisssabers.ch\/fr\/wp-json\/wp\/v2\/types\/product"}],"version-history":[{"count":3,"href":"https:\/\/swisssabers.ch\/fr\/wp-json\/wp\/v2\/product\/16574\/revisions"}],"predecessor-version":[{"id":24287,"href":"https:\/\/swisssabers.ch\/fr\/wp-json\/wp\/v2\/product\/16574\/revisions\/24287"}],"wp:featuredmedia":[{"embeddable":true,"href":"https:\/\/swisssabers.ch\/fr\/wp-json\/wp\/v2\/media\/17489"}],"wp:attachment":[{"href":"https:\/\/swisssabers.ch\/fr\/wp-json\/wp\/v2\/media?parent=16574"}],"wp:term":[{"taxonomy":"produkt-filter","embeddable":true,"href":"https:\/\/swisssabers.ch\/fr\/wp-json\/wp\/v2\/produkt-filter?post=16574"},{"taxonomy":"product_brand","embeddable":true,"href":"https:\/\/swisssabers.ch\/fr\/wp-json\/wp\/v2\/product_brand?post=16574"},{"taxonomy":"product_cat","embeddable":true,"href":"https:\/\/swisssabers.ch\/fr\/wp-json\/wp\/v2\/product_cat?post=16574"},{"taxonomy":"product_tag","embeddable":true,"href":"https:\/\/swisssabers.ch\/fr\/wp-json\/wp\/v2\/product_tag?post=16574"}],"curies":[{"name":"wp","href":"https:\/\/api.w.org\/{rel}","templated":true}]}}