{"id":16623,"date":"2023-10-05T17:45:52","date_gmt":"2023-10-05T15:45:52","guid":{"rendered":"https:\/\/swisssabers.ch\/shop\/coupleur-a-degagement-rapide-pour-sabre-laser-a-double-lame\/"},"modified":"2025-07-02T00:12:42","modified_gmt":"2025-07-01T22:12:42","slug":"quick-release-koppler","status":"publish","type":"product","link":"https:\/\/swisssabers.ch\/fr\/boutique\/quick-release-koppler\/","title":{"rendered":"Coupleur Rapide | Pour Sabre Laser\n  Double Lame"},"content":{"rendered":"<p>Le coupleur \u00e0 d\u00e9gagement rapide permet d&#8217;assembler deux sabres laser en un sabre laser \u00e0 double lame et de les s\u00e9parer facilement.<\/p>\n<p>Le coupleur permet d&#8217;assembler \u00e0 volont\u00e9 les mod\u00e8les suivants :<br \/>\nMaster, Durasaber, Sith Saber, Thoranest, Phantom, Royal, Nyquist, Bleeding Crystal Saber<\/p>\n<p><strong>Important<\/strong>: le coupleur n&#8217;est pas compatible avec les sabres laser Premium\/r\u00e9pliques.<\/p>\n","protected":false},"excerpt":{"rendered":"<p>Le coupleur \u00e0 d\u00e9gagement rapide permet d&#8217;assembler deux sabres laser en un sabre laser \u00e0 double lame et de les s\u00e9parer facilement. Le coupleur permet d&#8217;assembler \u00e0 volont\u00e9 les mod\u00e8les suivants : Master, Durasaber, Sith Saber, Thoranest, Phantom, Royal, Nyquist, Bleeding Crystal Saber Important: le coupleur n&#8217;est pas compatible avec les sabres laser Premium\/r\u00e9pliques.<\/p>\n","protected":false},"featured_media":14010,"template":"","meta":{"_acf_changed":false,"wds_primary_product_brand":0,"wds_primary_product_cat":0},"produkt-filter":[431],"product_brand":[],"product_cat":[341,727,725],"product_tag":[],"class_list":{"0":"post-16623","1":"product","2":"type-product","3":"status-publish","4":"has-post-thumbnail","6":"produkt-filter-zubehoer-fr","7":"product_cat-accessoires","8":"product_cat-accessoires-product-feed","9":"product_cat-zubehoer-fuer-product-feed","11":"first","12":"instock","13":"taxable","14":"shipping-taxable","15":"purchasable","16":"product-type-simple"},"acf":[],"wcpa_form_fields":null,"_links":{"self":[{"href":"https:\/\/swisssabers.ch\/fr\/wp-json\/wp\/v2\/product\/16623","targetHints":{"allow":["GET"]}}],"collection":[{"href":"https:\/\/swisssabers.ch\/fr\/wp-json\/wp\/v2\/product"}],"about":[{"href":"https:\/\/swisssabers.ch\/fr\/wp-json\/wp\/v2\/types\/product"}],"version-history":[{"count":3,"href":"https:\/\/swisssabers.ch\/fr\/wp-json\/wp\/v2\/product\/16623\/revisions"}],"predecessor-version":[{"id":24292,"href":"https:\/\/swisssabers.ch\/fr\/wp-json\/wp\/v2\/product\/16623\/revisions\/24292"}],"wp:featuredmedia":[{"embeddable":true,"href":"https:\/\/swisssabers.ch\/fr\/wp-json\/wp\/v2\/media\/14010"}],"wp:attachment":[{"href":"https:\/\/swisssabers.ch\/fr\/wp-json\/wp\/v2\/media?parent=16623"}],"wp:term":[{"taxonomy":"produkt-filter","embeddable":true,"href":"https:\/\/swisssabers.ch\/fr\/wp-json\/wp\/v2\/produkt-filter?post=16623"},{"taxonomy":"product_brand","embeddable":true,"href":"https:\/\/swisssabers.ch\/fr\/wp-json\/wp\/v2\/product_brand?post=16623"},{"taxonomy":"product_cat","embeddable":true,"href":"https:\/\/swisssabers.ch\/fr\/wp-json\/wp\/v2\/product_cat?post=16623"},{"taxonomy":"product_tag","embeddable":true,"href":"https:\/\/swisssabers.ch\/fr\/wp-json\/wp\/v2\/product_tag?post=16623"}],"curies":[{"name":"wp","href":"https:\/\/api.w.org\/{rel}","templated":true}]}}