{"id":16624,"date":"2023-10-27T18:44:21","date_gmt":"2023-10-27T16:44:21","guid":{"rendered":"https:\/\/swisssabers.ch\/shop\/fourreau-de-lame\/"},"modified":"2025-08-07T16:46:55","modified_gmt":"2025-08-07T14:46:55","slug":"fourreau-de-lame","status":"publish","type":"product","link":"https:\/\/swisssabers.ch\/fr\/boutique\/fourreau-de-lame\/","title":{"rendered":"Fourreau de Lame"},"content":{"rendered":"<p>Fourreau de lame Cosplayer. Convient aux lames de 1&#8243; (2,54 cm) jusqu&#8217;\u00e0 une longueur maximale de 92 cm. Longueur du fourreau : 95 cm Remarque : le fourreau est creux et n&#8217;a pas de LED int\u00e9gr\u00e9es. L&#8217;\u00e9clairage sur les images du produit provient du sabre laser.  <\/p>\n","protected":false},"excerpt":{"rendered":"<p>Fourreau de lame Cosplayer. Convient aux lames de 1&#8243; (2,54 cm) jusqu&#8217;\u00e0 une longueur maximale de 92 cm. Longueur du fourreau : 95 cm Remarque : le fourreau est creux et n&#8217;a pas de LED int\u00e9gr\u00e9es. L&#8217;\u00e9clairage sur les images du produit provient du sabre laser.<\/p>\n","protected":false},"featured_media":14052,"template":"","meta":{"_acf_changed":false,"wds_primary_product_brand":0,"wds_primary_product_cat":0},"produkt-filter":[429],"product_brand":[],"product_cat":[341,349],"product_tag":[],"class_list":{"0":"post-16624","1":"product","2":"type-product","3":"status-publish","4":"has-post-thumbnail","6":"produkt-filter-cosplay-fr","7":"product_cat-accessoires","8":"product_cat-cosplay-fr","10":"first","11":"instock","12":"taxable","13":"shipping-taxable","14":"purchasable","15":"product-type-simple"},"acf":[],"wcpa_form_fields":null,"_links":{"self":[{"href":"https:\/\/swisssabers.ch\/fr\/wp-json\/wp\/v2\/product\/16624","targetHints":{"allow":["GET"]}}],"collection":[{"href":"https:\/\/swisssabers.ch\/fr\/wp-json\/wp\/v2\/product"}],"about":[{"href":"https:\/\/swisssabers.ch\/fr\/wp-json\/wp\/v2\/types\/product"}],"version-history":[{"count":2,"href":"https:\/\/swisssabers.ch\/fr\/wp-json\/wp\/v2\/product\/16624\/revisions"}],"predecessor-version":[{"id":24054,"href":"https:\/\/swisssabers.ch\/fr\/wp-json\/wp\/v2\/product\/16624\/revisions\/24054"}],"wp:featuredmedia":[{"embeddable":true,"href":"https:\/\/swisssabers.ch\/fr\/wp-json\/wp\/v2\/media\/14052"}],"wp:attachment":[{"href":"https:\/\/swisssabers.ch\/fr\/wp-json\/wp\/v2\/media?parent=16624"}],"wp:term":[{"taxonomy":"produkt-filter","embeddable":true,"href":"https:\/\/swisssabers.ch\/fr\/wp-json\/wp\/v2\/produkt-filter?post=16624"},{"taxonomy":"product_brand","embeddable":true,"href":"https:\/\/swisssabers.ch\/fr\/wp-json\/wp\/v2\/product_brand?post=16624"},{"taxonomy":"product_cat","embeddable":true,"href":"https:\/\/swisssabers.ch\/fr\/wp-json\/wp\/v2\/product_cat?post=16624"},{"taxonomy":"product_tag","embeddable":true,"href":"https:\/\/swisssabers.ch\/fr\/wp-json\/wp\/v2\/product_tag?post=16624"}],"curies":[{"name":"wp","href":"https:\/\/api.w.org\/{rel}","templated":true}]}}