{"id":16702,"date":"2023-06-07T14:16:29","date_gmt":"2023-06-07T12:16:29","guid":{"rendered":"https:\/\/swisssabers.ch\/shop\/anneaux-de-connexion-pour-les-sabres-laser-a-double-lame\/"},"modified":"2025-07-03T20:53:13","modified_gmt":"2025-07-03T18:53:13","slug":"anneaux-de-connexion-pour-les-sabres-laser-a-double-lame","status":"publish","type":"product","link":"https:\/\/swisssabers.ch\/fr\/boutique\/anneaux-de-connexion-pour-les-sabres-laser-a-double-lame\/","title":{"rendered":"Anneaux de Connexion | Pour Sabres Laser\n  Double Lame"},"content":{"rendered":"<p>L&#8217;anneau de connexion permet de relier deux sabres laser en un sabre laser \u00e0 double lame. L&#8217;anneau a deux filetages int\u00e9rieurs, ce qui permet de relier les mod\u00e8les suivants :<br \/>\nMaster, Durasaber, Sith Saber, Thoranest, Phantom, Royal, Nyquist, Bleeding Crystal Saber <strong>Important<\/strong>: les mod\u00e8les Master et Durasaber sont d\u00e9j\u00e0 \u00e9quip\u00e9s d&#8217;un anneau de connexion, il n&#8217;est donc pas n\u00e9cessaire de l&#8217;ajouter. L&#8217;anneau de connexion n&#8217;est pas compatible avec les sabres laser Premium\/R\u00e9plique.<\/p>\n","protected":false},"excerpt":{"rendered":"<p>L&#8217;anneau de connexion permet de relier deux sabres laser en un sabre laser \u00e0 double lame. L&#8217;anneau a deux filetages int\u00e9rieurs, ce qui permet de relier les mod\u00e8les suivants : Master, Durasaber, Sith Saber, Thoranest, Phantom, Royal, Nyquist, Bleeding Crystal Saber Important: les mod\u00e8les Master et Durasaber sont d\u00e9j\u00e0 \u00e9quip\u00e9s d&#8217;un anneau de connexion, il [&hellip;]<\/p>\n","protected":false},"featured_media":13364,"template":"","meta":{"_acf_changed":false,"wds_primary_product_brand":0,"wds_primary_product_cat":0},"produkt-filter":[431],"product_brand":[],"product_cat":[341],"product_tag":[],"class_list":{"0":"post-16702","1":"product","2":"type-product","3":"status-publish","4":"has-post-thumbnail","6":"produkt-filter-zubehoer-fr","7":"product_cat-accessoires","8":"pa_farbe-argent","9":"pa_farbe-chrome-brillant","10":"pa_farbe-gris","11":"pa_farbe-schwarz-fr","12":"pa_farbe-or-brillant","13":"pa_farbe-or-mat","15":"first","16":"instock","17":"taxable","18":"shipping-taxable","19":"purchasable","20":"product-type-variable"},"acf":[],"wcpa_form_fields":null,"_links":{"self":[{"href":"https:\/\/swisssabers.ch\/fr\/wp-json\/wp\/v2\/product\/16702","targetHints":{"allow":["GET"]}}],"collection":[{"href":"https:\/\/swisssabers.ch\/fr\/wp-json\/wp\/v2\/product"}],"about":[{"href":"https:\/\/swisssabers.ch\/fr\/wp-json\/wp\/v2\/types\/product"}],"version-history":[{"count":3,"href":"https:\/\/swisssabers.ch\/fr\/wp-json\/wp\/v2\/product\/16702\/revisions"}],"predecessor-version":[{"id":24298,"href":"https:\/\/swisssabers.ch\/fr\/wp-json\/wp\/v2\/product\/16702\/revisions\/24298"}],"wp:featuredmedia":[{"embeddable":true,"href":"https:\/\/swisssabers.ch\/fr\/wp-json\/wp\/v2\/media\/13364"}],"wp:attachment":[{"href":"https:\/\/swisssabers.ch\/fr\/wp-json\/wp\/v2\/media?parent=16702"}],"wp:term":[{"taxonomy":"produkt-filter","embeddable":true,"href":"https:\/\/swisssabers.ch\/fr\/wp-json\/wp\/v2\/produkt-filter?post=16702"},{"taxonomy":"product_brand","embeddable":true,"href":"https:\/\/swisssabers.ch\/fr\/wp-json\/wp\/v2\/product_brand?post=16702"},{"taxonomy":"product_cat","embeddable":true,"href":"https:\/\/swisssabers.ch\/fr\/wp-json\/wp\/v2\/product_cat?post=16702"},{"taxonomy":"product_tag","embeddable":true,"href":"https:\/\/swisssabers.ch\/fr\/wp-json\/wp\/v2\/product_tag?post=16702"}],"curies":[{"name":"wp","href":"https:\/\/api.w.org\/{rel}","templated":true}]}}