{"id":16728,"date":"2022-11-20T00:19:50","date_gmt":"2022-11-19T23:19:50","guid":{"rendered":"https:\/\/swisssabers.ch\/shop\/lame-de-rechange\/"},"modified":"2026-04-01T22:23:18","modified_gmt":"2026-04-01T20:23:18","slug":"ersatzklinge","status":"publish","type":"product","link":"https:\/\/swisssabers.ch\/fr\/boutique\/ersatzklinge\/","title":{"rendered":"Lame de Rechange"},"content":{"rendered":"<p>Qu&#8217;il s&#8217;agisse d&#8217;une lame de duel robuste pour les \u00e9p\u00e9es RGB ou d&#8217;une lame n\u00e9opixel ultramoderne pour des effets impressionnants, tu trouveras ici la lame de rechange adapt\u00e9e \u00e0 ton sabre laser. Options disponibles :<br \/>\n\u2705 Longueurs : 92 cm, 72 cm ou 52 cm<br \/>\n\u2705 Diam\u00e8tre : 1&#8243; (2,54 cm) ou 7\/8&#8243; (2,22 cm)<br \/>\n\u2705 Mat\u00e9riau : polycarbonate Light Diffusion pour une diffusion optimale de la lumi\u00e8re Types de lames :<\/p>\n<ul>\n<li>Lame RGB : Creux, adapt\u00e9 aux duels<\/li>\n<li>Lame n\u00e9o-pixel : contient des LED LS001 5050 pixels, ne convient pas pour le duel.<\/li>\n<\/ul>\n<p>Longueurs de lames personnalis\u00e9es :<br \/>\nTu as besoin d&#8217;une longueur sp\u00e9ciale ? Pas de probl\u00e8me, car nous fabriquons des lames de n&#8217;importe quelle longueur sp\u00e9ciale sur demande. Note que le temps de production pour cela est de plusieurs semaines. Demandes \u00e0 : www.swisssabers.ch\/kontakt \u26a0 Remarque : chaque commande de sabre laser comprend d\u00e9j\u00e0 une lame. Ces lames de rechange sont disponibles en suppl\u00e9ment.   <\/p>\n","protected":false},"excerpt":{"rendered":"<p>Qu&#8217;il s&#8217;agisse d&#8217;une lame de duel robuste pour les \u00e9p\u00e9es RGB ou d&#8217;une lame n\u00e9opixel ultramoderne pour des effets impressionnants, tu trouveras ici la lame de rechange adapt\u00e9e \u00e0 ton sabre laser. Options disponibles : \u2705 Longueurs : 92 cm, 72 cm ou 52 cm \u2705 Diam\u00e8tre : 1&#8243; (2,54 cm) ou 7\/8&#8243; (2,22 cm) [&hellip;]<\/p>\n","protected":false},"featured_media":18669,"template":"","meta":{"_acf_changed":false,"wds_primary_product_brand":0,"wds_primary_product_cat":0},"produkt-filter":[431],"product_brand":[],"product_cat":[341,727],"product_tag":[],"class_list":{"0":"post-16728","1":"product","2":"type-product","3":"status-publish","4":"has-post-thumbnail","6":"produkt-filter-zubehoer-fr","7":"product_cat-accessoires","8":"product_cat-accessoires-product-feed","9":"pa_durchmesser-1-2-54-cm-standard-fr","10":"pa_durchmesser-7-8-2-22-cm-mince","11":"pa_klinge-lame-de-rechange-rgb","12":"pa_klinge-lame-de-rechange-neopixel","13":"pa_laenge-92-cm-fr","14":"pa_laenge-72-cm-fr","15":"pa_laenge-52-cm-fr","17":"first","18":"instock","19":"taxable","20":"shipping-taxable","21":"purchasable","22":"product-type-variable"},"acf":[],"wcpa_form_fields":null,"_links":{"self":[{"href":"https:\/\/swisssabers.ch\/fr\/wp-json\/wp\/v2\/product\/16728","targetHints":{"allow":["GET"]}}],"collection":[{"href":"https:\/\/swisssabers.ch\/fr\/wp-json\/wp\/v2\/product"}],"about":[{"href":"https:\/\/swisssabers.ch\/fr\/wp-json\/wp\/v2\/types\/product"}],"version-history":[{"count":5,"href":"https:\/\/swisssabers.ch\/fr\/wp-json\/wp\/v2\/product\/16728\/revisions"}],"predecessor-version":[{"id":24065,"href":"https:\/\/swisssabers.ch\/fr\/wp-json\/wp\/v2\/product\/16728\/revisions\/24065"}],"wp:featuredmedia":[{"embeddable":true,"href":"https:\/\/swisssabers.ch\/fr\/wp-json\/wp\/v2\/media\/18669"}],"wp:attachment":[{"href":"https:\/\/swisssabers.ch\/fr\/wp-json\/wp\/v2\/media?parent=16728"}],"wp:term":[{"taxonomy":"produkt-filter","embeddable":true,"href":"https:\/\/swisssabers.ch\/fr\/wp-json\/wp\/v2\/produkt-filter?post=16728"},{"taxonomy":"product_brand","embeddable":true,"href":"https:\/\/swisssabers.ch\/fr\/wp-json\/wp\/v2\/product_brand?post=16728"},{"taxonomy":"product_cat","embeddable":true,"href":"https:\/\/swisssabers.ch\/fr\/wp-json\/wp\/v2\/product_cat?post=16728"},{"taxonomy":"product_tag","embeddable":true,"href":"https:\/\/swisssabers.ch\/fr\/wp-json\/wp\/v2\/product_tag?post=16728"}],"curies":[{"name":"wp","href":"https:\/\/api.w.org\/{rel}","templated":true}]}}