{"id":16757,"date":"2022-11-20T00:34:00","date_gmt":"2022-11-19T23:34:00","guid":{"rendered":"https:\/\/swisssabers.ch\/shop\/pile-de-rechange\/"},"modified":"2026-02-01T10:05:20","modified_gmt":"2026-02-01T09:05:20","slug":"ersatzbatterie","status":"publish","type":"product","link":"https:\/\/swisssabers.ch\/fr\/boutique\/ersatzbatterie\/","title":{"rendered":"Batterie de Rechange"},"content":{"rendered":"<p>La batterie Li-Ion 18650 est une cellule rechargeable et puissante. Elle est bien adapt\u00e9e et compatible comme pile de rechange pour nos sabres laser RGB ou Pixel. Il est ainsi possible de prolonger la dur\u00e9e d&#8217;utilisation du sabre laser en rempla\u00e7ant simplement la batterie.  <\/p>\n<p><strong>Remarque<\/strong> <em>Chaque sabre laser est livr\u00e9 avec une pile correspondante. La pile de cette offre sert uniquement de remplacement. <\/em><\/p>\n<p>Nous recommandons de retirer la batterie du sabre laser lorsque tu ne l&#8217;utilises pas, car elle peut se d\u00e9charger profond\u00e9ment si elle n&#8217;est pas utilis\u00e9e, ce qui r\u00e9duit la dur\u00e9e de vie de la batterie.<\/p>\n<p><strong>Caract\u00e9ristiques techniques :<\/strong><\/p>\n<ul>\n<li><strong>Type :<\/strong> 18650 batterie lithium-ion avec circuit de protection PCB<\/li>\n<li><strong>Capacit\u00e9 :<\/strong> 3600 mAh<\/li>\n<li><strong>Tension :<\/strong> 3,7 V<\/li>\n<li><strong>Courant de d\u00e9charge maximal :<\/strong> 6 A<\/li>\n<li><strong>M\u00e9canismes de protection :<\/strong> Protection contre les surtensions et les d\u00e9charges profondes (environ 2,5V)<\/li>\n<\/ul>\n<p><strong>Caract\u00e9ristiques de s\u00e9curit\u00e9 :<\/strong><\/p>\n<p>La batterie est \u00e9quip\u00e9e d&#8217;une protection int\u00e9gr\u00e9e contre les surtensions et les d\u00e9charges profondes.<\/p>\n<p>&nbsp;<\/p>\n<p><strong>Consignes de s\u00e9curit\u00e9 et avertissements importants :<\/strong><\/p>\n<p><strong>Stockage et utilisation :<\/strong><\/p>\n<ul>\n<li>Utilise un chargeur sp\u00e9cial adapt\u00e9 aux batteries au lithium-ion et fonctionnant selon la m\u00e9thode CCCV (Constant Current, Constant Voltage).<\/li>\n<li>Tension de charge maximale : 4,2 volts (ne pas d\u00e9passer &#8211; risque d&#8217;incendie et d&#8217;explosion)<\/li>\n<li><strong>Ne jamais charger les batteries sans surveillance<\/strong><\/li>\n<li>Conserve la batterie dans un endroit frais et sec, loin de la lumi\u00e8re directe du soleil, des temp\u00e9ratures extr\u00eames et de l&#8217;humidit\u00e9.<\/li>\n<\/ul>\n<p><strong>Avertissements concernant la manipulation :<\/strong><\/p>\n<ul>\n<li><strong>Risque d&#8217;incendie :<\/strong> n&#8217;essaie pas d&#8217;ouvrir la pile, de l&#8217;\u00e9craser, de la percer ou de la jeter au feu<\/li>\n<li><strong>Risque d&#8217;explosion :<\/strong> toute manipulation de la batterie, quelle qu&#8217;elle soit, est interdite.<\/li>\n<li><strong>Les courts-circuits :<\/strong> Evite le contact des bornes de la batterie avec des mat\u00e9riaux conducteurs<\/li>\n<li><strong>Protection contre les enfants :<\/strong> Toujours garder hors de port\u00e9e des enfants<\/li>\n<li>N&#8217;utilise pas la batterie si elle pr\u00e9sente une odeur inhabituelle, une chaleur excessive ou des d\u00e9formations.<\/li>\n<\/ul>\n<p><strong>Recyclage et \u00e9limination :<\/strong><\/p>\n<ul>\n<li>Ne jamais jeter les piles dans les ordures m\u00e9nag\u00e8res<\/li>\n<li>Les piles usag\u00e9es doivent \u00eatre d\u00e9pos\u00e9es dans des points de collecte sp\u00e9ciaux ou des centres de recyclage.<\/li>\n<li>Ne jamais jeter dans le feu &#8211; risque d&#8217;explosion !<\/li>\n<\/ul>\n<p><strong>Remarque sur l&#8217;image :<\/strong><\/p>\n<p>L&#8217;aspect visuel de l&#8217;\u00e9tui plastique (notamment la couleur et le design) est donn\u00e9 \u00e0 titre d&#8217;exemple et peut varier en fonction du lot de fabrication.<\/p>\n<p><strong>Clause de non-responsabilit\u00e9 :<\/strong><\/p>\n<p>Une utilisation inappropri\u00e9e peut entra\u00eener des dommages mat\u00e9riels, des blessures ou des situations dangereuses. Nous d\u00e9clinons toute responsabilit\u00e9 en cas de dommages dus \u00e0 une utilisation abusive, \u00e0 une manipulation ou au non-respect des consignes. <\/p>\n","protected":false},"excerpt":{"rendered":"<p>La batterie Li-Ion 18650 est une cellule rechargeable et puissante. Elle est bien adapt\u00e9e et compatible comme pile de rechange pour nos sabres laser RGB ou Pixel. Il est ainsi possible de prolonger la dur\u00e9e d&#8217;utilisation du sabre laser en rempla\u00e7ant simplement la batterie. Remarque Chaque sabre laser est livr\u00e9 avec une pile correspondante. La [&hellip;]<\/p>\n","protected":false},"featured_media":22072,"template":"","meta":{"_acf_changed":false,"wds_primary_product_brand":0,"wds_primary_product_cat":0},"produkt-filter":[431],"product_brand":[],"product_cat":[341],"product_tag":[],"class_list":{"0":"post-16757","1":"product","2":"type-product","3":"status-publish","4":"has-post-thumbnail","6":"produkt-filter-zubehoer-fr","7":"product_cat-accessoires","8":"pa_farbe-schwarz-fr","9":"pa_farbe-transparent-fr-fr","11":"first","12":"instock","13":"taxable","14":"shipping-taxable","15":"purchasable","16":"product-type-simple"},"acf":[],"wcpa_form_fields":null,"_links":{"self":[{"href":"https:\/\/swisssabers.ch\/fr\/wp-json\/wp\/v2\/product\/16757","targetHints":{"allow":["GET"]}}],"collection":[{"href":"https:\/\/swisssabers.ch\/fr\/wp-json\/wp\/v2\/product"}],"about":[{"href":"https:\/\/swisssabers.ch\/fr\/wp-json\/wp\/v2\/types\/product"}],"version-history":[{"count":4,"href":"https:\/\/swisssabers.ch\/fr\/wp-json\/wp\/v2\/product\/16757\/revisions"}],"predecessor-version":[{"id":24303,"href":"https:\/\/swisssabers.ch\/fr\/wp-json\/wp\/v2\/product\/16757\/revisions\/24303"}],"wp:featuredmedia":[{"embeddable":true,"href":"https:\/\/swisssabers.ch\/fr\/wp-json\/wp\/v2\/media\/22072"}],"wp:attachment":[{"href":"https:\/\/swisssabers.ch\/fr\/wp-json\/wp\/v2\/media?parent=16757"}],"wp:term":[{"taxonomy":"produkt-filter","embeddable":true,"href":"https:\/\/swisssabers.ch\/fr\/wp-json\/wp\/v2\/produkt-filter?post=16757"},{"taxonomy":"product_brand","embeddable":true,"href":"https:\/\/swisssabers.ch\/fr\/wp-json\/wp\/v2\/product_brand?post=16757"},{"taxonomy":"product_cat","embeddable":true,"href":"https:\/\/swisssabers.ch\/fr\/wp-json\/wp\/v2\/product_cat?post=16757"},{"taxonomy":"product_tag","embeddable":true,"href":"https:\/\/swisssabers.ch\/fr\/wp-json\/wp\/v2\/product_tag?post=16757"}],"curies":[{"name":"wp","href":"https:\/\/api.w.org\/{rel}","templated":true}]}}