{"id":16767,"date":"2022-11-20T01:12:36","date_gmt":"2022-11-20T00:12:36","guid":{"rendered":"https:\/\/swisssabers.ch\/shop\/anneau-de-transport-non-filete-pour-sabres-laser\/"},"modified":"2026-04-07T12:40:13","modified_gmt":"2026-04-07T10:40:13","slug":"anneau-de-transport-non-filete-pour-sabres-laser","status":"publish","type":"product","link":"https:\/\/swisssabers.ch\/fr\/boutique\/anneau-de-transport-non-filete-pour-sabres-laser\/","title":{"rendered":"Anneau de Transport (Non Filet\u00e9) | Pour\n  Sabre Laser"},"content":{"rendered":"<p>Gadget optionnel pour les sabres laser. L&#8217;anneau de transport peut \u00eatre viss\u00e9 \u00e0 un sabre laser pour l&#8217;attacher \u00e0 une boucle de ceinture. Une boucle de ceinture doit \u00eatre achet\u00e9e s\u00e9par\u00e9ment. Certains sabres laser sont d\u00e9j\u00e0 livr\u00e9s avec un anneau de transport, l&#8217;anneau de transport n&#8217;est donc pas n\u00e9cessaire.  <\/p>\n<p>&nbsp;<\/p>\n<p>Compatible avec les sabres laser suivants (en cas d&#8217;incertitude, demande la compatibilit\u00e9) : Master, Thoranest, Durasaber<\/p>\n<p>&nbsp;<\/p>\n<p>Contenu de la livraison : anneau de transport et vis correspondante<\/p>\n","protected":false},"excerpt":{"rendered":"<p>Gadget optionnel pour les sabres laser. L&#8217;anneau de transport peut \u00eatre viss\u00e9 \u00e0 un sabre laser pour l&#8217;attacher \u00e0 une boucle de ceinture. Une boucle de ceinture doit \u00eatre achet\u00e9e s\u00e9par\u00e9ment. Certains sabres laser sont d\u00e9j\u00e0 livr\u00e9s avec un anneau de transport, l&#8217;anneau de transport n&#8217;est donc pas n\u00e9cessaire. &nbsp; Compatible avec les sabres laser [&hellip;]<\/p>\n","protected":false},"featured_media":18818,"template":"","meta":{"_acf_changed":false,"wds_primary_product_brand":0,"wds_primary_product_cat":0},"produkt-filter":[429,431],"product_brand":[],"product_cat":[349,341],"product_tag":[],"class_list":{"0":"post-16767","1":"product","2":"type-product","3":"status-publish","4":"has-post-thumbnail","6":"produkt-filter-cosplay-fr","7":"produkt-filter-zubehoer-fr","8":"product_cat-cosplay-fr","9":"product_cat-accessoires","10":"pa_farbe-argent","11":"pa_farbe-chrome-brillant","12":"pa_farbe-gris","13":"pa_farbe-schwarz-fr","14":"pa_farbe-or-mat","16":"first","17":"instock","18":"taxable","19":"shipping-taxable","20":"purchasable","21":"product-type-variable"},"acf":[],"wcpa_form_fields":null,"_links":{"self":[{"href":"https:\/\/swisssabers.ch\/fr\/wp-json\/wp\/v2\/product\/16767","targetHints":{"allow":["GET"]}}],"collection":[{"href":"https:\/\/swisssabers.ch\/fr\/wp-json\/wp\/v2\/product"}],"about":[{"href":"https:\/\/swisssabers.ch\/fr\/wp-json\/wp\/v2\/types\/product"}],"version-history":[{"count":3,"href":"https:\/\/swisssabers.ch\/fr\/wp-json\/wp\/v2\/product\/16767\/revisions"}],"predecessor-version":[{"id":24304,"href":"https:\/\/swisssabers.ch\/fr\/wp-json\/wp\/v2\/product\/16767\/revisions\/24304"}],"wp:featuredmedia":[{"embeddable":true,"href":"https:\/\/swisssabers.ch\/fr\/wp-json\/wp\/v2\/media\/18818"}],"wp:attachment":[{"href":"https:\/\/swisssabers.ch\/fr\/wp-json\/wp\/v2\/media?parent=16767"}],"wp:term":[{"taxonomy":"produkt-filter","embeddable":true,"href":"https:\/\/swisssabers.ch\/fr\/wp-json\/wp\/v2\/produkt-filter?post=16767"},{"taxonomy":"product_brand","embeddable":true,"href":"https:\/\/swisssabers.ch\/fr\/wp-json\/wp\/v2\/product_brand?post=16767"},{"taxonomy":"product_cat","embeddable":true,"href":"https:\/\/swisssabers.ch\/fr\/wp-json\/wp\/v2\/product_cat?post=16767"},{"taxonomy":"product_tag","embeddable":true,"href":"https:\/\/swisssabers.ch\/fr\/wp-json\/wp\/v2\/product_tag?post=16767"}],"curies":[{"name":"wp","href":"https:\/\/api.w.org\/{rel}","templated":true}]}}