{"id":16768,"date":"2022-11-20T00:40:38","date_gmt":"2022-11-19T23:40:38","guid":{"rendered":"https:\/\/swisssabers.ch\/shop\/boucle-de-ceinture-pour-sabre-laser\/"},"modified":"2026-03-31T16:38:40","modified_gmt":"2026-03-31T14:38:40","slug":"guertelschnalle-fuer-lichtschwerter","status":"publish","type":"product","link":"https:\/\/swisssabers.ch\/fr\/boutique\/guertelschnalle-fuer-lichtschwerter\/","title":{"rendered":"Boucle de Ceinture Sabre Laser | Syst\u00e8me\n  de Transport Pratique"},"content":{"rendered":"<p>Accessoire pratique pour attacher un sabre laser \u00e0 la ceinture. La boucle s&#8217;attache \u00e0 une ceinture standard et permet de porter le sabre laser sur la hanche. <\/p>\n<p>Aucune ceinture n&#8217;est fournie.  <strong>Si ton sabre laser n&#8217;a pas d&#8217;anneau de transport (ou d&#8217;anse), il faut l&#8217;acheter s\u00e9par\u00e9ment pour pouvoir utiliser la boucle de ceinture.<\/strong><\/p>\n<p>S&#8217;adapte \u00e0 toutes les ceintures jusqu&#8217;\u00e0 36 mm de large et jusqu&#8217;\u00e0 6 mm d&#8217;\u00e9paisseur.<\/p>\n<p>Non compatible avec les sabres laser suivants :<br \/>\nCal Kestis, Darksaber, Dark Sidious, Yoda, Dark Maul, Dark Maul (Rebels), Dark Rey, Ben Solo, Inquisitor, Kylo Ren, Dooku Jedi, Crystal Saber (Starkiller), Trooper Saber<\/p>\n","protected":false},"excerpt":{"rendered":"<p>Accessoire pratique pour attacher un sabre laser \u00e0 la ceinture. La boucle s&#8217;attache \u00e0 une ceinture standard et permet de porter le sabre laser sur la hanche. Aucune ceinture n&#8217;est fournie. Si ton sabre laser n&#8217;a pas d&#8217;anneau de transport (ou d&#8217;anse), il faut l&#8217;acheter s\u00e9par\u00e9ment pour pouvoir utiliser la boucle de ceinture. S&#8217;adapte \u00e0 [&hellip;]<\/p>\n","protected":false},"featured_media":23550,"template":"","meta":{"_acf_changed":false,"wds_primary_product_brand":0,"wds_primary_product_cat":0},"produkt-filter":[429,431],"product_brand":[],"product_cat":[727,725,349,341,358],"product_tag":[],"class_list":{"0":"post-16768","1":"product","2":"type-product","3":"status-publish","4":"has-post-thumbnail","6":"produkt-filter-cosplay-fr","7":"produkt-filter-zubehoer-fr","8":"product_cat-accessoires-product-feed","9":"product_cat-zubehoer-fuer-product-feed","10":"product_cat-cosplay-fr","11":"product_cat-accessoires","12":"product_cat-cosplay-empfehlung-fr","13":"pa_farbe-schwarz-fr","14":"pa_farbe-transparent-fr-fr","16":"first","17":"instock","18":"taxable","19":"shipping-taxable","20":"purchasable","21":"product-type-simple"},"acf":[],"wcpa_form_fields":null,"_links":{"self":[{"href":"https:\/\/swisssabers.ch\/fr\/wp-json\/wp\/v2\/product\/16768","targetHints":{"allow":["GET"]}}],"collection":[{"href":"https:\/\/swisssabers.ch\/fr\/wp-json\/wp\/v2\/product"}],"about":[{"href":"https:\/\/swisssabers.ch\/fr\/wp-json\/wp\/v2\/types\/product"}],"version-history":[{"count":5,"href":"https:\/\/swisssabers.ch\/fr\/wp-json\/wp\/v2\/product\/16768\/revisions"}],"predecessor-version":[{"id":24305,"href":"https:\/\/swisssabers.ch\/fr\/wp-json\/wp\/v2\/product\/16768\/revisions\/24305"}],"wp:featuredmedia":[{"embeddable":true,"href":"https:\/\/swisssabers.ch\/fr\/wp-json\/wp\/v2\/media\/23550"}],"wp:attachment":[{"href":"https:\/\/swisssabers.ch\/fr\/wp-json\/wp\/v2\/media?parent=16768"}],"wp:term":[{"taxonomy":"produkt-filter","embeddable":true,"href":"https:\/\/swisssabers.ch\/fr\/wp-json\/wp\/v2\/produkt-filter?post=16768"},{"taxonomy":"product_brand","embeddable":true,"href":"https:\/\/swisssabers.ch\/fr\/wp-json\/wp\/v2\/product_brand?post=16768"},{"taxonomy":"product_cat","embeddable":true,"href":"https:\/\/swisssabers.ch\/fr\/wp-json\/wp\/v2\/product_cat?post=16768"},{"taxonomy":"product_tag","embeddable":true,"href":"https:\/\/swisssabers.ch\/fr\/wp-json\/wp\/v2\/product_tag?post=16768"}],"curies":[{"name":"wp","href":"https:\/\/api.w.org\/{rel}","templated":true}]}}