{"id":16787,"date":"2022-11-20T00:46:13","date_gmt":"2022-11-19T23:46:13","guid":{"rendered":"https:\/\/swisssabers.ch\/shop\/anneau-de-transport-avec-filetage-pour-boucle-de-ceinture\/"},"modified":"2026-03-31T16:38:43","modified_gmt":"2026-03-31T14:38:43","slug":"anneau-de-transport-avec-filetage-pour-boucle-de-ceinture","status":"publish","type":"product","link":"https:\/\/swisssabers.ch\/fr\/boutique\/anneau-de-transport-avec-filetage-pour-boucle-de-ceinture\/","title":{"rendered":"Anneau de Transport Filet\u00e9 | Pour Boucle\n  de Ceinture"},"content":{"rendered":"<p>Gadget optionnel pour les sabres laser. L&#8217;anneau de transport peut \u00eatre viss\u00e9 \u00e0 un sabre laser pour l&#8217;attacher \u00e0 une boucle de ceinture. Une boucle de ceinture doit \u00eatre achet\u00e9e s\u00e9par\u00e9ment. Certains sabres laser sont d\u00e9j\u00e0 livr\u00e9s avec un anneau de transport, l&#8217;anneau de transport filet\u00e9 n&#8217;est donc pas n\u00e9cessaire.  <\/p>\n<p>&nbsp;<\/p>\n<p><strong>Compatibilit\u00e9<\/strong>: Compatible avec les sabres laser suivants : Master, Royal, Thoranest, Durasaber, Phantom, Nyquist, Sith Saber (sans la partie inf\u00e9rieure). Non compatible avec tous les sabres laser premium. <\/p>\n","protected":false},"excerpt":{"rendered":"<p>Gadget optionnel pour les sabres laser. L&#8217;anneau de transport peut \u00eatre viss\u00e9 \u00e0 un sabre laser pour l&#8217;attacher \u00e0 une boucle de ceinture. Une boucle de ceinture doit \u00eatre achet\u00e9e s\u00e9par\u00e9ment. Certains sabres laser sont d\u00e9j\u00e0 livr\u00e9s avec un anneau de transport, l&#8217;anneau de transport filet\u00e9 n&#8217;est donc pas n\u00e9cessaire. &nbsp; Compatibilit\u00e9: Compatible avec les [&hellip;]<\/p>\n","protected":false},"featured_media":18810,"template":"","meta":{"_acf_changed":false,"wds_primary_product_brand":0,"wds_primary_product_cat":0},"produkt-filter":[429,431],"product_brand":[],"product_cat":[349,341],"product_tag":[],"class_list":{"0":"post-16787","1":"product","2":"type-product","3":"status-publish","4":"has-post-thumbnail","6":"produkt-filter-cosplay-fr","7":"produkt-filter-zubehoer-fr","8":"product_cat-cosplay-fr","9":"product_cat-accessoires","10":"pa_farbe-argent","11":"pa_farbe-chrome-brillant","12":"pa_farbe-gris","13":"pa_farbe-schwarz-fr","14":"pa_farbe-or-mat","16":"first","17":"instock","18":"taxable","19":"shipping-taxable","20":"purchasable","21":"product-type-variable"},"acf":[],"wcpa_form_fields":null,"_links":{"self":[{"href":"https:\/\/swisssabers.ch\/fr\/wp-json\/wp\/v2\/product\/16787","targetHints":{"allow":["GET"]}}],"collection":[{"href":"https:\/\/swisssabers.ch\/fr\/wp-json\/wp\/v2\/product"}],"about":[{"href":"https:\/\/swisssabers.ch\/fr\/wp-json\/wp\/v2\/types\/product"}],"version-history":[{"count":3,"href":"https:\/\/swisssabers.ch\/fr\/wp-json\/wp\/v2\/product\/16787\/revisions"}],"predecessor-version":[{"id":24306,"href":"https:\/\/swisssabers.ch\/fr\/wp-json\/wp\/v2\/product\/16787\/revisions\/24306"}],"wp:featuredmedia":[{"embeddable":true,"href":"https:\/\/swisssabers.ch\/fr\/wp-json\/wp\/v2\/media\/18810"}],"wp:attachment":[{"href":"https:\/\/swisssabers.ch\/fr\/wp-json\/wp\/v2\/media?parent=16787"}],"wp:term":[{"taxonomy":"produkt-filter","embeddable":true,"href":"https:\/\/swisssabers.ch\/fr\/wp-json\/wp\/v2\/produkt-filter?post=16787"},{"taxonomy":"product_brand","embeddable":true,"href":"https:\/\/swisssabers.ch\/fr\/wp-json\/wp\/v2\/product_brand?post=16787"},{"taxonomy":"product_cat","embeddable":true,"href":"https:\/\/swisssabers.ch\/fr\/wp-json\/wp\/v2\/product_cat?post=16787"},{"taxonomy":"product_tag","embeddable":true,"href":"https:\/\/swisssabers.ch\/fr\/wp-json\/wp\/v2\/product_tag?post=16787"}],"curies":[{"name":"wp","href":"https:\/\/api.w.org\/{rel}","templated":true}]}}