{"id":16788,"date":"2022-12-03T12:33:03","date_gmt":"2022-12-03T11:33:03","guid":{"rendered":"https:\/\/swisssabers.ch\/shop\/blade-plug-pour-lemetteur-du-sabre-laser-1\/"},"modified":"2026-04-27T18:41:26","modified_gmt":"2026-04-27T16:41:26","slug":"blade-plug-pour-lemetteur-du-sabre-laser-1","status":"publish","type":"product","link":"https:\/\/swisssabers.ch\/fr\/boutique\/blade-plug-pour-lemetteur-du-sabre-laser-1\/","title":{"rendered":"Blade Plug \u00c9metteur Sabre Laser |\n  1&#8243;"},"content":{"rendered":"<p>Gadget optionnel pour les sabres laser. Le plug peut \u00eatre ins\u00e9r\u00e9 dans l\u2019\u00e9metteur pour donner au sabre laser un look digne d\u2019un film. Il sert aussi \u00e0 prot\u00e9ger les broches des sabres laser \u00e0 pixels.  <\/p>\n<p>Le plug est disponible en version RGB (creuse) et en version pixel (avec des pins n\u00e9opixel).<\/p>\n<p>\u00a0<\/p>\n<p>Compatibilit\u00e9 : uniquement pour les sabres laser avec un diam\u00e8tre de lame de 1\u2033 (2,54 cm)<\/p>\n","protected":false},"excerpt":{"rendered":"<p>Gadget optionnel pour les sabres laser. Le plug peut \u00eatre ins\u00e9r\u00e9 dans l\u2019\u00e9metteur pour donner au sabre laser un look digne d\u2019un film. Il sert aussi \u00e0 prot\u00e9ger les broches des sabres laser \u00e0 pixels. Le plug est disponible en version RGB (creuse) et en version pixel (avec des pins n\u00e9opixel). \u00a0 Compatibilit\u00e9 : uniquement [&hellip;]<\/p>\n","protected":false},"featured_media":13070,"template":"","meta":{"_acf_changed":false,"wds_primary_product_brand":0,"wds_primary_product_cat":0},"produkt-filter":[431],"product_brand":[],"product_cat":[727,341],"product_tag":[],"class_list":{"0":"post-16788","1":"product","2":"type-product","3":"status-publish","4":"has-post-thumbnail","6":"produkt-filter-zubehoer-fr","7":"product_cat-accessoires-product-feed","8":"product_cat-accessoires","9":"pa_farbe-argent","10":"pa_farbe-schwarz-fr","11":"pa_farbe-or-mat","12":"pa_version-rgb-fr","13":"pa_version-pixel-fr","15":"first","16":"instock","17":"sale","18":"taxable","19":"shipping-taxable","20":"purchasable","21":"product-type-variable"},"acf":[],"wcpa_form_fields":null,"_links":{"self":[{"href":"https:\/\/swisssabers.ch\/fr\/wp-json\/wp\/v2\/product\/16788","targetHints":{"allow":["GET"]}}],"collection":[{"href":"https:\/\/swisssabers.ch\/fr\/wp-json\/wp\/v2\/product"}],"about":[{"href":"https:\/\/swisssabers.ch\/fr\/wp-json\/wp\/v2\/types\/product"}],"version-history":[{"count":3,"href":"https:\/\/swisssabers.ch\/fr\/wp-json\/wp\/v2\/product\/16788\/revisions"}],"predecessor-version":[{"id":24307,"href":"https:\/\/swisssabers.ch\/fr\/wp-json\/wp\/v2\/product\/16788\/revisions\/24307"}],"wp:featuredmedia":[{"embeddable":true,"href":"https:\/\/swisssabers.ch\/fr\/wp-json\/wp\/v2\/media\/13070"}],"wp:attachment":[{"href":"https:\/\/swisssabers.ch\/fr\/wp-json\/wp\/v2\/media?parent=16788"}],"wp:term":[{"taxonomy":"produkt-filter","embeddable":true,"href":"https:\/\/swisssabers.ch\/fr\/wp-json\/wp\/v2\/produkt-filter?post=16788"},{"taxonomy":"product_brand","embeddable":true,"href":"https:\/\/swisssabers.ch\/fr\/wp-json\/wp\/v2\/product_brand?post=16788"},{"taxonomy":"product_cat","embeddable":true,"href":"https:\/\/swisssabers.ch\/fr\/wp-json\/wp\/v2\/product_cat?post=16788"},{"taxonomy":"product_tag","embeddable":true,"href":"https:\/\/swisssabers.ch\/fr\/wp-json\/wp\/v2\/product_tag?post=16788"}],"curies":[{"name":"wp","href":"https:\/\/api.w.org\/{rel}","templated":true}]}}