{"id":16852,"date":"2023-03-11T15:59:05","date_gmt":"2023-03-11T14:59:05","guid":{"rendered":"https:\/\/swisssabers.ch\/shop\/coffre-pour-sabres-laser\/"},"modified":"2025-07-02T00:15:40","modified_gmt":"2025-07-01T22:15:40","slug":"koffer","status":"publish","type":"product","link":"https:\/\/swisssabers.ch\/fr\/boutique\/koffer\/","title":{"rendered":"Coffret Sabre Laser | Protection et\n  Rangement Premium"},"content":{"rendered":"<p>La mallette pour sabre laser de haute qualit\u00e9 offre une protection optimale et un espace de rangement pratique pour les sabres laser, les lames et autres accessoires. Gr\u00e2ce \u00e0 son mat\u00e9riau robuste et \u00e0 son int\u00e9rieur rembourr\u00e9, elle prot\u00e8ge tes pr\u00e9cieux objets de collection contre les dommages et assure un rangement \u00e9l\u00e9gant. <\/p>\n<p>Remarque :<br \/>\nPour la plupart des sabres laser premium et des r\u00e9pliques, la mallette est d\u00e9j\u00e0 incluse dans la livraison. Pour savoir si une mallette est incluse, consulte la description du produit de chaque sabre laser. <\/p>\n","protected":false},"excerpt":{"rendered":"<p>La mallette pour sabre laser de haute qualit\u00e9 offre une protection optimale et un espace de rangement pratique pour les sabres laser, les lames et autres accessoires. Gr\u00e2ce \u00e0 son mat\u00e9riau robuste et \u00e0 son int\u00e9rieur rembourr\u00e9, elle prot\u00e8ge tes pr\u00e9cieux objets de collection contre les dommages et assure un rangement \u00e9l\u00e9gant. Remarque : Pour [&hellip;]<\/p>\n","protected":false},"featured_media":21768,"template":"","meta":{"_acf_changed":false,"wds_primary_product_brand":0,"wds_primary_product_cat":0},"produkt-filter":[431],"product_brand":[],"product_cat":[341],"product_tag":[],"class_list":{"0":"post-16852","1":"product","2":"type-product","3":"status-publish","4":"has-post-thumbnail","6":"produkt-filter-zubehoer-fr","7":"product_cat-accessoires","9":"first","10":"instock","11":"taxable","12":"shipping-taxable","13":"purchasable","14":"product-type-simple"},"acf":[],"wcpa_form_fields":null,"_links":{"self":[{"href":"https:\/\/swisssabers.ch\/fr\/wp-json\/wp\/v2\/product\/16852","targetHints":{"allow":["GET"]}}],"collection":[{"href":"https:\/\/swisssabers.ch\/fr\/wp-json\/wp\/v2\/product"}],"about":[{"href":"https:\/\/swisssabers.ch\/fr\/wp-json\/wp\/v2\/types\/product"}],"version-history":[{"count":4,"href":"https:\/\/swisssabers.ch\/fr\/wp-json\/wp\/v2\/product\/16852\/revisions"}],"predecessor-version":[{"id":24313,"href":"https:\/\/swisssabers.ch\/fr\/wp-json\/wp\/v2\/product\/16852\/revisions\/24313"}],"wp:featuredmedia":[{"embeddable":true,"href":"https:\/\/swisssabers.ch\/fr\/wp-json\/wp\/v2\/media\/21768"}],"wp:attachment":[{"href":"https:\/\/swisssabers.ch\/fr\/wp-json\/wp\/v2\/media?parent=16852"}],"wp:term":[{"taxonomy":"produkt-filter","embeddable":true,"href":"https:\/\/swisssabers.ch\/fr\/wp-json\/wp\/v2\/produkt-filter?post=16852"},{"taxonomy":"product_brand","embeddable":true,"href":"https:\/\/swisssabers.ch\/fr\/wp-json\/wp\/v2\/product_brand?post=16852"},{"taxonomy":"product_cat","embeddable":true,"href":"https:\/\/swisssabers.ch\/fr\/wp-json\/wp\/v2\/product_cat?post=16852"},{"taxonomy":"product_tag","embeddable":true,"href":"https:\/\/swisssabers.ch\/fr\/wp-json\/wp\/v2\/product_tag?post=16852"}],"curies":[{"name":"wp","href":"https:\/\/api.w.org\/{rel}","templated":true}]}}