{"id":16869,"date":"2023-04-27T13:08:01","date_gmt":"2023-04-27T11:08:01","guid":{"rendered":"https:\/\/swisssabers.ch\/shop\/support-en-verre-acrylique-couche\/"},"modified":"2026-02-12T20:14:18","modified_gmt":"2026-02-12T19:14:18","slug":"support-en-verre-acrylique-couche","status":"publish","type":"product","link":"https:\/\/swisssabers.ch\/fr\/boutique\/support-en-verre-acrylique-couche\/","title":{"rendered":"Support Acrylique Sabre Laser |\n  Horizontal | Pr\u00e9sentation \u00c9l\u00e9gante"},"content":{"rendered":"<p>Pr\u00e9sentoir noble en verre acrylique pour exposer les sabres laser.<\/p>\n<p>Compos\u00e9 de trois parties qui s&#8217;embo\u00eetent les unes dans les autres.<\/p>\n<p>Plaque de base noire : 250 mm x 65 mm avec le logo &#8220;Swiss Sabers&#8221; sur la face inf\u00e9rieure<\/p>\n<p>Mat\u00e9riau : verre acrylique<\/p>\n","protected":false},"excerpt":{"rendered":"<p>Pr\u00e9sentoir noble en verre acrylique pour exposer les sabres laser. Compos\u00e9 de trois parties qui s&#8217;embo\u00eetent les unes dans les autres. Plaque de base noire : 250 mm x 65 mm avec le logo &#8220;Swiss Sabers&#8221; sur la face inf\u00e9rieure Mat\u00e9riau : verre acrylique<\/p>\n","protected":false},"featured_media":18681,"template":"","meta":{"_acf_changed":false,"wds_primary_product_brand":0,"wds_primary_product_cat":0},"produkt-filter":[431],"product_brand":[],"product_cat":[341,727],"product_tag":[],"class_list":{"0":"post-16869","1":"product","2":"type-product","3":"status-publish","4":"has-post-thumbnail","6":"produkt-filter-zubehoer-fr","7":"product_cat-accessoires","8":"product_cat-accessoires-product-feed","10":"first","11":"instock","12":"taxable","13":"shipping-taxable","14":"purchasable","15":"product-type-simple"},"acf":[],"wcpa_form_fields":null,"_links":{"self":[{"href":"https:\/\/swisssabers.ch\/fr\/wp-json\/wp\/v2\/product\/16869","targetHints":{"allow":["GET"]}}],"collection":[{"href":"https:\/\/swisssabers.ch\/fr\/wp-json\/wp\/v2\/product"}],"about":[{"href":"https:\/\/swisssabers.ch\/fr\/wp-json\/wp\/v2\/types\/product"}],"version-history":[{"count":3,"href":"https:\/\/swisssabers.ch\/fr\/wp-json\/wp\/v2\/product\/16869\/revisions"}],"predecessor-version":[{"id":24316,"href":"https:\/\/swisssabers.ch\/fr\/wp-json\/wp\/v2\/product\/16869\/revisions\/24316"}],"wp:featuredmedia":[{"embeddable":true,"href":"https:\/\/swisssabers.ch\/fr\/wp-json\/wp\/v2\/media\/18681"}],"wp:attachment":[{"href":"https:\/\/swisssabers.ch\/fr\/wp-json\/wp\/v2\/media?parent=16869"}],"wp:term":[{"taxonomy":"produkt-filter","embeddable":true,"href":"https:\/\/swisssabers.ch\/fr\/wp-json\/wp\/v2\/produkt-filter?post=16869"},{"taxonomy":"product_brand","embeddable":true,"href":"https:\/\/swisssabers.ch\/fr\/wp-json\/wp\/v2\/product_brand?post=16869"},{"taxonomy":"product_cat","embeddable":true,"href":"https:\/\/swisssabers.ch\/fr\/wp-json\/wp\/v2\/product_cat?post=16869"},{"taxonomy":"product_tag","embeddable":true,"href":"https:\/\/swisssabers.ch\/fr\/wp-json\/wp\/v2\/product_tag?post=16869"}],"curies":[{"name":"wp","href":"https:\/\/api.w.org\/{rel}","templated":true}]}}