{"id":21251,"date":"2025-02-01T13:08:39","date_gmt":"2025-02-01T12:08:39","guid":{"rendered":"https:\/\/swisssabers.ch\/shop\/ultra-bright-neopixel-klinge\/"},"modified":"2025-12-01T19:06:28","modified_gmt":"2025-12-01T18:06:28","slug":"ultra-bright-neopixel-klinge","status":"publish","type":"product","link":"https:\/\/swisssabers.ch\/fr\/boutique\/ultra-bright-neopixel-klinge\/","title":{"rendered":"Lame Neopixel Ultra-Lumineuse | 1&#8243;,\n  82 cm"},"content":{"rendered":"<p>Lame ultra-lumineuse Neopixel pour sabres laser 1&#8243; &#8211; 684 LED pour une luminosit\u00e9 maximale ! D\u00e9couvre une luminosit\u00e9 sans pr\u00e9c\u00e9dent avec cette toute nouvelle lame Neopixel ! \u00c9quip\u00e9e de 684 ( !) LED, elle garantit des effets de lumi\u00e8re impressionnants et des couleurs intenses. D\u00e9tails techniques :<br \/>\n\u2705 Longueur : 82 cm<br \/>\n\u2705 Diam\u00e8tre : 1&#8243; (2,54 cm)<br \/>\n\u2705 Mat\u00e9riau : polycarbonate robuste avec rev\u00eatement Light-Diffusion de 3 mm.<br \/>\n\u2705 Type de LED : LED 5050 pixels de haute qualit\u00e9 pour des couleurs nettes \u26a0\ufe0f Remarque : cette lame n&#8217;est pas adapt\u00e9e aux duels. \u26a1 En raison de sa haute densit\u00e9 de LED, elle consomme plus d&#8217;\u00e9nergie que les lames n\u00e9opixel traditionnelles. Important : chaque sabre laser est d\u00e9j\u00e0 livr\u00e9 avec une lame standard. Cette lame est con\u00e7ue comme une mise \u00e0 niveau optionnelle pour une luminosit\u00e9 encore plus intense.<\/p>\n","protected":false},"excerpt":{"rendered":"<p>Lame ultra-lumineuse Neopixel pour sabres laser 1&#8243; &#8211; 684 LED pour une luminosit\u00e9 maximale ! D\u00e9couvre une luminosit\u00e9 sans pr\u00e9c\u00e9dent avec cette toute nouvelle lame Neopixel ! \u00c9quip\u00e9e de 684 ( !) LED, elle garantit des effets de lumi\u00e8re impressionnants et des couleurs intenses. D\u00e9tails techniques : \u2705 Longueur : 82 cm \u2705 Diam\u00e8tre : [&hellip;]<\/p>\n","protected":false},"featured_media":21252,"template":"","meta":{"_acf_changed":false,"wds_primary_product_brand":0,"wds_primary_product_cat":0},"produkt-filter":[431],"product_brand":[],"product_cat":[341,727],"product_tag":[],"class_list":{"0":"post-21251","1":"product","2":"type-product","3":"status-publish","4":"has-post-thumbnail","6":"produkt-filter-zubehoer-fr","7":"product_cat-accessoires","8":"product_cat-accessoires-product-feed","10":"first","11":"instock","12":"taxable","13":"shipping-taxable","14":"purchasable","15":"product-type-simple"},"acf":[],"wcpa_form_fields":null,"_links":{"self":[{"href":"https:\/\/swisssabers.ch\/fr\/wp-json\/wp\/v2\/product\/21251","targetHints":{"allow":["GET"]}}],"collection":[{"href":"https:\/\/swisssabers.ch\/fr\/wp-json\/wp\/v2\/product"}],"about":[{"href":"https:\/\/swisssabers.ch\/fr\/wp-json\/wp\/v2\/types\/product"}],"version-history":[{"count":2,"href":"https:\/\/swisssabers.ch\/fr\/wp-json\/wp\/v2\/product\/21251\/revisions"}],"predecessor-version":[{"id":24350,"href":"https:\/\/swisssabers.ch\/fr\/wp-json\/wp\/v2\/product\/21251\/revisions\/24350"}],"wp:featuredmedia":[{"embeddable":true,"href":"https:\/\/swisssabers.ch\/fr\/wp-json\/wp\/v2\/media\/21252"}],"wp:attachment":[{"href":"https:\/\/swisssabers.ch\/fr\/wp-json\/wp\/v2\/media?parent=21251"}],"wp:term":[{"taxonomy":"produkt-filter","embeddable":true,"href":"https:\/\/swisssabers.ch\/fr\/wp-json\/wp\/v2\/produkt-filter?post=21251"},{"taxonomy":"product_brand","embeddable":true,"href":"https:\/\/swisssabers.ch\/fr\/wp-json\/wp\/v2\/product_brand?post=21251"},{"taxonomy":"product_cat","embeddable":true,"href":"https:\/\/swisssabers.ch\/fr\/wp-json\/wp\/v2\/product_cat?post=21251"},{"taxonomy":"product_tag","embeddable":true,"href":"https:\/\/swisssabers.ch\/fr\/wp-json\/wp\/v2\/product_tag?post=21251"}],"curies":[{"name":"wp","href":"https:\/\/api.w.org\/{rel}","templated":true}]}}