{"id":22089,"date":"2025-03-11T12:40:02","date_gmt":"2025-03-11T11:40:02","guid":{"rendered":"https:\/\/swisssabers.ch\/shop\/proffie-soundboard\/"},"modified":"2025-09-09T14:44:25","modified_gmt":"2025-09-09T12:44:25","slug":"proffie-soundboard","status":"publish","type":"product","link":"https:\/\/swisssabers.ch\/fr\/boutique\/proffie-soundboard\/","title":{"rendered":"Proffie 2.2 Core | Soundboard\n  Programmable"},"content":{"rendered":"<p data-start=\"180\" data-end=\"499\">Le <strong data-start=\"184\" data-end=\"214\">Proffie 2.2 Core<\/strong> est le choix parfait pour les passionn\u00e9s de sabre laser qui souhaitent une personnalisation maximale de leur sabre laser. Ce l\u00e9gendaire soundboard open source permet des effets \u00e9poustouflants et des personnalisations &#8211; id\u00e9al pour les bricoleurs exp\u00e9riment\u00e9s et les collectionneurs. Gr\u00e2ce \u00e0 une communaut\u00e9 active, il existe de nombreux tutoriels en ligne qui te permettront de te lancer.  <\/p>\n<h3 data-start=\"501\" data-end=\"525\"><strong data-start=\"505\" data-end=\"523\">Principales caract\u00e9ristiques :<\/strong><\/h3>\n<p data-start=\"526\" data-end=\"1246\">\u2714 <strong data-start=\"528\" data-end=\"549\">Proffieboard V2.2<\/strong> &#8211; Un puissant soundboard open source pour des fonctions avanc\u00e9es de sabre laser<br data-start=\"640\" data-end=\"643\">\u2714 <strong data-start=\"645\" data-end=\"665\">Slide Out-Core-<\/strong>Facile \u00e0 utiliser gr\u00e2ce \u00e0 son noyau amovible pour un chargement et des modifications rapides. Compatible avec tous nos sabres laser qui poss\u00e8dent un Slide Out Core. <br data-start=\"753\" data-end=\"756\">\u2714 <strong data-start=\"758\" data-end=\"779\">Technologie Pixel<\/strong> &#8211; Prise en charge des lames Neopixel avec des effets de lumi\u00e8re impressionnants<br data-start=\"850\" data-end=\"853\">\u2714 <strong data-start=\"855\" data-end=\"878\">Personnalisation totale<\/strong> &#8211; Fontes sonores personnalis\u00e9es, styles de lame et profils de mouvement via ProffieOS<br data-start=\"953\" data-end=\"956\" data-is-only-node=\"\">\u2714 <strong data-start=\"958\" data-end=\"989\">Emplacement pour carte SD int\u00e9gr\u00e9<\/strong> &#8211; Stockage de nombreuses fontes sonores personnalis\u00e9es<br data-start=\"1036\" data-end=\"1039\">\u2714 <strong data-start=\"1041\" data-end=\"1067\">Programmabilit\u00e9 USB<\/strong> &#8211; Connexion directe au PC pour les mises \u00e0 jour et les configurations personnalis\u00e9es <\/p>\n<p>Remarque : le Proffieboard est livr\u00e9 avec des polices de son pr\u00e9install\u00e9es et est pr\u00eat \u00e0 l&#8217;emploi &#8211; aucune adaptation suppl\u00e9mentaire n&#8217;est n\u00e9cessaire. Note que nous ne sommes pas responsables des changements ou des modifications. De plus, nous ne proposons pas de tutoriels ou de support technique pour la programmation ProffieOS. Cependant, de nombreux guides et aides sont disponibles en ligne dans la communaut\u00e9 (par exemple sur YouTube).<br \/>\nL&#8217;image du produit sert uniquement de r\u00e9f\u00e9rence. Il peut y avoir des diff\u00e9rences visuelles.    <\/p>\n<p data-start=\"526\" data-end=\"1246\">Contenu :<br \/>\n<strong data-start=\"1705\" data-end=\"1725\">Proffieboard 2.2<\/strong>, install\u00e9 dans le &#8220;Slide Out&#8221; ou le &#8220;Standard&#8221; Core<br data-start=\"1752\" data-end=\"1755\"><strong data-start=\"1757\" data-end=\"1779\">Carte SD<br \/>\nCourt mode d&#8217;emploi<\/strong><br data-start=\"1779\" data-end=\"1782\"><strong data-start=\"1784\" data-end=\"1813\">Batterie<\/strong> Li-Ion<strong data-start=\"1784\" data-end=\"1813\">(rechargeable)<\/strong><br data-start=\"1813\" data-end=\"1816\"><strong data-start=\"1818\" data-end=\"1857\">C\u00e2ble de charge et prise de charge<\/strong><\/p>\n<p>D&#8217;autres liens utiles :<br \/>\nhttps:\/\/www.fett263.com\/proffieboard-proffieos-lightsaber-resources.html<br \/>\nhttps:\/\/fredrik.hubbe.net\/lightsaber\/proffieos.html<br \/>\nhttps:\/\/fredrik.hubbe.net\/lightsaber\/v5\/<\/p>\n","protected":false},"excerpt":{"rendered":"<p>Le Proffie 2.2 Core est le choix parfait pour les passionn\u00e9s de sabre laser qui souhaitent une personnalisation maximale de leur sabre laser. Ce l\u00e9gendaire soundboard open source permet des effets \u00e9poustouflants et des personnalisations &#8211; id\u00e9al pour les bricoleurs exp\u00e9riment\u00e9s et les collectionneurs. Gr\u00e2ce \u00e0 une communaut\u00e9 active, il existe de nombreux tutoriels en [&hellip;]<\/p>\n","protected":false},"featured_media":22090,"template":"","meta":{"_acf_changed":false,"wds_primary_product_brand":0,"wds_primary_product_cat":0},"produkt-filter":[],"product_brand":[],"product_cat":[341,727],"product_tag":[],"class_list":{"0":"post-22089","1":"product","2":"type-product","3":"status-publish","4":"has-post-thumbnail","6":"product_cat-accessoires","7":"product_cat-accessoires-product-feed","8":"pa_version-coeur-standard","9":"pa_version-slide-out-core-fr","11":"first","12":"instock","13":"taxable","14":"shipping-taxable","15":"purchasable","16":"product-type-variable"},"acf":[],"wcpa_form_fields":null,"_links":{"self":[{"href":"https:\/\/swisssabers.ch\/fr\/wp-json\/wp\/v2\/product\/22089","targetHints":{"allow":["GET"]}}],"collection":[{"href":"https:\/\/swisssabers.ch\/fr\/wp-json\/wp\/v2\/product"}],"about":[{"href":"https:\/\/swisssabers.ch\/fr\/wp-json\/wp\/v2\/types\/product"}],"version-history":[{"count":5,"href":"https:\/\/swisssabers.ch\/fr\/wp-json\/wp\/v2\/product\/22089\/revisions"}],"predecessor-version":[{"id":25518,"href":"https:\/\/swisssabers.ch\/fr\/wp-json\/wp\/v2\/product\/22089\/revisions\/25518"}],"wp:featuredmedia":[{"embeddable":true,"href":"https:\/\/swisssabers.ch\/fr\/wp-json\/wp\/v2\/media\/22090"}],"wp:attachment":[{"href":"https:\/\/swisssabers.ch\/fr\/wp-json\/wp\/v2\/media?parent=22089"}],"wp:term":[{"taxonomy":"produkt-filter","embeddable":true,"href":"https:\/\/swisssabers.ch\/fr\/wp-json\/wp\/v2\/produkt-filter?post=22089"},{"taxonomy":"product_brand","embeddable":true,"href":"https:\/\/swisssabers.ch\/fr\/wp-json\/wp\/v2\/product_brand?post=22089"},{"taxonomy":"product_cat","embeddable":true,"href":"https:\/\/swisssabers.ch\/fr\/wp-json\/wp\/v2\/product_cat?post=22089"},{"taxonomy":"product_tag","embeddable":true,"href":"https:\/\/swisssabers.ch\/fr\/wp-json\/wp\/v2\/product_tag?post=22089"}],"curies":[{"name":"wp","href":"https:\/\/api.w.org\/{rel}","templated":true}]}}