{"id":25455,"date":"2025-09-09T12:54:02","date_gmt":"2025-09-09T10:54:02","guid":{"rendered":"https:\/\/swisssabers.ch\/shop\/kylo-simplified-lichtschwert\/"},"modified":"2026-03-15T22:15:44","modified_gmt":"2026-03-15T21:15:44","slug":"kylo-simplified-lichtschwert","status":"publish","type":"product","link":"https:\/\/swisssabers.ch\/fr\/boutique\/kylo-simplified-lichtschwert\/","title":{"rendered":"Kylo SE Sabre Laser | \u00c9dition Simplifi\u00e9e"},"content":{"rendered":"<p><!-- x-tinymce\/html --><\/p>\n<p>\n\n\n<p>Nos sabres laser se distinguent par une finition de haute qualit\u00e9. La poign\u00e9e est en m\u00e9tal (alliage d\u2019aluminium), la lame est en polycarbonate robuste.  Le design ergonomique permet de se balancer sans effort et avec pr\u00e9cision. Ils disposent de nombreuses couleurs de lames r\u00e9glables, de soundfonts, de modes et d\u2019effets. Ils conviennent parfaitement \u00e0 tous les fans de Star Wars, qu\u2019ils soient Jedi ou Sith, cosplayers ou simplement pour l\u2019exposition et la d\u00e9coration pour les collectionneurs et les amateurs.   Avec la version RGB, il est \u00e9galement possible de se battre en duel.<\/p>\n<ul>\n<li>16\/34+ (RGB\/Pixel) vorinstallierte Sound-Fonts<\/li>\n<li>Unbegrenzt verstellbare Klingenfarben<\/li>\n<li>Sensitive Smooth Swing Soundboard<\/li>\n<li>Mit App verbinden und Einstellungen mit dem Smartphone verstellen<\/li>\n<li>Aufladbarer und austauschbarer Li-Ion-Akku<\/li>\n<li>Griff: Aluminium, 27.5 cm L\u00e4nge<\/li>\n<li>Klinge: Light Diffusion Polycarbonat (PC), 92 cm lang und 7\/8\u2033 (2.22 cm) Durchmesser<\/li>\n<li>Kann zu einem Doppelklingen-Lichtschwert verbunden werden: Nein<\/li>\n<li>Kann an einer G\u00fcrtelschnalle befestigt werden: Nein<\/li>\n<\/ul>\n<p>Ce mod\u00e8le est disponible en deux versions. Tu trouveras plus d\u2019informations sur la page \u201cRGB ou pixel ? <\/p>\n<p><u>Contenu :<\/u> poign\u00e9e de sabre laser, <em>lame<\/em> <em>RGB<\/em>ou <em>n\u00e9opixel<\/em>, chargeur & c\u00e2ble de charge, mode d\u2019emploi, vis pour le montage + vis de rechange, outil (cl\u00e9 Allen), carte SD avec adaptateur USB (pixel uniquement).<\/p>\n<hr\/>\n<h4 style=\"text-align: left;\"><strong>Sensitive Smooth Swing<\/strong>:<\/h4>\n<p style=\"text-align: left; padding-left: 40px;\">Le sabre laser r\u00e9agit au balancement et aux coups avec des sons et des effets r\u00e9alistes.<\/p>\n<h4 style=\"text-align: left;\"><strong>Verstellbare Klingenfarben<\/strong>:<\/h4>\n<p style=\"text-align: left; padding-left: 40px;\">Personnalise la couleur de la lame comme tu le souhaites (rouge, bleu, vert, violet, jaune, blanc et bien d\u2019autres).<\/p>\n<h4 style=\"text-align: left;\"><strong>Immersive Sound-Fonts<\/strong>:<\/h4>\n<p style=\"text-align: left; padding-left: 40px;\">Choisis entre 16 (RGB) et 34+ (Neopixel) polices de sons ou ajoute m\u00eame les tiennes (la version RGB n\u00e9cessite une carte SD s\u00e9par\u00e9e, d\u00e9j\u00e0 pr\u00e9sente dans la version Pixel).<\/p>\n<h4 style=\"text-align: left;\"><strong>Klingen- und Soundeffekte<\/strong>:<\/h4>\n<p style=\"text-align: left; padding-left: 40px;\">Lockup, parer les blasters, effets sonores en cas de choc, volume r\u00e9glable et bien plus encore.<\/p>\n<h4 style=\"text-align: left;\"><strong>Mit dem Smartphone verbinden<\/strong>:<\/h4>\n<p style=\"text-align: left; padding-left: 40px;\">Connecte ton sabre laser via Bluetooth et r\u00e8gle les polices sonores, les couleurs des lames et d\u2019autres param\u00e8tres via l\u2019application.<\/p>\n<h4 style=\"text-align: left;\"><strong>Motion Controls<\/strong>:<\/h4>\n<p style=\"text-align: left; padding-left: 40px;\">Utilise le sabre laser en faisant des gestes comme le tourner ou le pousser vers l\u2019avant pour l\u2019allumer.<\/p>\n<h4 style=\"text-align: left;\"><strong>Aufladbarer Akku<\/strong>:<\/h4>\n<p style=\"text-align: left; padding-left: 40px;\">Le c\u00e2ble de chargement fourni permet de recharger facilement la batterie Li-Ion int\u00e9gr\u00e9e.<\/p>\n<h4 style=\"text-align: left;\"><strong>Robuster Griff aus Aluminium<\/strong>:<\/h4>\n<p style=\"text-align: left; padding-left: 40px;\">Chaque poign\u00e9e est faite d\u2019un alliage d\u2019aluminium, ce qui rend le sabre laser particuli\u00e8rement qualitatif et r\u00e9sistant.<\/p>\n<h4 style=\"text-align: left;\"><strong>Klinge aus Polycarbonat<\/strong>:<\/h4>\n<p style=\"text-align: left; padding-left: 40px;\">Si tu veux te battre en duel, la version RGB te conviendra parfaitement gr\u00e2ce \u00e0 sa lame en polycarbonate r\u00e9sistante. La version Pixel est plus fragile en raison des LED qui y sont int\u00e9gr\u00e9es et ne convient donc pas pour les combats. <\/p>\n<p>\n<\/p><\/p>\n","protected":false},"excerpt":{"rendered":"<p>Nos sabres laser se distinguent par une finition de haute qualit\u00e9. La poign\u00e9e est en m\u00e9tal (alliage d\u2019aluminium), la lame est en polycarbonate robuste. Le design ergonomique permet de se balancer sans effort et avec pr\u00e9cision. Ils disposent de nombreuses couleurs de lames r\u00e9glables, de soundfonts, de modes et d\u2019effets. Ils conviennent parfaitement \u00e0 tous [&hellip;]<\/p>\n","protected":false},"featured_media":25317,"template":"","meta":{"_acf_changed":false,"wds_primary_product_brand":0,"wds_primary_product_cat":0},"produkt-filter":[402,414],"product_brand":[],"product_cat":[364,335],"product_tag":[],"class_list":{"0":"post-25455","1":"product","2":"type-product","3":"status-publish","4":"has-post-thumbnail","6":"produkt-filter-replika-lichtschwerter-fr","7":"produkt-filter-dunkle-seite-fr","8":"product_cat-ohne-koffer-fr","9":"product_cat-sabres-de-combat","10":"pa_version-rgb-fr","11":"pa_version-pixel-fr","12":"wcpa_has_options","14":"first","15":"instock","16":"taxable","17":"shipping-taxable","18":"purchasable","19":"product-type-variable","20":"has-default-attributes"},"acf":[],"wcpa_form_fields":{"wcpaData":{"product":{"product_price":219,"price_html":"d\u00e8s <span class=\"woocommerce-Price-amount amount\"><bdi><span class=\"woocommerce-Price-currencySymbol\">&#67;&#72;&#70;<\/span>&nbsp;219.00<\/bdi><\/span>","original_product_price":219,"price_including_tax":219,"price_excluding_tax":202.5901939999999967767507769167423248291015625,"product_id":{"parent":25455,"variation":false},"is_variable":true,"stock_status":"instock","stock_quantity":null,"parent_sku":"","product_attributes":{"pa_version":{"is_variation":true,"values":[]}},"custom_fields":[],"is_taxable":true,"product_name":"Kylo SE Sabre Laser | \u00c9dition Simplifi\u00e9e","hasImage":false},"fields":{"sec_867d2e3cf793f5":{"extra":{"key":"sec_867d2e3cf793f5","section_id":"sec_867d2e3cf793f5","name":"Default","status":1,"cl_rule":"show","enableCl":false,"relations":[],"toggle":true,"title_tag":"h3","show_title":false,"showPrice":"default","form_id":22205,"form_rules":{"exclude_from_discount":false,"fee_label":"Geb\u00fchr","disp_hide_options_price":false,"disp_show_section_price":false,"disp_show_field_price":true,"layout_option":"standard","pric_use_as_fee":false,"process_fee_as":"woo_fee"},"layout_option":"standard"},"fields":[[{"active":true,"col":5,"relations":false,"cl_rule":"show","enableCl":false,"price":"","enablePrice":true,"className":"","label_position":"default","desc_position":"default","type":"image-group","required":false,"elementId":"image_1429953213","label":"Emballage","name":"image_1429953213","enable_popup":"all","multiple":false,"layOut":"col-2","img_selection_type":"tick","disp_type":"squircle","values":[{"label":"Bo\u00eete en carton","value":"Kartonbox","selected":false,"image":"https:\/\/swisssabers.ch\/wp-content\/uploads\/2024\/06\/Karton.webp","thumb":"https:\/\/swisssabers.ch\/wp-content\/uploads\/2024\/06\/Karton-150x150.webp","tempId":"aco_5640","image_id":10601,"price":"0","thumb_src":"https:\/\/swisssabers.ch\/wp-content\/uploads\/2024\/06\/Karton-100x100.webp","gt_translate_keys":["label"]},{"label":"Valise premium","value":"Premium Koffer","selected":false,"image":"https:\/\/swisssabers.ch\/wp-content\/uploads\/2025\/03\/Koffer-1.png","thumb":"https:\/\/swisssabers.ch\/wp-content\/uploads\/2025\/03\/Koffer-1-150x150.png","tempId":"aco_5641","image_id":21763,"price":"99","thumb_src":"https:\/\/swisssabers.ch\/wp-content\/uploads\/2025\/03\/Koffer-1-150x150.png","gt_translate_keys":["label"]}],"disp_size_img":{"width":75,"height":75},"error":false,"description":"","tooltip":"Ce produit est livr\u00e9 standard dans une bo\u00eete en carton. Sur demande, vous pouvez passer \u00e0 la valise premium \u00e9l\u00e9gante.","priceOptions":"different_for_all","pricingType":"fixed","hideImageIn_cart":true,"hideImageIn_order":true,"hideImageIn_email":true,"gt_translate_keys":["label","description","tooltip"],"price_dependency":false,"cl_dependency":false,"value":""}]]},"sec_167d2dcab61d33":{"extra":{"key":"sec_167d2dcab61d33","section_id":"sec_167d2dcab61d33","name":"Default","status":1,"cl_rule":"show","enableCl":false,"relations":[],"toggle":true,"title_tag":"h3","show_title":false,"showPrice":"default","form_id":22208,"form_rules":{"exclude_from_discount":false,"fee_label":"Geb\u00fchr","disp_hide_options_price":false,"disp_show_section_price":false,"disp_show_field_price":true,"layout_option":"standard","pric_use_as_fee":false,"process_fee_as":"woo_fee"},"layout_option":"standard"},"fields":[[{"active":true,"col":6,"relations":[{"operator":"or","rules":[{"operator":"or","rules":{"cl_field":"product_ids","cl_relation":"is","cl_val":16835,"cl_field_sub":""}},{"operator":"or","rules":{"cl_field":"product_ids","cl_relation":"is","cl_val":16753}},{"operator":"or","rules":{"cl_field":"product_ids","cl_relation":"is","cl_val":16738}},{"operator":"or","rules":{"cl_field":"product_ids","cl_relation":"is","cl_val":17282}},{"operator":"or","rules":{"cl_field":"product_ids","cl_relation":"is","cl_val":21846}},{"operator":"AND","rules":{"cl_field":"product_ids","cl_relation":"is","cl_val":25505}}]}],"cl_rule":"hide","enableCl":true,"price":"","enablePrice":false,"className":"","label_position":"default","desc_position":"default","type":"select","required":false,"elementId":"select_8723212541","label":"Longueur de la lame","name":"select_8723212541","values":[{"label":"92 cm (standard)","value":"92 cm (Standard)","selected":true,"tempId":"aco_58","options_cl":false,"relations":[{"operator":false,"rules":[{"operator":"AND","rules":{"cl_field":"","cl_relation":"","cl_val":""}}]}],"cl_rule":"show","gt_translate_keys":["label"]},{"label":"72 cm","value":"72 cm","selected":false,"tempId":"aco_46","gt_translate_keys":["label"]},{"label":"52 cm (nur RGB)","value":"52 cm (nur RGB)","selected":false,"tempId":"aco_60","gt_translate_keys":["label"]}],"dropdown_type":"basic","error":false,"mapToCheckout":false,"tooltip":"92 cm est la longueur standard (pr\u00e9cise pour le film).<br \/>\n52 cm est disponible uniquement pour les sabres laser RGB.","isWeightTemplate":false,"isTemplate":false,"min_quantity":"1","quantity_decimal":false,"quantity_step":"1","quantity_label":"Quantity","repeater_field_label":"{field_label}","repeater_bind":"","gt_translate_keys":["label","tooltip","repeater_field_label","quantity_label"],"price_dependency":false,"cl_dependency":false,"value":""}]]}},"config":{"price_override":"","enable_recaptcha":false,"bind_quantity":false,"quantity_bind_formula":false,"disp_summ_show_option_price":true,"disp_summ_show_product_price":true,"disp_summ_show_total_price":true,"disp_summ_show_fee":false,"disp_summ_show_discount":false,"summary_title":"","options_total_label":"Prix de l'option","total_label":"Total","options_product_label":"Prix du produit","fee_label":"Geb\u00fchr","discount_label":"Rabatt","has_price":true,"has_quantity_formula":false},"mc_unit":1,"tax_rate":1,"tax_rate_real":0.08100000000000000255351295663786004297435283660888671875,"discount":{"percentage":0,"fixed":0},"design":{"conf":{"LabelPosition":"left","DescPosition":"above","UploadField":"custom_1","QuantityFieldStyle":"default"},"css":{"LeftLabelWidth":"120px"}},"formulas":[],"lookuptables":[],"clones":false,"cartKey":false}},"_links":{"self":[{"href":"https:\/\/swisssabers.ch\/fr\/wp-json\/wp\/v2\/product\/25455","targetHints":{"allow":["GET"]}}],"collection":[{"href":"https:\/\/swisssabers.ch\/fr\/wp-json\/wp\/v2\/product"}],"about":[{"href":"https:\/\/swisssabers.ch\/fr\/wp-json\/wp\/v2\/types\/product"}],"version-history":[{"count":5,"href":"https:\/\/swisssabers.ch\/fr\/wp-json\/wp\/v2\/product\/25455\/revisions"}],"predecessor-version":[{"id":30114,"href":"https:\/\/swisssabers.ch\/fr\/wp-json\/wp\/v2\/product\/25455\/revisions\/30114"}],"wp:featuredmedia":[{"embeddable":true,"href":"https:\/\/swisssabers.ch\/fr\/wp-json\/wp\/v2\/media\/25317"}],"wp:attachment":[{"href":"https:\/\/swisssabers.ch\/fr\/wp-json\/wp\/v2\/media?parent=25455"}],"wp:term":[{"taxonomy":"produkt-filter","embeddable":true,"href":"https:\/\/swisssabers.ch\/fr\/wp-json\/wp\/v2\/produkt-filter?post=25455"},{"taxonomy":"product_brand","embeddable":true,"href":"https:\/\/swisssabers.ch\/fr\/wp-json\/wp\/v2\/product_brand?post=25455"},{"taxonomy":"product_cat","embeddable":true,"href":"https:\/\/swisssabers.ch\/fr\/wp-json\/wp\/v2\/product_cat?post=25455"},{"taxonomy":"product_tag","embeddable":true,"href":"https:\/\/swisssabers.ch\/fr\/wp-json\/wp\/v2\/product_tag?post=25455"}],"curies":[{"name":"wp","href":"https:\/\/api.w.org\/{rel}","templated":true}]}}