{"id":26461,"date":"2025-09-15T23:43:35","date_gmt":"2025-09-15T21:43:35","guid":{"rendered":"https:\/\/swisssabers.ch\/shop\/wandhalterung-clip-vertikal\/"},"modified":"2026-03-31T16:38:40","modified_gmt":"2026-03-31T14:38:40","slug":"wandhalterung-clip-vertikal","status":"publish","type":"product","link":"https:\/\/swisssabers.ch\/fr\/boutique\/wandhalterung-clip-vertikal\/","title":{"rendered":"Support mural pour sabres laser | Avec clip | Vertical"},"content":{"rendered":"\n<p>Tu as peu de place au mur ou tu souhaites pr\u00e9senter ton sabre laser \u00e0 la verticale ? Ce support mural est la solution parfaite et minimaliste. Elle est con\u00e7ue de mani\u00e8re \u00e0 entourer la lame du sabre laser en toute s\u00e9curit\u00e9 sans g\u00eaner l&#8217;optique. Comme le support est blanc &#8211; tout comme la lame elle-m\u00eame &#8211; il se remarque \u00e0 peine sur les murs clairs. Tu peux ainsi te concentrer sur ton sabre laser.    <\/p>\n\n<ul class=\"wp-block-list\">\n<li><strong>Minimaliste :<\/strong> le clip est petit et blanc &#8211; sur un mur blanc, il est \u00e0 peine visible.<\/li>\n\n\n\n<li><strong>Une tenue \u00e0 toute \u00e9preuve :<\/strong> il suffit d&#8217;encliqueter ta lame (&#8220;snap-in&#8221;). L&#8217;\u00e9p\u00e9e est bien accroch\u00e9e, mais elle est toujours \u00e0 port\u00e9e de main pour le prochain duel. <\/li>\n\n\n\n<li><strong>Extensible :<\/strong> Id\u00e9al pour accrocher plusieurs \u00e9p\u00e9es les unes \u00e0 c\u00f4t\u00e9 des autres.<\/li>\n<\/ul>\n\n<p><strong>Voici comment \u00e7a fonctionne :<\/strong> le clip se visse au mur et saisit la <strong>lame<\/strong> de ton \u00e9p\u00e9e (pas la poign\u00e9e !).<\/p>\n\n<p><strong>Contenu de la livraison :<\/strong><\/p>\n\n<ul class=\"wp-block-list\">\n<li>1x support mural en m\u00e9tal blanc avec clip en caoutchouc<\/li>\n\n\n\n<li>Mat\u00e9riel de montage adapt\u00e9 (2x vis, 2x chevilles, 2x cache pour t\u00eate de vis)<\/li>\n<\/ul>\n\n<p><em>Non compatible avec le Darksaber (en raison de l&#8217;\u00e9troitesse de la lame)<\/em><\/p>\n","protected":false},"excerpt":{"rendered":"<p>Tu as peu de place au mur ou tu souhaites pr\u00e9senter ton sabre laser \u00e0 la verticale ? Ce support mural est la solution parfaite et minimaliste. Elle est con\u00e7ue de mani\u00e8re \u00e0 entourer la lame du sabre laser en toute s\u00e9curit\u00e9 sans g\u00eaner l&#8217;optique. Comme le support est blanc &#8211; tout comme la lame [&hellip;]<\/p>\n","protected":false},"featured_media":29196,"template":"","meta":{"_acf_changed":false,"wds_primary_product_brand":0,"wds_primary_product_cat":0},"produkt-filter":[431],"product_brand":[],"product_cat":[341,727,725],"product_tag":[],"class_list":{"0":"post-26461","1":"product","2":"type-product","3":"status-publish","4":"has-post-thumbnail","6":"produkt-filter-zubehoer-fr","7":"product_cat-accessoires","8":"product_cat-accessoires-product-feed","9":"product_cat-zubehoer-fuer-product-feed","11":"first","12":"instock","13":"taxable","14":"shipping-taxable","15":"purchasable","16":"product-type-simple"},"acf":[],"wcpa_form_fields":null,"_links":{"self":[{"href":"https:\/\/swisssabers.ch\/fr\/wp-json\/wp\/v2\/product\/26461","targetHints":{"allow":["GET"]}}],"collection":[{"href":"https:\/\/swisssabers.ch\/fr\/wp-json\/wp\/v2\/product"}],"about":[{"href":"https:\/\/swisssabers.ch\/fr\/wp-json\/wp\/v2\/types\/product"}],"version-history":[{"count":2,"href":"https:\/\/swisssabers.ch\/fr\/wp-json\/wp\/v2\/product\/26461\/revisions"}],"predecessor-version":[{"id":29204,"href":"https:\/\/swisssabers.ch\/fr\/wp-json\/wp\/v2\/product\/26461\/revisions\/29204"}],"wp:featuredmedia":[{"embeddable":true,"href":"https:\/\/swisssabers.ch\/fr\/wp-json\/wp\/v2\/media\/29196"}],"wp:attachment":[{"href":"https:\/\/swisssabers.ch\/fr\/wp-json\/wp\/v2\/media?parent=26461"}],"wp:term":[{"taxonomy":"produkt-filter","embeddable":true,"href":"https:\/\/swisssabers.ch\/fr\/wp-json\/wp\/v2\/produkt-filter?post=26461"},{"taxonomy":"product_brand","embeddable":true,"href":"https:\/\/swisssabers.ch\/fr\/wp-json\/wp\/v2\/product_brand?post=26461"},{"taxonomy":"product_cat","embeddable":true,"href":"https:\/\/swisssabers.ch\/fr\/wp-json\/wp\/v2\/product_cat?post=26461"},{"taxonomy":"product_tag","embeddable":true,"href":"https:\/\/swisssabers.ch\/fr\/wp-json\/wp\/v2\/product_tag?post=26461"}],"curies":[{"name":"wp","href":"https:\/\/api.w.org\/{rel}","templated":true}]}}