{"id":26709,"date":"2025-09-16T13:51:27","date_gmt":"2025-09-16T11:51:27","guid":{"rendered":"https:\/\/swisssabers.ch\/shop\/supernova-soundfont\/"},"modified":"2025-10-30T17:44:32","modified_gmt":"2025-10-30T16:44:32","slug":"supernova-soundfont","status":"publish","type":"product","link":"https:\/\/swisssabers.ch\/fr\/boutique\/supernova-soundfont\/","title":{"rendered":"Supernova | Soundfonts exclusifs"},"content":{"rendered":"\n<p>D\u00e9couvre le caract\u00e8re minimaliste de notre <strong>Soundfont Supernova<\/strong>. Soigneusement d\u00e9velopp\u00e9e par notre ing\u00e9nieur du son, elle offre des sons creux et atmosph\u00e9riques &#8211; mystiques et \u00e9nergiques. <\/p>\n\n<p>Avec 96 sons uniques, cette police offre une exp\u00e9rience coh\u00e9rente et l\u00e9g\u00e8rement futuriste :<\/p>\n\n<ul class=\"wp-block-list\">\n<li><strong>Hum<\/strong> &#8211; fond creux<\/li>\n\n\n\n<li><strong>Swings<\/strong> &#8211; des mouvements simples et clairs<\/li>\n\n\n\n<li><strong>Clashes<\/strong> &#8211; des sons qui frappent discr\u00e8tement<\/li>\n\n\n\n<li><strong>D\u00e9flexion du blaster<\/strong> &#8211; Sons de d\u00e9fense<\/li>\n\n\n\n<li><strong>Effets de force<\/strong> &#8211; impulsions subtiles<\/li>\n\n\n\n<li><strong>Drag &amp; Lockups<\/strong> &#8211; des effets int\u00e9ressants<\/li>\n<\/ul>\n","protected":false},"excerpt":{"rendered":"<p>D\u00e9couvre le caract\u00e8re minimaliste de notre Soundfont Supernova. Soigneusement d\u00e9velopp\u00e9e par notre ing\u00e9nieur du son, elle offre des sons creux et atmosph\u00e9riques &#8211; mystiques et \u00e9nergiques. Avec 96 sons uniques, cette police offre une exp\u00e9rience coh\u00e9rente et l\u00e9g\u00e8rement futuriste :<\/p>\n","protected":false},"featured_media":26716,"template":"","meta":{"_acf_changed":false,"wds_primary_product_brand":0,"wds_primary_product_cat":0},"produkt-filter":[],"product_brand":[],"product_cat":[690],"product_tag":[],"class_list":{"0":"post-26709","1":"product","2":"type-product","3":"status-publish","4":"has-post-thumbnail","6":"product_cat-soundfonts-fr","8":"first","9":"instock","10":"sale","11":"downloadable","12":"virtual","13":"sold-individually","14":"taxable","15":"purchasable","16":"product-type-simple"},"acf":[],"wcpa_form_fields":null,"_links":{"self":[{"href":"https:\/\/swisssabers.ch\/fr\/wp-json\/wp\/v2\/product\/26709","targetHints":{"allow":["GET"]}}],"collection":[{"href":"https:\/\/swisssabers.ch\/fr\/wp-json\/wp\/v2\/product"}],"about":[{"href":"https:\/\/swisssabers.ch\/fr\/wp-json\/wp\/v2\/types\/product"}],"version-history":[{"count":6,"href":"https:\/\/swisssabers.ch\/fr\/wp-json\/wp\/v2\/product\/26709\/revisions"}],"predecessor-version":[{"id":27554,"href":"https:\/\/swisssabers.ch\/fr\/wp-json\/wp\/v2\/product\/26709\/revisions\/27554"}],"wp:featuredmedia":[{"embeddable":true,"href":"https:\/\/swisssabers.ch\/fr\/wp-json\/wp\/v2\/media\/26716"}],"wp:attachment":[{"href":"https:\/\/swisssabers.ch\/fr\/wp-json\/wp\/v2\/media?parent=26709"}],"wp:term":[{"taxonomy":"produkt-filter","embeddable":true,"href":"https:\/\/swisssabers.ch\/fr\/wp-json\/wp\/v2\/produkt-filter?post=26709"},{"taxonomy":"product_brand","embeddable":true,"href":"https:\/\/swisssabers.ch\/fr\/wp-json\/wp\/v2\/product_brand?post=26709"},{"taxonomy":"product_cat","embeddable":true,"href":"https:\/\/swisssabers.ch\/fr\/wp-json\/wp\/v2\/product_cat?post=26709"},{"taxonomy":"product_tag","embeddable":true,"href":"https:\/\/swisssabers.ch\/fr\/wp-json\/wp\/v2\/product_tag?post=26709"}],"curies":[{"name":"wp","href":"https:\/\/api.w.org\/{rel}","templated":true}]}}