{"id":26728,"date":"2025-09-16T13:46:36","date_gmt":"2025-09-16T11:46:36","guid":{"rendered":"https:\/\/swisssabers.ch\/shop\/cindarion-soundfont\/"},"modified":"2025-10-30T17:44:34","modified_gmt":"2025-10-30T16:44:34","slug":"cindarion-soundfont","status":"publish","type":"product","link":"https:\/\/swisssabers.ch\/fr\/boutique\/cindarion-soundfont\/","title":{"rendered":"Cindarion | Soundfonts exclusifs"},"content":{"rendered":"\n<p>Attise la chaleur ardente avec notre <strong>Soundfont Cindarion<\/strong>. D\u00e9velopp\u00e9 avec soin par notre ing\u00e9nieur du son, il capture le cr\u00e9pitement de la puissance br\u00fblante dans le sabre laser &#8211; chaud et dynamique. <\/p>\n\n<p>Avec <strong>82 sons uniques<\/strong>, cette police offre une exp\u00e9rience incomparable :<\/p>\n\n<ul class=\"wp-block-list\">\n<li><strong>Hum<\/strong> &#8211; un ton de base puissant<\/li>\n\n\n\n<li><strong>Swings<\/strong> &#8211; des \u00e9tincelles cr\u00e9pitantes dans chaque mouvement<\/li>\n\n\n\n<li><strong>Clashes<\/strong> &#8211; des coups de lame \u00e9nergiques<\/li>\n\n\n\n<li><strong>Blaster-Deflection<\/strong> &#8211; des sons d\u00e9fensifs pr\u00e9cis<\/li>\n\n\n\n<li><strong>Effets de force<\/strong> &#8211; ressens l&#8217;impulsion du pouvoir<\/li>\n\n\n\n<li><strong>Drag &amp; Lockups<\/strong> &#8211; effets dynamiques pour une intensit\u00e9 maximale<\/li>\n<\/ul>\n\n<p>Le Soundfont de Cindarion ne fait pas que faire briller ta lame, il la rend <strong>vivante de mani\u00e8re audible et tangible<\/strong>. Chaque coup, chaque mouvement pulse d&#8217;une \u00e9nergie ardente &#8211; directement perceptible dans le manche. <\/p>\n","protected":false},"excerpt":{"rendered":"<p>Attise la chaleur ardente avec notre Soundfont Cindarion. D\u00e9velopp\u00e9 avec soin par notre ing\u00e9nieur du son, il capture le cr\u00e9pitement de la puissance br\u00fblante dans le sabre laser &#8211; chaud et dynamique. Avec 82 sons uniques, cette police offre une exp\u00e9rience incomparable : Le Soundfont de Cindarion ne fait pas que faire briller ta lame, [&hellip;]<\/p>\n","protected":false},"featured_media":26729,"template":"","meta":{"_acf_changed":false,"wds_primary_product_brand":0,"wds_primary_product_cat":0},"produkt-filter":[],"product_brand":[],"product_cat":[690],"product_tag":[],"class_list":{"0":"post-26728","1":"product","2":"type-product","3":"status-publish","4":"has-post-thumbnail","6":"product_cat-soundfonts-fr","8":"first","9":"instock","10":"sale","11":"downloadable","12":"virtual","13":"sold-individually","14":"taxable","15":"purchasable","16":"product-type-simple"},"acf":[],"wcpa_form_fields":null,"_links":{"self":[{"href":"https:\/\/swisssabers.ch\/fr\/wp-json\/wp\/v2\/product\/26728","targetHints":{"allow":["GET"]}}],"collection":[{"href":"https:\/\/swisssabers.ch\/fr\/wp-json\/wp\/v2\/product"}],"about":[{"href":"https:\/\/swisssabers.ch\/fr\/wp-json\/wp\/v2\/types\/product"}],"version-history":[{"count":3,"href":"https:\/\/swisssabers.ch\/fr\/wp-json\/wp\/v2\/product\/26728\/revisions"}],"predecessor-version":[{"id":26791,"href":"https:\/\/swisssabers.ch\/fr\/wp-json\/wp\/v2\/product\/26728\/revisions\/26791"}],"wp:featuredmedia":[{"embeddable":true,"href":"https:\/\/swisssabers.ch\/fr\/wp-json\/wp\/v2\/media\/26729"}],"wp:attachment":[{"href":"https:\/\/swisssabers.ch\/fr\/wp-json\/wp\/v2\/media?parent=26728"}],"wp:term":[{"taxonomy":"produkt-filter","embeddable":true,"href":"https:\/\/swisssabers.ch\/fr\/wp-json\/wp\/v2\/produkt-filter?post=26728"},{"taxonomy":"product_brand","embeddable":true,"href":"https:\/\/swisssabers.ch\/fr\/wp-json\/wp\/v2\/product_brand?post=26728"},{"taxonomy":"product_cat","embeddable":true,"href":"https:\/\/swisssabers.ch\/fr\/wp-json\/wp\/v2\/product_cat?post=26728"},{"taxonomy":"product_tag","embeddable":true,"href":"https:\/\/swisssabers.ch\/fr\/wp-json\/wp\/v2\/product_tag?post=26728"}],"curies":[{"name":"wp","href":"https:\/\/api.w.org\/{rel}","templated":true}]}}