{"id":26744,"date":"2025-09-09T23:52:20","date_gmt":"2025-09-09T21:52:20","guid":{"rendered":"https:\/\/swisssabers.ch\/shop\/god-of-thunder-soundfont\/"},"modified":"2025-10-30T17:45:15","modified_gmt":"2025-10-30T16:45:15","slug":"god-of-thunder-soundfont","status":"publish","type":"product","link":"https:\/\/swisssabers.ch\/fr\/boutique\/god-of-thunder-soundfont\/","title":{"rendered":"God Of Thunder | Soundfonts exclusifs"},"content":{"rendered":"\n<p>Lib\u00e8re la puissance brute des \u00e9clairs avec notre <strong>Soundfont God of Thunder<\/strong>. D\u00e9velopp\u00e9e avec soin par notre ing\u00e9nieur du son, elle capture l&#8217;\u00e9nergie \u00e9lectrisante d&#8217;un sabre laser charg\u00e9 &#8211; intense, dynamique et pleine de puissance. <\/p>\n\n<p>Avec <strong>86 sons uniques<\/strong>, cette police offre une exp\u00e9rience incomparable :<\/p>\n\n<ul class=\"wp-block-list\">\n<li><strong>Hum<\/strong> &#8211; un ton de base puissant et plein de tension<\/li>\n\n\n\n<li><strong>Swings<\/strong> &#8211; des mouvements \u00e9lectris\u00e9s dans chaque mouvement<\/li>\n\n\n\n<li><strong>Clashes<\/strong> &#8211; des coups de lame \u00e9nergiques<\/li>\n\n\n\n<li><strong>Blaster-Deflection<\/strong> &#8211; des sons d\u00e9fensifs pr\u00e9cis<\/li>\n\n\n\n<li><strong>Effets de force<\/strong> &#8211; des impulsions de pouvoir perceptibles<\/li>\n\n\n\n<li><strong>Drag &amp; Lockups<\/strong> &#8211; effets dynamiques pour une intensit\u00e9 maximale<\/li>\n<\/ul>\n\n<p>Le <strong>God of Thunder<\/strong> ne fait pas que faire briller ta lame, il la rend <strong>vivante de mani\u00e8re audible et tangible<\/strong>. Chaque coup, chaque mouvement pulse d&#8217;\u00e9nergie \u00e9lectrique &#8211; directement perceptible dans le manche. <\/p>\n","protected":false},"excerpt":{"rendered":"<p>Lib\u00e8re la puissance brute des \u00e9clairs avec notre Soundfont God of Thunder. D\u00e9velopp\u00e9e avec soin par notre ing\u00e9nieur du son, elle capture l&#8217;\u00e9nergie \u00e9lectrisante d&#8217;un sabre laser charg\u00e9 &#8211; intense, dynamique et pleine de puissance. Avec 86 sons uniques, cette police offre une exp\u00e9rience incomparable : Le God of Thunder ne fait pas que faire [&hellip;]<\/p>\n","protected":false},"featured_media":26745,"template":"","meta":{"_acf_changed":false,"wds_primary_product_brand":0,"wds_primary_product_cat":0},"produkt-filter":[693],"product_brand":[],"product_cat":[690],"product_tag":[],"class_list":{"0":"post-26744","1":"product","2":"type-product","3":"status-publish","4":"has-post-thumbnail","6":"produkt-filter-fontes-de-son","7":"product_cat-soundfonts-fr","9":"first","10":"instock","11":"sale","12":"downloadable","13":"virtual","14":"sold-individually","15":"taxable","16":"purchasable","17":"product-type-simple"},"acf":[],"wcpa_form_fields":null,"_links":{"self":[{"href":"https:\/\/swisssabers.ch\/fr\/wp-json\/wp\/v2\/product\/26744","targetHints":{"allow":["GET"]}}],"collection":[{"href":"https:\/\/swisssabers.ch\/fr\/wp-json\/wp\/v2\/product"}],"about":[{"href":"https:\/\/swisssabers.ch\/fr\/wp-json\/wp\/v2\/types\/product"}],"version-history":[{"count":3,"href":"https:\/\/swisssabers.ch\/fr\/wp-json\/wp\/v2\/product\/26744\/revisions"}],"predecessor-version":[{"id":26798,"href":"https:\/\/swisssabers.ch\/fr\/wp-json\/wp\/v2\/product\/26744\/revisions\/26798"}],"wp:featuredmedia":[{"embeddable":true,"href":"https:\/\/swisssabers.ch\/fr\/wp-json\/wp\/v2\/media\/26745"}],"wp:attachment":[{"href":"https:\/\/swisssabers.ch\/fr\/wp-json\/wp\/v2\/media?parent=26744"}],"wp:term":[{"taxonomy":"produkt-filter","embeddable":true,"href":"https:\/\/swisssabers.ch\/fr\/wp-json\/wp\/v2\/produkt-filter?post=26744"},{"taxonomy":"product_brand","embeddable":true,"href":"https:\/\/swisssabers.ch\/fr\/wp-json\/wp\/v2\/product_brand?post=26744"},{"taxonomy":"product_cat","embeddable":true,"href":"https:\/\/swisssabers.ch\/fr\/wp-json\/wp\/v2\/product_cat?post=26744"},{"taxonomy":"product_tag","embeddable":true,"href":"https:\/\/swisssabers.ch\/fr\/wp-json\/wp\/v2\/product_tag?post=26744"}],"curies":[{"name":"wp","href":"https:\/\/api.w.org\/{rel}","templated":true}]}}