{"id":26961,"date":"2025-09-23T09:56:28","date_gmt":"2025-09-23T07:56:28","guid":{"rendered":"https:\/\/swisssabers.ch\/shop\/cryoblade-soundfont\/"},"modified":"2025-10-30T17:44:29","modified_gmt":"2025-10-30T16:44:29","slug":"cryoblade-soundfont","status":"publish","type":"product","link":"https:\/\/swisssabers.ch\/fr\/boutique\/cryoblade-soundfont\/","title":{"rendered":"Cryoblade | Soundfont gratuit"},"content":{"rendered":"\n<p>D\u00e9couvre notre <strong>Soundfont Cryoblade<\/strong> gratuite. Soigneusement d\u00e9velopp\u00e9e par notre ing\u00e9nieur du son, elle offre des sons de fer creux pour ton sabre laser. <\/p>\n\n<p>Avec 40 sons uniques, parmi lesquels<\/p>\n\n<ul class=\"wp-block-list\">\n<li><strong>Hum<\/strong><\/li>\n\n\n\n<li><strong>Swings<\/strong><\/li>\n\n\n\n<li><strong>Clashes<\/strong><\/li>\n\n\n\n<li><strong>D\u00e9flexion du blaster<\/strong><\/li>\n\n\n\n<li><strong>Effets de la force<\/strong><\/li>\n\n\n\n<li><strong>Drag &amp; Lockups<\/strong><\/li>\n<\/ul>\n","protected":false},"excerpt":{"rendered":"<p>D\u00e9couvre notre Soundfont Cryoblade gratuite. Soigneusement d\u00e9velopp\u00e9e par notre ing\u00e9nieur du son, elle offre des sons de fer creux pour ton sabre laser. Avec 40 sons uniques, parmi lesquels<\/p>\n","protected":false},"featured_media":26963,"template":"","meta":{"_acf_changed":false,"wds_primary_product_brand":0,"wds_primary_product_cat":0},"produkt-filter":[],"product_brand":[],"product_cat":[690],"product_tag":[],"class_list":{"0":"post-26961","1":"product","2":"type-product","3":"status-publish","4":"has-post-thumbnail","6":"product_cat-soundfonts-fr","8":"first","9":"instock","10":"downloadable","11":"virtual","12":"taxable","13":"purchasable","14":"product-type-simple"},"acf":[],"wcpa_form_fields":null,"_links":{"self":[{"href":"https:\/\/swisssabers.ch\/fr\/wp-json\/wp\/v2\/product\/26961","targetHints":{"allow":["GET"]}}],"collection":[{"href":"https:\/\/swisssabers.ch\/fr\/wp-json\/wp\/v2\/product"}],"about":[{"href":"https:\/\/swisssabers.ch\/fr\/wp-json\/wp\/v2\/types\/product"}],"version-history":[{"count":3,"href":"https:\/\/swisssabers.ch\/fr\/wp-json\/wp\/v2\/product\/26961\/revisions"}],"predecessor-version":[{"id":27564,"href":"https:\/\/swisssabers.ch\/fr\/wp-json\/wp\/v2\/product\/26961\/revisions\/27564"}],"wp:featuredmedia":[{"embeddable":true,"href":"https:\/\/swisssabers.ch\/fr\/wp-json\/wp\/v2\/media\/26963"}],"wp:attachment":[{"href":"https:\/\/swisssabers.ch\/fr\/wp-json\/wp\/v2\/media?parent=26961"}],"wp:term":[{"taxonomy":"produkt-filter","embeddable":true,"href":"https:\/\/swisssabers.ch\/fr\/wp-json\/wp\/v2\/produkt-filter?post=26961"},{"taxonomy":"product_brand","embeddable":true,"href":"https:\/\/swisssabers.ch\/fr\/wp-json\/wp\/v2\/product_brand?post=26961"},{"taxonomy":"product_cat","embeddable":true,"href":"https:\/\/swisssabers.ch\/fr\/wp-json\/wp\/v2\/product_cat?post=26961"},{"taxonomy":"product_tag","embeddable":true,"href":"https:\/\/swisssabers.ch\/fr\/wp-json\/wp\/v2\/product_tag?post=26961"}],"curies":[{"name":"wp","href":"https:\/\/api.w.org\/{rel}","templated":true}]}}