{"id":33472,"date":"2026-03-09T12:36:23","date_gmt":"2026-03-09T11:36:23","guid":{"rendered":"https:\/\/swisssabers.ch\/shop\/acrylhaube\/"},"modified":"2026-04-14T10:20:02","modified_gmt":"2026-04-14T08:20:02","slug":"acrylhaube","status":"publish","type":"product","link":"https:\/\/swisssabers.ch\/fr\/boutique\/acrylhaube\/","title":{"rendered":"Coiffe en acrylique pour sabre laser | Coiffe de protection pour collectionneur"},"content":{"rendered":"\n<p>Pr\u00e9sente ton sabre laser avec style gr\u00e2ce \u00e0 notre pr\u00e9sentoir pour sabre laser en acrylique de haute qualit\u00e9. Le capot transparent en acrylique prot\u00e8ge ton objet de collection de la poussi\u00e8re et des dommages, tandis que le design \u00e9l\u00e9gant met parfaitement en valeur chaque sabre laser. Id\u00e9al pour les fans et les collectionneurs qui souhaitent conserver leur collection en toute s\u00e9curit\u00e9 tout en la pr\u00e9sentant de mani\u00e8re attrayante.  <\/p>\n\n<p>Dimensions : 400 x 110 x 110 mm<br\/><br\/>Remarque : le sabre laser sur l&#8217;image du produit n&#8217;est pas inclus et sert uniquement d&#8217;illustration.<\/p>\n","protected":false},"excerpt":{"rendered":"<p>Pr\u00e9sente ton sabre laser avec style gr\u00e2ce \u00e0 notre pr\u00e9sentoir pour sabre laser en acrylique de haute qualit\u00e9. Le capot transparent en acrylique prot\u00e8ge ton objet de collection de la poussi\u00e8re et des dommages, tandis que le design \u00e9l\u00e9gant met parfaitement en valeur chaque sabre laser. Id\u00e9al pour les fans et les collectionneurs qui souhaitent [&hellip;]<\/p>\n","protected":false},"featured_media":33481,"template":"","meta":{"_acf_changed":false,"wds_primary_product_brand":0,"wds_primary_product_cat":0},"produkt-filter":[431],"product_brand":[],"product_cat":[341,727],"product_tag":[],"class_list":{"0":"post-33472","1":"product","2":"type-product","3":"status-publish","4":"has-post-thumbnail","6":"produkt-filter-zubehoer-fr","7":"product_cat-accessoires","8":"product_cat-accessoires-product-feed","10":"first","11":"instock","12":"sale","13":"taxable","14":"shipping-taxable","15":"purchasable","16":"product-type-simple"},"acf":[],"wcpa_form_fields":null,"_links":{"self":[{"href":"https:\/\/swisssabers.ch\/fr\/wp-json\/wp\/v2\/product\/33472","targetHints":{"allow":["GET"]}}],"collection":[{"href":"https:\/\/swisssabers.ch\/fr\/wp-json\/wp\/v2\/product"}],"about":[{"href":"https:\/\/swisssabers.ch\/fr\/wp-json\/wp\/v2\/types\/product"}],"version-history":[{"count":3,"href":"https:\/\/swisssabers.ch\/fr\/wp-json\/wp\/v2\/product\/33472\/revisions"}],"predecessor-version":[{"id":33489,"href":"https:\/\/swisssabers.ch\/fr\/wp-json\/wp\/v2\/product\/33472\/revisions\/33489"}],"wp:featuredmedia":[{"embeddable":true,"href":"https:\/\/swisssabers.ch\/fr\/wp-json\/wp\/v2\/media\/33481"}],"wp:attachment":[{"href":"https:\/\/swisssabers.ch\/fr\/wp-json\/wp\/v2\/media?parent=33472"}],"wp:term":[{"taxonomy":"produkt-filter","embeddable":true,"href":"https:\/\/swisssabers.ch\/fr\/wp-json\/wp\/v2\/produkt-filter?post=33472"},{"taxonomy":"product_brand","embeddable":true,"href":"https:\/\/swisssabers.ch\/fr\/wp-json\/wp\/v2\/product_brand?post=33472"},{"taxonomy":"product_cat","embeddable":true,"href":"https:\/\/swisssabers.ch\/fr\/wp-json\/wp\/v2\/product_cat?post=33472"},{"taxonomy":"product_tag","embeddable":true,"href":"https:\/\/swisssabers.ch\/fr\/wp-json\/wp\/v2\/product_tag?post=33472"}],"curies":[{"name":"wp","href":"https:\/\/api.w.org\/{rel}","templated":true}]}}