{"id":35046,"date":"2026-03-23T17:13:45","date_gmt":"2026-03-23T16:13:45","guid":{"rendered":"https:\/\/swisssabers.ch\/shop\/vader-anakin-lichtschwert-bundle\/"},"modified":"2026-03-24T13:21:54","modified_gmt":"2026-03-24T12:21:54","slug":"vader-anakin-lichtschwert-bundle","status":"publish","type":"product","link":"https:\/\/swisssabers.ch\/fr\/boutique\/vader-anakin-lichtschwert-bundle\/","title":{"rendered":"&#8220;Balance of the Force&#8221; bundle sabre laser | Vader &amp; Anakin SE | Editions simplifi\u00e9es"},"content":{"rendered":"\n<p>Nos sabres laser se distinguent par une finition de haute qualit\u00e9. La poign\u00e9e est en m\u00e9tal (alliage d\u2019aluminium), la lame est en polycarbonate robuste.  Ils disposent de nombreuses couleurs de lames r\u00e9glables, de soundfonts, de modes et d\u2019effets. Elles conviennent parfaitement \u00e0 tous les fans de Star Wars, qu\u2019ils soient Jedi ou Sith, aux cosplayers ou simplement pour exposer et d\u00e9corer les collectionneurs et les amateurs. <\/p>\n\n<ul class=\"wp-block-list\">\n<li>34+ (pixels) polices de son pr\u00e9install\u00e9es<\/li>\n\n\n\n<li>Couleurs de lames r\u00e9glables \u00e0 l\u2019infini<\/li>\n\n\n\n<li>Tableau sonore Sensitive Smooth Swing<\/li>\n\n\n\n<li>Se connecter \u00e0 l\u2019application et ajuster les param\u00e8tres avec le smartphone<\/li>\n\n\n\n<li>Batterie Li-ion (rechargeable et rempla\u00e7able)<\/li>\n\n\n\n<li>Poign\u00e9e : aluminium, longueur d\u2019environ 28 cm<\/li>\n\n\n\n<li>Lame : polycarbonate Light Diffusion, 92 cm de long et 1\u2033 (2,54 cm) de diam\u00e8tre<\/li>\n\n\n\n<li>Peut \u00eatre connect\u00e9 pour former un sabre laser \u00e0 double lame : Non<\/li>\n\n\n\n<li>Peut \u00eatre fix\u00e9 \u00e0 une boucle de ceinture : Oui<\/li>\n<\/ul>\n\n<p>Ce mod\u00e8le n\u2019est disponible ici qu\u2019en version Pixel (version RGB uniquement sur demande). Tu trouveras plus d\u2019informations sur la page \u201c<a href=\"https:\/\/swisssabers.ch\/rgb-oder-pixel\/\">RGB ou Pixel ?<\/a> <\/p>\n\n<p>Ce sabre laser est livr\u00e9 dans une <strong>mallette premium<\/strong> avec le contenu et les accessoires suivants :<\/p>\n\n<ul class=\"wp-block-list\">\n<li>Poign\u00e9e de sabre laser avec lame<\/li>\n\n\n\n<li>Chargeur & c\u00e2ble de charge<\/li>\n\n\n\n<li>Mode d\u2019emploi<\/li>\n\n\n\n<li>Vis pour le montage + vis de rechange<\/li>\n\n\n\n<li>Outil<\/li>\n\n\n\n<li>Carte SD + adaptateur USB<\/li>\n<\/ul>\n\n<hr class=\"wp-block-separator has-alpha-channel-opacity\"\/>\n\n<h4 class=\"wp-block-heading\"><strong>Sensitive Smooth Swing<\/strong>:<\/h4>\n\n<p>Le sabre laser r\u00e9agit au balancement et aux coups avec des sons et des effets r\u00e9alistes.<\/p>\n\n<h4 class=\"wp-block-heading\"><strong>Couleurs de lames r\u00e9glables<\/strong>:<\/h4>\n\n<p>Personnalise la couleur de la lame comme tu le souhaites (rouge, bleu, vert, violet, jaune, blanc et bien d\u2019autres).<\/p>\n\n<h4 class=\"wp-block-heading\"><strong>Fontes sonores immersives<\/strong>:<\/h4>\n\n<p>Choisis entre 16 (RGB) et 34+ (Neopixel) polices de sons ou ajoute m\u00eame les tiennes (la version RGB n\u00e9cessite une carte SD s\u00e9par\u00e9e, d\u00e9j\u00e0 pr\u00e9sente dans la version Pixel).<\/p>\n\n<h4 class=\"wp-block-heading\"><strong>Effets de lames et de sons<\/strong>:<\/h4>\n\n<p>Lockup, parer les blasters, effets sonores en cas de choc, volume r\u00e9glable et bien plus encore.<\/p>\n\n<h4 class=\"wp-block-heading\"><strong>Se connecter \u00e0 son smartphone<\/strong><\/h4>\n\n<p>Connecte ton sabre laser via Bluetooth et r\u00e8gle les polices sonores, les couleurs des lames et d\u2019autres param\u00e8tres via l\u2019application.<\/p>\n\n<h4 class=\"wp-block-heading\"><strong>Contr\u00f4les de mouvement<\/strong>:<\/h4>\n\n<p>Utilise le sabre laser en faisant des gestes comme le tourner ou le pousser vers l\u2019avant pour l\u2019allumer.<\/p>\n\n<h4 class=\"wp-block-heading\"><strong>Batterie rechargeable<\/strong>:<\/h4>\n\n<p>Le c\u00e2ble de chargement fourni permet de recharger facilement la batterie Li-Ion int\u00e9gr\u00e9e.<\/p>\n\n<h4 class=\"wp-block-heading\"><strong>Poign\u00e9e robuste en aluminium<\/strong>:<\/h4>\n\n<p>Chaque poign\u00e9e est faite d\u2019un alliage d\u2019aluminium, ce qui rend le sabre laser particuli\u00e8rement qualitatif et r\u00e9sistant.<\/p>\n\n<h4 class=\"wp-block-heading\"><strong>Lame en polycarbonate<\/strong>:<\/h4>\n\n<p>Si tu veux te battre en duel, la version RGB te conviendra parfaitement gr\u00e2ce \u00e0 sa lame en polycarbonate r\u00e9sistante. La version Pixel est plus fragile en raison des LED qui y sont int\u00e9gr\u00e9es et ne convient donc pas pour les combats. <\/p>\n","protected":false},"excerpt":{"rendered":"<p>Nos sabres laser se distinguent par une finition de haute qualit\u00e9. La poign\u00e9e est en m\u00e9tal (alliage d\u2019aluminium), la lame est en polycarbonate robuste. Ils disposent de nombreuses couleurs de lames r\u00e9glables, de soundfonts, de modes et d\u2019effets. Elles conviennent parfaitement \u00e0 tous les fans de Star Wars, qu\u2019ils soient Jedi ou Sith, aux cosplayers [&hellip;]<\/p>\n","protected":false},"featured_media":35047,"template":"","meta":{"_acf_changed":false,"wds_primary_product_brand":0,"wds_primary_product_cat":0},"produkt-filter":[407,411,414,416],"product_brand":[],"product_cat":[457],"product_tag":[],"class_list":{"0":"post-35046","1":"product","2":"type-product","3":"status-publish","4":"has-post-thumbnail","6":"produkt-filter-kampftauglich-rgb-fr","7":"produkt-filter-helle-seite-fr","8":"produkt-filter-dunkle-seite-fr","9":"produkt-filter-prequels-fr","10":"product_cat-bundles-fr","11":"pa_version-rgb-fr","12":"pa_version-pixel-fr","14":"first","15":"instock","16":"sale","17":"taxable","18":"shipping-taxable","19":"purchasable","20":"product-type-variable","21":"has-default-attributes"},"acf":[],"wcpa_form_fields":null,"_links":{"self":[{"href":"https:\/\/swisssabers.ch\/fr\/wp-json\/wp\/v2\/product\/35046","targetHints":{"allow":["GET"]}}],"collection":[{"href":"https:\/\/swisssabers.ch\/fr\/wp-json\/wp\/v2\/product"}],"about":[{"href":"https:\/\/swisssabers.ch\/fr\/wp-json\/wp\/v2\/types\/product"}],"version-history":[{"count":1,"href":"https:\/\/swisssabers.ch\/fr\/wp-json\/wp\/v2\/product\/35046\/revisions"}],"predecessor-version":[{"id":35050,"href":"https:\/\/swisssabers.ch\/fr\/wp-json\/wp\/v2\/product\/35046\/revisions\/35050"}],"wp:featuredmedia":[{"embeddable":true,"href":"https:\/\/swisssabers.ch\/fr\/wp-json\/wp\/v2\/media\/35047"}],"wp:attachment":[{"href":"https:\/\/swisssabers.ch\/fr\/wp-json\/wp\/v2\/media?parent=35046"}],"wp:term":[{"taxonomy":"produkt-filter","embeddable":true,"href":"https:\/\/swisssabers.ch\/fr\/wp-json\/wp\/v2\/produkt-filter?post=35046"},{"taxonomy":"product_brand","embeddable":true,"href":"https:\/\/swisssabers.ch\/fr\/wp-json\/wp\/v2\/product_brand?post=35046"},{"taxonomy":"product_cat","embeddable":true,"href":"https:\/\/swisssabers.ch\/fr\/wp-json\/wp\/v2\/product_cat?post=35046"},{"taxonomy":"product_tag","embeddable":true,"href":"https:\/\/swisssabers.ch\/fr\/wp-json\/wp\/v2\/product_tag?post=35046"}],"curies":[{"name":"wp","href":"https:\/\/api.w.org\/{rel}","templated":true}]}}