{"id":35126,"date":"2026-03-24T14:02:12","date_gmt":"2026-03-24T13:02:12","guid":{"rendered":"https:\/\/swisssabers.ch\/shop\/lichtschwert-ketten\/"},"modified":"2026-04-03T08:25:32","modified_gmt":"2026-04-03T06:25:32","slug":"lichtschwert-ketten","status":"publish","type":"product","link":"https:\/\/swisssabers.ch\/fr\/boutique\/lichtschwert-ketten\/","title":{"rendered":"Mini pendentif sabre laser | cha\u00eenes Saber"},"content":{"rendered":"\n<p><\/p>\n\n<p>Choisis parmi les designs iconiques de notre collection. Ces mini-sabres d\u00e9taill\u00e9s sont la mise \u00e0 niveau parfaite pour ta collection. Parfaitement adapt\u00e9 comme collier, porte-sac ou porte-cl\u00e9s.  <\/p>\n\n<p>Dimensions : pendentif environ 4-8 cm (7g)<br\/>cha\u00eene environ 80 cm de longueur totale (14g)<\/p>\n","protected":false},"excerpt":{"rendered":"<p>Choisis parmi les designs iconiques de notre collection. Ces mini-sabres d\u00e9taill\u00e9s sont la mise \u00e0 niveau parfaite pour ta collection. Parfaitement adapt\u00e9 comme collier, porte-sac ou porte-cl\u00e9s. Dimensions : pendentif environ 4-8 cm (7g)cha\u00eene environ 80 cm de longueur totale (14g)<\/p>\n","protected":false},"featured_media":35128,"template":"","meta":{"_acf_changed":false,"wds_primary_product_brand":0,"wds_primary_product_cat":0},"produkt-filter":[431],"product_brand":[],"product_cat":[341],"product_tag":[],"class_list":{"0":"post-35126","1":"product","2":"type-product","3":"status-publish","4":"has-post-thumbnail","6":"produkt-filter-zubehoer-fr","7":"product_cat-accessoires","9":"first","10":"instock","11":"taxable","12":"shipping-taxable","13":"purchasable","14":"product-type-variable","15":"has-default-attributes"},"acf":[],"wcpa_form_fields":null,"_links":{"self":[{"href":"https:\/\/swisssabers.ch\/fr\/wp-json\/wp\/v2\/product\/35126","targetHints":{"allow":["GET"]}}],"collection":[{"href":"https:\/\/swisssabers.ch\/fr\/wp-json\/wp\/v2\/product"}],"about":[{"href":"https:\/\/swisssabers.ch\/fr\/wp-json\/wp\/v2\/types\/product"}],"version-history":[{"count":1,"href":"https:\/\/swisssabers.ch\/fr\/wp-json\/wp\/v2\/product\/35126\/revisions"}],"predecessor-version":[{"id":35231,"href":"https:\/\/swisssabers.ch\/fr\/wp-json\/wp\/v2\/product\/35126\/revisions\/35231"}],"wp:featuredmedia":[{"embeddable":true,"href":"https:\/\/swisssabers.ch\/fr\/wp-json\/wp\/v2\/media\/35128"}],"wp:attachment":[{"href":"https:\/\/swisssabers.ch\/fr\/wp-json\/wp\/v2\/media?parent=35126"}],"wp:term":[{"taxonomy":"produkt-filter","embeddable":true,"href":"https:\/\/swisssabers.ch\/fr\/wp-json\/wp\/v2\/produkt-filter?post=35126"},{"taxonomy":"product_brand","embeddable":true,"href":"https:\/\/swisssabers.ch\/fr\/wp-json\/wp\/v2\/product_brand?post=35126"},{"taxonomy":"product_cat","embeddable":true,"href":"https:\/\/swisssabers.ch\/fr\/wp-json\/wp\/v2\/product_cat?post=35126"},{"taxonomy":"product_tag","embeddable":true,"href":"https:\/\/swisssabers.ch\/fr\/wp-json\/wp\/v2\/product_tag?post=35126"}],"curies":[{"name":"wp","href":"https:\/\/api.w.org\/{rel}","templated":true}]}}