{"id":34094,"date":"2026-03-13T19:48:44","date_gmt":"2026-03-13T18:48:44","guid":{"rendered":"https:\/\/swisssabers.ch\/troubleshooting\/"},"modified":"2026-03-16T19:05:34","modified_gmt":"2026-03-16T18:05:34","slug":"troubleshooting","status":"publish","type":"page","link":"https:\/\/swisssabers.ch\/it\/troubleshooting\/","title":{"rendered":"Risoluzione dei problemi"},"content":{"rendered":"\t\t<div data-elementor-type=\"wp-page\" data-elementor-id=\"34094\" class=\"elementor elementor-34094 elementor-32676\" data-elementor-post-type=\"page\">\n\t\t\t\t<div class=\"elementor-element elementor-element-6473433 e-flex e-con-boxed e-con e-parent\" data-id=\"6473433\" data-element_type=\"container\" data-e-type=\"container\" data-settings=\"{&quot;background_background&quot;:&quot;classic&quot;}\">\n\t\t\t\t\t<div class=\"e-con-inner\">\n\t\t\t\t<div class=\"elementor-element elementor-element-aedc769 elementor-widget elementor-widget-heading\" data-id=\"aedc769\" data-element_type=\"widget\" data-e-type=\"widget\" data-widget_type=\"heading.default\">\n\t\t\t\t<div class=\"elementor-widget-container\">\n\t\t\t\t\t<h6 class=\"elementor-heading-title elementor-size-default\">DOMANDE FREQUENTI<\/h6>\t\t\t\t<\/div>\n\t\t\t\t<\/div>\n\t\t\t\t<div class=\"elementor-element elementor-element-3d837f5 elementor-widget elementor-widget-heading\" data-id=\"3d837f5\" data-element_type=\"widget\" data-e-type=\"widget\" data-widget_type=\"heading.default\">\n\t\t\t\t<div class=\"elementor-widget-container\">\n\t\t\t\t\t<h2 class=\"elementor-heading-title elementor-size-default\">Guida alla risoluzione dei problemi<\/h2>\t\t\t\t<\/div>\n\t\t\t\t<\/div>\n\t\t\t\t<div class=\"elementor-element elementor-element-8decedf elementor-widget elementor-widget-image\" data-id=\"8decedf\" data-element_type=\"widget\" data-e-type=\"widget\" data-widget_type=\"image.default\">\n\t\t\t\t<div class=\"elementor-widget-container\">\n\t\t\t\t\t\t\t\t\t\t\t\t\t\t\t<img fetchpriority=\"high\" decoding=\"async\" width=\"1024\" height=\"121\" src=\"https:\/\/swisssabers.ch\/wp-content\/smush-webp\/2026\/03\/Yellow-Line-1024x121.png.webp\" class=\"attachment-large size-large wp-image-32397\" alt=\"\" srcset=\"https:\/\/swisssabers.ch\/wp-content\/smush-webp\/2026\/03\/Yellow-Line-1024x121.png.webp 1024w, https:\/\/swisssabers.ch\/wp-content\/smush-webp\/2026\/03\/Yellow-Line-150x18.png.webp 150w, https:\/\/swisssabers.ch\/wp-content\/smush-webp\/2026\/03\/Yellow-Line-1200x142.png.webp 1200w, https:\/\/swisssabers.ch\/wp-content\/smush-webp\/2026\/03\/Yellow-Line-300x36.png.webp 300w, https:\/\/swisssabers.ch\/wp-content\/smush-webp\/2026\/03\/Yellow-Line-768x91.png.webp 768w, https:\/\/swisssabers.ch\/wp-content\/smush-webp\/2026\/03\/Yellow-Line-990x117.png.webp 990w, https:\/\/swisssabers.ch\/wp-content\/smush-webp\/2026\/03\/Yellow-Line-441x52.png.webp 441w, https:\/\/swisssabers.ch\/wp-content\/smush-webp\/2026\/03\/Yellow-Line.png.webp 1299w\" sizes=\"(max-width: 1024px) 100vw, 1024px\" \/>\t\t\t\t\t\t\t\t\t\t\t\t\t\t\t<\/div>\n\t\t\t\t<\/div>\n\t\t\t\t<div class=\"elementor-element elementor-element-e7fd853 elementor-widget elementor-widget-text-editor\" data-id=\"e7fd853\" data-element_type=\"widget\" data-e-type=\"widget\" data-widget_type=\"text-editor.default\">\n\t\t\t\t<div class=\"elementor-widget-container\">\n\t\t\t\t\t\t\t\t\t<p>In questa pagina rispondiamo alle domande pi\u00f9 frequenti e forniamo suggerimenti sui problemi pi\u00f9 comuni. Se il tuo problema non viene risolto in questa pagina, inviaci un&#8217;e-mail: ti aiuteremo in modo rapido e affidabile. <\/p><p>Hai perso le istruzioni per l&#8217;uso o hai difficolt\u00e0 a capire tutte le funzioni? Allora visita la seguente pagina per trovare le istruzioni online e i video didattici: <a href=\"https:\/\/swisssabers.ch\/it\/bedienungsanleitung\/\">Alle istruzioni per l&#8217;uso<\/a> <\/p>\t\t\t\t\t\t\t\t<\/div>\n\t\t\t\t<\/div>\n\t\t\t\t<div class=\"elementor-element elementor-element-3e0b35b elementor-widget-mobile__width-inherit elementor-widget elementor-widget-n-accordion\" data-id=\"3e0b35b\" data-element_type=\"widget\" data-e-type=\"widget\" data-settings=\"{&quot;default_state&quot;:&quot;all_collapsed&quot;,&quot;max_items_expended&quot;:&quot;one&quot;,&quot;n_accordion_animation_duration&quot;:{&quot;unit&quot;:&quot;ms&quot;,&quot;size&quot;:400,&quot;sizes&quot;:[]}}\" data-widget_type=\"nested-accordion.default\">\n\t\t\t\t<div class=\"elementor-widget-container\">\n\t\t\t\t\t\t\t<div class=\"e-n-accordion\" aria-label=\"Accordion. Open links with Enter or Space, close with Escape, and navigate with Arrow Keys\">\n\t\t\t\t\t\t<details id=\"e-n-accordion-item-6500\" class=\"e-n-accordion-item\" >\n\t\t\t\t<summary class=\"e-n-accordion-item-title\" data-accordion-index=\"1\" tabindex=\"0\" aria-expanded=\"false\" aria-controls=\"e-n-accordion-item-6500\" >\n\t\t\t\t\t<span class='e-n-accordion-item-title-header'><div class=\"e-n-accordion-item-title-text\"> Come si assembla una spada laser? <\/div><\/span>\n\t\t\t\t\t\t\t<span class='e-n-accordion-item-title-icon'>\n\t\t\t<span class='e-opened' ><i aria-hidden=\"true\" class=\" arrow_carrot-up\"><\/i><\/span>\n\t\t\t<span class='e-closed'><i aria-hidden=\"true\" class=\" arrow_carrot-down\"><\/i><\/span>\n\t\t<\/span>\n\n\t\t\t\t\t\t<\/summary>\n\t\t\t\t<div role=\"region\" aria-labelledby=\"e-n-accordion-item-6500\" class=\"elementor-element elementor-element-c8b9152 e-con-full e-flex e-con e-child\" data-id=\"c8b9152\" data-element_type=\"container\" data-e-type=\"container\" data-settings=\"{&quot;background_background&quot;:&quot;classic&quot;}\">\n\t\t<div role=\"region\" aria-labelledby=\"e-n-accordion-item-6500\" class=\"elementor-element elementor-element-9d8f50b e-flex e-con-boxed e-con e-child\" data-id=\"9d8f50b\" data-element_type=\"container\" data-e-type=\"container\">\n\t\t\t\t\t<div class=\"e-con-inner\">\n\t\t\t\t<div class=\"elementor-element elementor-element-baab1db elementor-widget elementor-widget-text-editor\" data-id=\"baab1db\" data-element_type=\"widget\" data-e-type=\"widget\" data-widget_type=\"text-editor.default\">\n\t\t\t\t<div class=\"elementor-widget-container\">\n\t\t\t\t\t\t\t\t\t<p data-start=\"101\" data-end=\"472\">Rimuovi il cappuccio protettivo bianco o viola dalla parte inferiore della lama. Fai scorrere la lama nell&#8217;impugnatura finch\u00e9 non si appoggia alla sorgente luminosa. Con un modello Neopixel (premium), \u00e8 importante premere con forza in modo che i perni si aggancino correttamente. Assicurati che le viti a brugola non blocchino la lama all&#8217;interno dell&#8217;impugnatura.   <\/p><p data-start=\"474\" data-end=\"660\">Quindi utilizza le piccole viti a brugola e la chiave a brugola in dotazione per fissare la lama nell&#8217;impugnatura. Fai attenzione a non stringere troppo le viti. <\/p>\t\t\t\t\t\t\t\t<\/div>\n\t\t\t\t<\/div>\n\t\t\t\t\t<\/div>\n\t\t\t\t<\/div>\n\t\t<div role=\"region\" aria-labelledby=\"e-n-accordion-item-6500\" class=\"elementor-element elementor-element-846fd92 e-con-full e-flex e-con e-child\" data-id=\"846fd92\" data-element_type=\"container\" data-e-type=\"container\">\n\t\t\t\t<div class=\"elementor-element elementor-element-e4bd83b elementor-widget elementor-widget-video\" data-id=\"e4bd83b\" data-element_type=\"widget\" data-e-type=\"widget\" data-settings=\"{&quot;youtube_url&quot;:&quot;https:\\\/\\\/www.youtube.com\\\/watch?v=Mt65xZ6aXXM&amp;t=18s&quot;,&quot;video_type&quot;:&quot;youtube&quot;,&quot;controls&quot;:&quot;yes&quot;}\" data-widget_type=\"video.default\">\n\t\t\t\t<div class=\"elementor-widget-container\">\n\t\t\t\t\t\t\t<div class=\"elementor-wrapper elementor-open-inline\">\n\t\t\t<div class=\"elementor-video\"><\/div>\t\t<\/div>\n\t\t\t\t\t\t<\/div>\n\t\t\t\t<\/div>\n\t\t\t\t<\/div>\n\t\t\t\t<\/div>\n\t\t\t\t\t<\/details>\n\t\t\t\t\t\t<details id=\"e-n-accordion-item-6501\" class=\"e-n-accordion-item\" >\n\t\t\t\t<summary class=\"e-n-accordion-item-title\" data-accordion-index=\"2\" tabindex=\"-1\" aria-expanded=\"false\" aria-controls=\"e-n-accordion-item-6501\" >\n\t\t\t\t\t<span class='e-n-accordion-item-title-header'><div class=\"e-n-accordion-item-title-text\"> La lama \u00e8 allentata e oscilla leggermente. <\/div><\/span>\n\t\t\t\t\t\t\t<span class='e-n-accordion-item-title-icon'>\n\t\t\t<span class='e-opened' ><i aria-hidden=\"true\" class=\" arrow_carrot-up\"><\/i><\/span>\n\t\t\t<span class='e-closed'><i aria-hidden=\"true\" class=\" arrow_carrot-down\"><\/i><\/span>\n\t\t<\/span>\n\n\t\t\t\t\t\t<\/summary>\n\t\t\t\t<div role=\"region\" aria-labelledby=\"e-n-accordion-item-6501\" class=\"elementor-element elementor-element-0752f74 e-con-full e-flex e-con e-child\" data-id=\"0752f74\" data-element_type=\"container\" data-e-type=\"container\" data-settings=\"{&quot;background_background&quot;:&quot;classic&quot;}\">\n\t\t<div role=\"region\" aria-labelledby=\"e-n-accordion-item-6501\" class=\"elementor-element elementor-element-52a4b3a e-flex e-con-boxed e-con e-child\" data-id=\"52a4b3a\" data-element_type=\"container\" data-e-type=\"container\">\n\t\t\t\t\t<div class=\"e-con-inner\">\n\t\t\t\t<div class=\"elementor-element elementor-element-d92def2 elementor-widget elementor-widget-text-editor\" data-id=\"d92def2\" data-element_type=\"widget\" data-e-type=\"widget\" data-widget_type=\"text-editor.default\">\n\t\t\t\t<div class=\"elementor-widget-container\">\n\t\t\t\t\t\t\t\t\t<p data-start=\"100\" data-end=\"355\">Dipende dalla spada laser, quante viti vengono utilizzate per fissare la lama nell&#8217;impugnatura. \u00c8 importante che tu spinga la lama il pi\u00f9 a fondo possibile nell&#8217;impugnatura (contro la lampada o i perni dei neopixel) prima di stringere le viti. <\/p><p data-start=\"357\" data-end=\"529\">Con un modello Neopixel (di qualit\u00e0 superiore), assicurati di premere con sufficiente forza in modo che le viti non colpiscano il circuito stampato. Puoi stringere le viti in modo abbastanza deciso. <\/p><p data-start=\"531\" data-end=\"873\">La tua tavola centrale sembra traballare? Allora stringi ancora di pi\u00f9 le viti per verificare se questo risolve il problema. Fai attenzione a non danneggiare le filettature.  <\/p><p data-start=\"875\" data-end=\"1031\">La tavola centrale si muove ancora? Allora controlla che le viti siano ben strette (ma non esagerare per non danneggiare la vite). <\/p>\t\t\t\t\t\t\t\t<\/div>\n\t\t\t\t<\/div>\n\t\t\t\t\t<\/div>\n\t\t\t\t<\/div>\n\t\t\t\t<\/div>\n\t\t\t\t\t<\/details>\n\t\t\t\t\t\t<details id=\"e-n-accordion-item-6502\" class=\"e-n-accordion-item\" >\n\t\t\t\t<summary class=\"e-n-accordion-item-title\" data-accordion-index=\"3\" tabindex=\"-1\" aria-expanded=\"false\" aria-controls=\"e-n-accordion-item-6502\" >\n\t\t\t\t\t<span class='e-n-accordion-item-title-header'><div class=\"e-n-accordion-item-title-text\"> La spada laser non emette alcun suono. <\/div><\/span>\n\t\t\t\t\t\t\t<span class='e-n-accordion-item-title-icon'>\n\t\t\t<span class='e-opened' ><i aria-hidden=\"true\" class=\" arrow_carrot-up\"><\/i><\/span>\n\t\t\t<span class='e-closed'><i aria-hidden=\"true\" class=\" arrow_carrot-down\"><\/i><\/span>\n\t\t<\/span>\n\n\t\t\t\t\t\t<\/summary>\n\t\t\t\t<div role=\"region\" aria-labelledby=\"e-n-accordion-item-6502\" class=\"elementor-element elementor-element-25a2193 e-con-full e-flex e-con e-child\" data-id=\"25a2193\" data-element_type=\"container\" data-e-type=\"container\" data-settings=\"{&quot;background_background&quot;:&quot;classic&quot;}\">\n\t\t<div role=\"region\" aria-labelledby=\"e-n-accordion-item-6502\" class=\"elementor-element elementor-element-1767908 e-flex e-con-boxed e-con e-child\" data-id=\"1767908\" data-element_type=\"container\" data-e-type=\"container\">\n\t\t\t\t\t<div class=\"e-con-inner\">\n\t\t\t\t<div class=\"elementor-element elementor-element-6f56470 elementor-widget elementor-widget-text-editor\" data-id=\"6f56470\" data-element_type=\"widget\" data-e-type=\"widget\" data-widget_type=\"text-editor.default\">\n\t\t\t\t<div class=\"elementor-widget-container\">\n\t\t\t\t\t\t\t\t\t<p data-start=\"70\" data-end=\"219\">Forse la spada laser \u00e8 in <strong data-start=\"105\" data-end=\"132\">modalit\u00e0 silenziosa<\/strong>. Le Swiss Sabers hanno diversi livelli di volume e una modalit\u00e0 silenziosa. <\/p><p data-start=\"221\" data-end=\"524\">Per modificare il volume, la spada laser deve essere in modalit\u00e0 standby. Tieni premuto il pulsante finch\u00e9 la luce non lampeggia una volta e poi rilascialo. A questo punto apparir\u00e0 una conferma acustica. Ripeti questa procedura per passare dalla modalit\u00e0 volume a quella silenziosa.   <\/p>\t\t\t\t\t\t\t\t<\/div>\n\t\t\t\t<\/div>\n\t\t\t\t\t<\/div>\n\t\t\t\t<\/div>\n\t\t\t\t<\/div>\n\t\t\t\t\t<\/details>\n\t\t\t\t\t\t<details id=\"e-n-accordion-item-6503\" class=\"e-n-accordion-item\" >\n\t\t\t\t<summary class=\"e-n-accordion-item-title\" data-accordion-index=\"4\" tabindex=\"-1\" aria-expanded=\"false\" aria-controls=\"e-n-accordion-item-6503\" >\n\t\t\t\t\t<span class='e-n-accordion-item-title-header'><div class=\"e-n-accordion-item-title-text\"> La spada laser non pu\u00f2 essere accesa <\/div><\/span>\n\t\t\t\t\t\t\t<span class='e-n-accordion-item-title-icon'>\n\t\t\t<span class='e-opened' ><i aria-hidden=\"true\" class=\" arrow_carrot-up\"><\/i><\/span>\n\t\t\t<span class='e-closed'><i aria-hidden=\"true\" class=\" arrow_carrot-down\"><\/i><\/span>\n\t\t<\/span>\n\n\t\t\t\t\t\t<\/summary>\n\t\t\t\t<div role=\"region\" aria-labelledby=\"e-n-accordion-item-6503\" class=\"elementor-element elementor-element-8e7edb9 e-con-full e-flex e-con e-child\" data-id=\"8e7edb9\" data-element_type=\"container\" data-e-type=\"container\" data-settings=\"{&quot;background_background&quot;:&quot;classic&quot;}\">\n\t\t<div role=\"region\" aria-labelledby=\"e-n-accordion-item-6503\" class=\"elementor-element elementor-element-570a7a8 e-flex e-con-boxed e-con e-child\" data-id=\"570a7a8\" data-element_type=\"container\" data-e-type=\"container\">\n\t\t\t\t\t<div class=\"e-con-inner\">\n\t\t\t\t<div class=\"elementor-element elementor-element-626c6a4 elementor-widget elementor-widget-text-editor\" data-id=\"626c6a4\" data-element_type=\"widget\" data-e-type=\"widget\" data-widget_type=\"text-editor.default\">\n\t\t\t\t<div class=\"elementor-widget-container\">\n\t\t\t\t\t\t\t\t\t<p data-start=\"70\" data-end=\"353\">Probabilmente la batteria \u00e8 debole o molto scarica. Spegni completamente la spada laser (non in modalit\u00e0 standby) e collegala al caricabatterie in dotazione (5 V, 1 A). Se questo non la riattiva, rimuovi la batteria dall&#8217;alloggiamento e caricala con il caricatore esterno nero in dotazione. Questo dovrebbe riattivare una batteria molto scarica,   <\/p><p data-start=\"355\" data-end=\"531\">Assicurati di utilizzare solo un caricabatterie Swiss Sabers adatto con una potenza massima di 5 V\/1 A. Non utilizzare caricatori di altri produttori! <\/p>\t\t\t\t\t\t\t\t<\/div>\n\t\t\t\t<\/div>\n\t\t\t\t\t<\/div>\n\t\t\t\t<\/div>\n\t\t\t\t<\/div>\n\t\t\t\t\t<\/details>\n\t\t\t\t\t\t<details id=\"e-n-accordion-item-6504\" class=\"e-n-accordion-item\" >\n\t\t\t\t<summary class=\"e-n-accordion-item-title\" data-accordion-index=\"5\" tabindex=\"-1\" aria-expanded=\"false\" aria-controls=\"e-n-accordion-item-6504\" >\n\t\t\t\t\t<span class='e-n-accordion-item-title-header'><div class=\"e-n-accordion-item-title-text\"> La luce non funziona, si spegne occasionalmente, lampeggia costantemente o mostra effetti solo quando si preme il pulsante. <\/div><\/span>\n\t\t\t\t\t\t\t<span class='e-n-accordion-item-title-icon'>\n\t\t\t<span class='e-opened' ><i aria-hidden=\"true\" class=\" arrow_carrot-up\"><\/i><\/span>\n\t\t\t<span class='e-closed'><i aria-hidden=\"true\" class=\" arrow_carrot-down\"><\/i><\/span>\n\t\t<\/span>\n\n\t\t\t\t\t\t<\/summary>\n\t\t\t\t<div role=\"region\" aria-labelledby=\"e-n-accordion-item-6504\" class=\"elementor-element elementor-element-f3f8e7c e-con-full e-flex e-con e-child\" data-id=\"f3f8e7c\" data-element_type=\"container\" data-e-type=\"container\" data-settings=\"{&quot;background_background&quot;:&quot;classic&quot;}\">\n\t\t<div role=\"region\" aria-labelledby=\"e-n-accordion-item-6504\" class=\"elementor-element elementor-element-b1288bc e-flex e-con-boxed e-con e-child\" data-id=\"b1288bc\" data-element_type=\"container\" data-e-type=\"container\">\n\t\t\t\t\t<div class=\"e-con-inner\">\n\t\t\t\t<div class=\"elementor-element elementor-element-c38e482 elementor-widget elementor-widget-text-editor\" data-id=\"c38e482\" data-element_type=\"widget\" data-e-type=\"widget\" data-widget_type=\"text-editor.default\">\n\t\t\t\t<div class=\"elementor-widget-container\">\n\t\t\t\t\t\t\t\t\t<p data-start=\"62\" data-end=\"255\">Per prima cosa cambia lo stile del suono in &#8220;stabile&#8221; per escludere altri problemi. Consulta le istruzioni per l&#8217;uso. <\/p>\t\t\t\t\t\t\t\t<\/div>\n\t\t\t\t<\/div>\n\t\t\t\t\t<\/div>\n\t\t\t\t<\/div>\n\t\t\t\t<\/div>\n\t\t\t\t\t<\/details>\n\t\t\t\t\t\t<details id=\"e-n-accordion-item-6505\" class=\"e-n-accordion-item\" >\n\t\t\t\t<summary class=\"e-n-accordion-item-title\" data-accordion-index=\"6\" tabindex=\"-1\" aria-expanded=\"false\" aria-controls=\"e-n-accordion-item-6505\" >\n\t\t\t\t\t<span class='e-n-accordion-item-title-header'><div class=\"e-n-accordion-item-title-text\"> Il Saber non sembra essere in carica, oppure il pulsante non lampeggia durante la carica. <\/div><\/span>\n\t\t\t\t\t\t\t<span class='e-n-accordion-item-title-icon'>\n\t\t\t<span class='e-opened' ><i aria-hidden=\"true\" class=\" arrow_carrot-up\"><\/i><\/span>\n\t\t\t<span class='e-closed'><i aria-hidden=\"true\" class=\" arrow_carrot-down\"><\/i><\/span>\n\t\t<\/span>\n\n\t\t\t\t\t\t<\/summary>\n\t\t\t\t<div role=\"region\" aria-labelledby=\"e-n-accordion-item-6505\" class=\"elementor-element elementor-element-afdb14b e-con-full e-flex e-con e-child\" data-id=\"afdb14b\" data-element_type=\"container\" data-e-type=\"container\" data-settings=\"{&quot;background_background&quot;:&quot;classic&quot;}\">\n\t\t<div role=\"region\" aria-labelledby=\"e-n-accordion-item-6505\" class=\"elementor-element elementor-element-7fd23c1 e-flex e-con-boxed e-con e-child\" data-id=\"7fd23c1\" data-element_type=\"container\" data-e-type=\"container\">\n\t\t\t\t\t<div class=\"e-con-inner\">\n\t\t\t\t<div class=\"elementor-element elementor-element-7e231ea elementor-widget elementor-widget-text-editor\" data-id=\"7e231ea\" data-element_type=\"widget\" data-e-type=\"widget\" data-widget_type=\"text-editor.default\">\n\t\t\t\t<div class=\"elementor-widget-container\">\n\t\t\t\t\t\t\t\t\t<p data-start=\"99\" data-end=\"395\">La batteria potrebbe essere completamente scarica o potresti utilizzare un caricabatterie sbagliato. Di conseguenza, il pulsante potrebbe non accendersi. <\/p><p data-start=\"397\" data-end=\"690\">Assicurati di collegare il cavo in dotazione a un caricatore che fornisca 5 volt \/ 1 ampere. 5 V \/ 2,1 A \u00e8 il massimo assoluto. Combinazioni di corrente o tensione superiori possono distruggere il circuito stampato. Una connessione USB su un laptop o un computer fornisce sempre 5 V \/ 1 A.   <\/p><p data-start=\"692\" data-end=\"990\">Quindi ricarica il Saber per almeno 4 ore utilizzando l&#8217;apposito caricatore. Non interrompere il processo di ricarica e non cercare di accendere il Saber nel frattempo. Durante il processo di ricarica, assicurati che il Saber non venga lasciato incustodito e controlla che non si surriscaldi.  <\/p>\t\t\t\t\t\t\t\t<\/div>\n\t\t\t\t<\/div>\n\t\t\t\t\t<\/div>\n\t\t\t\t<\/div>\n\t\t\t\t<\/div>\n\t\t\t\t\t<\/details>\n\t\t\t\t\t\t<details id=\"e-n-accordion-item-6506\" class=\"e-n-accordion-item\" >\n\t\t\t\t<summary class=\"e-n-accordion-item-title\" data-accordion-index=\"7\" tabindex=\"-1\" aria-expanded=\"false\" aria-controls=\"e-n-accordion-item-6506\" >\n\t\t\t\t\t<span class='e-n-accordion-item-title-header'><div class=\"e-n-accordion-item-title-text\"> Ho seguito queste istruzioni e la mia spada laser continua a non funzionare <\/div><\/span>\n\t\t\t\t\t\t\t<span class='e-n-accordion-item-title-icon'>\n\t\t\t<span class='e-opened' ><i aria-hidden=\"true\" class=\" arrow_carrot-up\"><\/i><\/span>\n\t\t\t<span class='e-closed'><i aria-hidden=\"true\" class=\" arrow_carrot-down\"><\/i><\/span>\n\t\t<\/span>\n\n\t\t\t\t\t\t<\/summary>\n\t\t\t\t<div role=\"region\" aria-labelledby=\"e-n-accordion-item-6506\" class=\"elementor-element elementor-element-0057d60 e-con-full e-flex e-con e-child\" data-id=\"0057d60\" data-element_type=\"container\" data-e-type=\"container\" data-settings=\"{&quot;background_background&quot;:&quot;classic&quot;}\">\n\t\t<div role=\"region\" aria-labelledby=\"e-n-accordion-item-6506\" class=\"elementor-element elementor-element-9b8b3dc e-flex e-con-boxed e-con e-child\" data-id=\"9b8b3dc\" data-element_type=\"container\" data-e-type=\"container\">\n\t\t\t\t\t<div class=\"e-con-inner\">\n\t\t\t\t<div class=\"elementor-element elementor-element-84aea1a elementor-widget elementor-widget-text-editor\" data-id=\"84aea1a\" data-element_type=\"widget\" data-e-type=\"widget\" data-widget_type=\"text-editor.default\">\n\t\t\t\t<div class=\"elementor-widget-container\">\n\t\t\t\t\t\t\t\t\t<p data-start=\"70\" data-end=\"259\">Le istruzioni di cui sopra non hanno risolto il tuo problema specifico? In tal caso, contattaci via e-mail o WhatsApp. Nel tuo messaggio includi sempre i seguenti punti:  <\/p><ul data-start=\"261\" data-end=\"602\"><li data-start=\"261\" data-end=\"324\"><p data-start=\"263\" data-end=\"324\">Il <strong data-start=\"267\" data-end=\"284\">numero d&#8217;ordine<\/strong> (senza questo non possiamo aiutarti).<\/p><\/li><li data-start=\"325\" data-end=\"388\"><p data-start=\"327\" data-end=\"388\">Quale <strong data-start=\"335\" data-end=\"344\">Saber<\/strong> e quale <strong data-start=\"356\" data-end=\"370\">versione<\/strong> sono interessati.<\/p><\/li><li data-start=\"448\" data-end=\"500\"><p data-start=\"450\" data-end=\"500\">Descrivi il <strong data-start=\"465\" data-end=\"497\">problema nel modo pi\u00f9 preciso possibile<\/strong>.<\/p><\/li><li data-start=\"501\" data-end=\"602\"><p data-start=\"503\" data-end=\"602\">La cosa migliore \u00e8 <strong data-start=\"524\" data-end=\"545\">inviarci<\/strong> un <strong data-start=\"524\" data-end=\"545\">video<\/strong> in modo da poter capire subito qual \u00e8 il problema.<\/p><\/li><\/ul><p data-start=\"604\" data-end=\"649\">Ti aiuteremo nel pi\u00f9 breve tempo possibile.<\/p>\t\t\t\t\t\t\t\t<\/div>\n\t\t\t\t<\/div>\n\t\t\t\t\t<\/div>\n\t\t\t\t<\/div>\n\t\t\t\t<\/div>\n\t\t\t\t\t<\/details>\n\t\t\t\t\t\t<details id=\"e-n-accordion-item-6507\" class=\"e-n-accordion-item\" >\n\t\t\t\t<summary class=\"e-n-accordion-item-title\" data-accordion-index=\"8\" tabindex=\"-1\" aria-expanded=\"false\" aria-controls=\"e-n-accordion-item-6507\" >\n\t\t\t\t\t<span class='e-n-accordion-item-title-header'><div class=\"e-n-accordion-item-title-text\"> Cosa fare se la batteria smette di caricarsi? <\/div><\/span>\n\t\t\t\t\t\t\t<span class='e-n-accordion-item-title-icon'>\n\t\t\t<span class='e-opened' ><i aria-hidden=\"true\" class=\" arrow_carrot-up\"><\/i><\/span>\n\t\t\t<span class='e-closed'><i aria-hidden=\"true\" class=\" arrow_carrot-down\"><\/i><\/span>\n\t\t<\/span>\n\n\t\t\t\t\t\t<\/summary>\n\t\t\t\t<div role=\"region\" aria-labelledby=\"e-n-accordion-item-6507\" class=\"elementor-element elementor-element-3937995 e-flex e-con-boxed e-con e-child\" data-id=\"3937995\" data-element_type=\"container\" data-e-type=\"container\">\n\t\t\t\t\t<div class=\"e-con-inner\">\n\t\t<div role=\"region\" aria-labelledby=\"e-n-accordion-item-6507\" class=\"elementor-element elementor-element-665085a e-con-full e-flex e-con e-child\" data-id=\"665085a\" data-element_type=\"container\" data-e-type=\"container\">\n\t\t\t\t<div class=\"elementor-element elementor-element-d3edaee elementor-widget elementor-widget-text-editor\" data-id=\"d3edaee\" data-element_type=\"widget\" data-e-type=\"widget\" data-widget_type=\"text-editor.default\">\n\t\t\t\t<div class=\"elementor-widget-container\">\n\t\t\t\t\t\t\t\t\t<p data-path-to-node=\"6\">Se la spada laser non \u00e8 stata utilizzata per molto tempo, la batteria potrebbe essere molto scarica. In questo caso, procedi come segue: <\/p>\n<ol start=\"1\" data-path-to-node=\"7\">\n<li>\n<p data-path-to-node=\"7,0,0\"><b data-path-to-node=\"7,0,0\" data-index-in-node=\"0\">Rimuovi la batteria:<\/b> Rimuovi con attenzione la batteria dalla spada laser.<\/p>\n<\/li>\n<li>\n<p data-path-to-node=\"7,1,0\"><span data-path-to-node=\"7,1,0\" data-index-in-node=\"0\">Carica direttamente:<\/span> Collega la batteria rimossa al caricatore nero in dotazione e caricala.<\/p>\n<\/li>\n<\/ol>\t\t\t\t\t\t\t\t<\/div>\n\t\t\t\t<\/div>\n\t\t\t\t<\/div>\n\t\t\t\t\t<\/div>\n\t\t\t\t<\/div>\n\t\t\t\t\t<\/details>\n\t\t\t\t\t<\/div>\n\t\t\t\t\t\t<\/div>\n\t\t\t\t<\/div>\n\t\t\t\t\t<\/div>\n\t\t\t\t<\/div>\n\t\t\t\t<\/div>\n\t\t","protected":false},"excerpt":{"rendered":"<p>DOMANDE FREQUENTI Guida alla risoluzione dei problemi In questa pagina rispondiamo alle domande pi\u00f9 frequenti e forniamo suggerimenti sui problemi pi\u00f9 comuni. Se il tuo problema non viene risolto in questa pagina, inviaci un&#8217;e-mail: ti aiuteremo in modo rapido e affidabile. Hai perso le istruzioni per l&#8217;uso o hai difficolt\u00e0 a capire tutte le funzioni? [&hellip;]<\/p>\n","protected":false},"author":1,"featured_media":0,"parent":0,"menu_order":0,"comment_status":"closed","ping_status":"closed","template":"","meta":{"_acf_changed":false,"footnotes":""},"class_list":["post-34094","page","type-page","status-publish","hentry"],"acf":[],"_links":{"self":[{"href":"https:\/\/swisssabers.ch\/it\/wp-json\/wp\/v2\/pages\/34094","targetHints":{"allow":["GET"]}}],"collection":[{"href":"https:\/\/swisssabers.ch\/it\/wp-json\/wp\/v2\/pages"}],"about":[{"href":"https:\/\/swisssabers.ch\/it\/wp-json\/wp\/v2\/types\/page"}],"author":[{"embeddable":true,"href":"https:\/\/swisssabers.ch\/it\/wp-json\/wp\/v2\/users\/1"}],"replies":[{"embeddable":true,"href":"https:\/\/swisssabers.ch\/it\/wp-json\/wp\/v2\/comments?post=34094"}],"version-history":[{"count":1,"href":"https:\/\/swisssabers.ch\/it\/wp-json\/wp\/v2\/pages\/34094\/revisions"}],"predecessor-version":[{"id":34097,"href":"https:\/\/swisssabers.ch\/it\/wp-json\/wp\/v2\/pages\/34094\/revisions\/34097"}],"wp:attachment":[{"href":"https:\/\/swisssabers.ch\/it\/wp-json\/wp\/v2\/media?parent=34094"}],"curies":[{"name":"wp","href":"https:\/\/api.w.org\/{rel}","templated":true}]}}