{"id":16514,"date":"2024-04-05T16:17:59","date_gmt":"2024-04-05T14:17:59","guid":{"rendered":"https:\/\/swisssabers.ch\/shop\/cappotto-mantello-del-lato-oscuro\/"},"modified":"2025-09-16T12:16:37","modified_gmt":"2025-09-16T10:16:37","slug":"dark-side-mantel-umhang","status":"publish","type":"product","link":"https:\/\/swisssabers.ch\/it\/negozio\/dark-side-mantel-umhang\/","title":{"rendered":"Mantello Sith | Capo | Capo | Lato Oscuro"},"content":{"rendered":"<p>Copriti con il mantello nero Sith con un cappuccio ampio e profondo e maniche lunghe. Il taglio \u00e8 molto generoso e ampio per permetterti di scomparire senza essere riconosciuto nell&#8217;oscurit\u00e0. Il tessuto pesante e di alta qualit\u00e0 gli conferisce un aspetto autentico. Ideale per cosplayer, convention, feste in maschera o come regalo unico per un fan di Star Wars.   <\/p>\n<p>Sono disponibili due taglie (S e L) che si differenziano solo per la lunghezza. Consigliamo la taglia <strong>S<\/strong> per le persone di altezza <strong>inferiore a 180 cm<\/strong> e la taglia <strong>L per le <\/strong>persone <strong>di altezza superiore a 180 cm<\/strong>. <\/p>\n<p>Nota bene: Questo prodotto include solo il cappotto. Il mantello non \u00e8 incluso. Tunica, cintura e stivali.  <\/p>\n<ul>\n<li><strong>Colore:<\/strong> nero<\/li>\n<li><strong>Tessuto<\/strong>: 65% cotone, 35% poliestere<\/li>\n<li><strong>Peso<\/strong>: circa 2 kg<\/li>\n<li>Prodotto in Europa (produzione propria)<\/li>\n<\/ul>\n","protected":false},"excerpt":{"rendered":"<p>Copriti con il mantello nero Sith con un cappuccio ampio e profondo e maniche lunghe. Il taglio \u00e8 molto generoso e ampio per permetterti di scomparire senza essere riconosciuto nell&#8217;oscurit\u00e0. Il tessuto pesante e di alta qualit\u00e0 gli conferisce un aspetto autentico. Ideale per cosplayer, convention, feste in maschera o come regalo unico per un [&hellip;]<\/p>\n","protected":false},"featured_media":15931,"template":"","meta":{"_acf_changed":false,"wds_primary_product_brand":0,"wds_primary_product_cat":0},"produkt-filter":[427],"product_brand":[],"product_cat":[359,347,371],"product_tag":[],"class_list":{"0":"post-16514","1":"product","2":"type-product","3":"status-publish","4":"has-post-thumbnail","6":"produkt-filter-cosplay-it","7":"product_cat-startseite-cosplay-it","8":"product_cat-cosplay-it","9":"product_cat-cosplay-lato-oscuro-it","10":"pa_groesse-s-it","11":"pa_groesse-l-it","13":"first","14":"instock","15":"taxable","16":"shipping-taxable","17":"purchasable","18":"product-type-variable"},"acf":[],"wcpa_form_fields":null,"_links":{"self":[{"href":"https:\/\/swisssabers.ch\/it\/wp-json\/wp\/v2\/product\/16514","targetHints":{"allow":["GET"]}}],"collection":[{"href":"https:\/\/swisssabers.ch\/it\/wp-json\/wp\/v2\/product"}],"about":[{"href":"https:\/\/swisssabers.ch\/it\/wp-json\/wp\/v2\/types\/product"}],"version-history":[{"count":3,"href":"https:\/\/swisssabers.ch\/it\/wp-json\/wp\/v2\/product\/16514\/revisions"}],"predecessor-version":[{"id":26592,"href":"https:\/\/swisssabers.ch\/it\/wp-json\/wp\/v2\/product\/16514\/revisions\/26592"}],"wp:featuredmedia":[{"embeddable":true,"href":"https:\/\/swisssabers.ch\/it\/wp-json\/wp\/v2\/media\/15931"}],"wp:attachment":[{"href":"https:\/\/swisssabers.ch\/it\/wp-json\/wp\/v2\/media?parent=16514"}],"wp:term":[{"taxonomy":"produkt-filter","embeddable":true,"href":"https:\/\/swisssabers.ch\/it\/wp-json\/wp\/v2\/produkt-filter?post=16514"},{"taxonomy":"product_brand","embeddable":true,"href":"https:\/\/swisssabers.ch\/it\/wp-json\/wp\/v2\/product_brand?post=16514"},{"taxonomy":"product_cat","embeddable":true,"href":"https:\/\/swisssabers.ch\/it\/wp-json\/wp\/v2\/product_cat?post=16514"},{"taxonomy":"product_tag","embeddable":true,"href":"https:\/\/swisssabers.ch\/it\/wp-json\/wp\/v2\/product_tag?post=16514"}],"curies":[{"name":"wp","href":"https:\/\/api.w.org\/{rel}","templated":true}]}}