{"id":16573,"date":"2023-06-07T14:16:29","date_gmt":"2023-06-07T12:16:29","guid":{"rendered":"https:\/\/swisssabers.ch\/shop\/anelli-di-collegamento-per-spade-laser-a-doppia-lama\/"},"modified":"2025-07-01T23:50:16","modified_gmt":"2025-07-01T21:50:16","slug":"anelli-di-collegamento-per-spade-laser-a-doppia-lama","status":"publish","type":"product","link":"https:\/\/swisssabers.ch\/it\/negozio\/anelli-di-collegamento-per-spade-laser-a-doppia-lama\/","title":{"rendered":"Anelli Collegamento | Spade Laser Doppia\n  Lama"},"content":{"rendered":"<p>Un anello di connessione pu\u00f2 essere utilizzato per collegare due spade laser e formare una spada laser a doppia lama.<br \/>\nL&#8217;anello ha due filettature interne, il che significa che i seguenti modelli possono essere collegati l&#8217;uno all&#8217;altro a seconda delle necessit\u00e0: Master, Durasaber, Sith Saber, Thoranest, Phantom, Royal, Nyquist, Bleeding Crystal Saber<strong>Importante<\/strong>: i modelli Master e Durasaber hanno gi\u00e0 un anello di collegamento installato, quindi questo non \u00e8 necessario. L&#8217;anello di collegamento non \u00e8 compatibile con le spade laser premium\/replica.<\/p>\n","protected":false},"excerpt":{"rendered":"<p>Un anello di connessione pu\u00f2 essere utilizzato per collegare due spade laser e formare una spada laser a doppia lama. L&#8217;anello ha due filettature interne, il che significa che i seguenti modelli possono essere collegati l&#8217;uno all&#8217;altro a seconda delle necessit\u00e0: Master, Durasaber, Sith Saber, Thoranest, Phantom, Royal, Nyquist, Bleeding Crystal SaberImportante: i modelli Master [&hellip;]<\/p>\n","protected":false},"featured_media":13365,"template":"","meta":{"_acf_changed":false,"wds_primary_product_brand":0,"wds_primary_product_cat":0},"produkt-filter":[430],"product_brand":[],"product_cat":[340],"product_tag":[],"class_list":{"0":"post-16573","1":"product","2":"type-product","3":"status-publish","4":"has-post-thumbnail","6":"produkt-filter-zubehoer-it","7":"product_cat-accessori","8":"pa_farbe-argento","9":"pa_farbe-cromo-lucido","10":"pa_farbe-grigio","11":"pa_farbe-schwarz-it-2","12":"pa_farbe-oro-lucido","13":"pa_farbe-oro-opaco","15":"first","16":"instock","17":"taxable","18":"shipping-taxable","19":"purchasable","20":"product-type-variable"},"acf":[],"wcpa_form_fields":null,"_links":{"self":[{"href":"https:\/\/swisssabers.ch\/it\/wp-json\/wp\/v2\/product\/16573","targetHints":{"allow":["GET"]}}],"collection":[{"href":"https:\/\/swisssabers.ch\/it\/wp-json\/wp\/v2\/product"}],"about":[{"href":"https:\/\/swisssabers.ch\/it\/wp-json\/wp\/v2\/types\/product"}],"version-history":[{"count":2,"href":"https:\/\/swisssabers.ch\/it\/wp-json\/wp\/v2\/product\/16573\/revisions"}],"predecessor-version":[{"id":24174,"href":"https:\/\/swisssabers.ch\/it\/wp-json\/wp\/v2\/product\/16573\/revisions\/24174"}],"wp:featuredmedia":[{"embeddable":true,"href":"https:\/\/swisssabers.ch\/it\/wp-json\/wp\/v2\/media\/13365"}],"wp:attachment":[{"href":"https:\/\/swisssabers.ch\/it\/wp-json\/wp\/v2\/media?parent=16573"}],"wp:term":[{"taxonomy":"produkt-filter","embeddable":true,"href":"https:\/\/swisssabers.ch\/it\/wp-json\/wp\/v2\/produkt-filter?post=16573"},{"taxonomy":"product_brand","embeddable":true,"href":"https:\/\/swisssabers.ch\/it\/wp-json\/wp\/v2\/product_brand?post=16573"},{"taxonomy":"product_cat","embeddable":true,"href":"https:\/\/swisssabers.ch\/it\/wp-json\/wp\/v2\/product_cat?post=16573"},{"taxonomy":"product_tag","embeddable":true,"href":"https:\/\/swisssabers.ch\/it\/wp-json\/wp\/v2\/product_tag?post=16573"}],"curies":[{"name":"wp","href":"https:\/\/api.w.org\/{rel}","templated":true}]}}