{"id":16710,"date":"2023-10-05T17:45:52","date_gmt":"2023-10-05T15:45:52","guid":{"rendered":"https:\/\/swisssabers.ch\/shop\/attacco-rapido-per-spade-laser-a-doppia-lama\/"},"modified":"2025-07-01T23:52:26","modified_gmt":"2025-07-01T21:52:26","slug":"quick-release-koppler","status":"publish","type":"product","link":"https:\/\/swisssabers.ch\/it\/negozio\/quick-release-koppler\/","title":{"rendered":"Attacco Rapido | Spade Laser Doppia Lama"},"content":{"rendered":"<p>Con l&#8217;accoppiatore a sgancio rapido \u00e8 possibile collegare due spade laser per formare una spada laser a doppia lama e separarle nuovamente con facilit\u00e0. L&#8217;accoppiatore pu\u00f2 essere utilizzato per collegare tra loro i seguenti modelli: Master, Durasaber, Sith Saber, Thoranest, Phantom, Royal, Nyquist, Bleeding Crystal Saber<strong>Importante<\/strong>: l&#8217;accoppiatore non \u00e8 compatibile con le spade laser premium\/replica.<\/p>\n","protected":false},"excerpt":{"rendered":"<p>Con l&#8217;accoppiatore a sgancio rapido \u00e8 possibile collegare due spade laser per formare una spada laser a doppia lama e separarle nuovamente con facilit\u00e0. L&#8217;accoppiatore pu\u00f2 essere utilizzato per collegare tra loro i seguenti modelli: Master, Durasaber, Sith Saber, Thoranest, Phantom, Royal, Nyquist, Bleeding Crystal SaberImportante: l&#8217;accoppiatore non \u00e8 compatibile con le spade laser premium\/replica.<\/p>\n","protected":false},"featured_media":14011,"template":"","meta":{"_acf_changed":false,"wds_primary_product_brand":0,"wds_primary_product_cat":0},"produkt-filter":[430],"product_brand":[],"product_cat":[728,725,340],"product_tag":[],"class_list":{"0":"post-16710","1":"product","2":"type-product","3":"status-publish","4":"has-post-thumbnail","6":"produkt-filter-zubehoer-it","7":"product_cat-accessori-product-feed","8":"product_cat-zubehoer-fuer-product-feed","9":"product_cat-accessori","11":"first","12":"instock","13":"taxable","14":"shipping-taxable","15":"purchasable","16":"product-type-simple"},"acf":[],"wcpa_form_fields":null,"_links":{"self":[{"href":"https:\/\/swisssabers.ch\/it\/wp-json\/wp\/v2\/product\/16710","targetHints":{"allow":["GET"]}}],"collection":[{"href":"https:\/\/swisssabers.ch\/it\/wp-json\/wp\/v2\/product"}],"about":[{"href":"https:\/\/swisssabers.ch\/it\/wp-json\/wp\/v2\/types\/product"}],"version-history":[{"count":2,"href":"https:\/\/swisssabers.ch\/it\/wp-json\/wp\/v2\/product\/16710\/revisions"}],"predecessor-version":[{"id":24190,"href":"https:\/\/swisssabers.ch\/it\/wp-json\/wp\/v2\/product\/16710\/revisions\/24190"}],"wp:featuredmedia":[{"embeddable":true,"href":"https:\/\/swisssabers.ch\/it\/wp-json\/wp\/v2\/media\/14011"}],"wp:attachment":[{"href":"https:\/\/swisssabers.ch\/it\/wp-json\/wp\/v2\/media?parent=16710"}],"wp:term":[{"taxonomy":"produkt-filter","embeddable":true,"href":"https:\/\/swisssabers.ch\/it\/wp-json\/wp\/v2\/produkt-filter?post=16710"},{"taxonomy":"product_brand","embeddable":true,"href":"https:\/\/swisssabers.ch\/it\/wp-json\/wp\/v2\/product_brand?post=16710"},{"taxonomy":"product_cat","embeddable":true,"href":"https:\/\/swisssabers.ch\/it\/wp-json\/wp\/v2\/product_cat?post=16710"},{"taxonomy":"product_tag","embeddable":true,"href":"https:\/\/swisssabers.ch\/it\/wp-json\/wp\/v2\/product_tag?post=16710"}],"curies":[{"name":"wp","href":"https:\/\/api.w.org\/{rel}","templated":true}]}}