{"id":16752,"date":"2022-11-20T00:34:00","date_gmt":"2022-11-19T23:34:00","guid":{"rendered":"https:\/\/swisssabers.ch\/shop\/batteria-di-ricambio\/"},"modified":"2025-07-01T23:52:50","modified_gmt":"2025-07-01T21:52:50","slug":"ersatzbatterie","status":"publish","type":"product","link":"https:\/\/swisssabers.ch\/it\/negozio\/ersatzbatterie\/","title":{"rendered":"Batteria Ricambio"},"content":{"rendered":"<p>La batteria Li-Ion 18650 \u00e8 una cella ricaricabile ad alte prestazioni. \u00c8 particolarmente adatta e compatibile come batteria di ricambio per le nostre spade laser RGB o pixel. Ci\u00f2 significa che la durata della spada laser pu\u00f2 essere prolungata semplicemente sostituendo la batteria.  <\/p>\n<p><strong>Nota<\/strong>:  <em>Ogni spada laser viene fornita con una batteria corrispondente. La batteria di questa offerta serve solo come ricambio. <\/em><\/p>\n<p>Ti consigliamo di rimuovere la batteria dalla spada laser quando non la usi, perch\u00e9 quando non la usi pu\u00f2 scaricarsi profondamente, riducendo la durata della batteria.<\/p>\n<p><strong>Dati tecnici:<\/strong><\/p>\n<ul>\n<li><strong>Tipo:<\/strong> batteria agli ioni di litio 18650 con circuito di protezione PCB<\/li>\n<li><strong>Capacit\u00e0:<\/strong> 3600 mAh<\/li>\n<li><strong>Tensione:<\/strong> 3,7 V<\/li>\n<li><strong>Corrente massima di scarica:<\/strong> 6 A<\/li>\n<li><strong>Meccanismi di protezione:<\/strong> Protezione da sovratensione e protezione da scarica profonda (circa 2,5 V)<\/li>\n<\/ul>\n<p><strong>Caratteristiche di sicurezza:<\/strong><\/p>\n<p>La batteria \u00e8 dotata di protezione integrata contro le sovratensioni e la scarica profonda.<\/p>\n<p>&nbsp;<\/p>\n<p><strong>Importanti istruzioni e avvertenze di sicurezza:<\/strong><\/p>\n<p><strong>Conservazione e utilizzo:<\/strong><\/p>\n<ul>\n<li>Utilizza un caricabatterie speciale adatto alle batterie agli ioni di litio e che funzioni secondo il metodo CCCV (Constant Current, Constant Voltage).<\/li>\n<li>Tensione massima di carica: 4,2 volt (non superare &#8211; rischio di incendio ed esplosione)<\/li>\n<li><strong>Non caricare mai le batterie incustodite!<\/strong><\/li>\n<li>Conserva la batteria in un luogo fresco e asciutto, lontano dalla luce solare diretta, dalle temperature estreme e dall&#8217;umidit\u00e0.<\/li>\n<\/ul>\n<p><strong>Manipolazione degli avvisi:<\/strong><\/p>\n<ul>\n<li><strong>Pericolo di incendio:<\/strong> non tentare di aprire, schiacciare, forare o gettare la batteria nel fuoco<strong>.<\/strong> <\/li>\n<li><strong>Pericolo di esplosione:<\/strong> \u00e8 vietato manomettere la batteria in qualsiasi modo.<\/li>\n<li><strong>Cortocircuiti:<\/strong> Evita il contatto tra i terminali della batteria e i materiali conduttori.<\/li>\n<li><strong>Tenere lontano dai bambini:<\/strong> Tenere sempre fuori dalla portata dei bambini<\/li>\n<li>Non utilizzare la batteria se presenta un odore insolito, calore eccessivo o deformazione.<\/li>\n<\/ul>\n<p><strong>Riciclaggio e smaltimento:<\/strong><\/p>\n<ul>\n<li>Non smaltire mai le batterie nei rifiuti domestici<\/li>\n<li>Le batterie restituite devono essere portate in appositi punti di raccolta o centri di riciclaggio.<\/li>\n<li>Non smaltire mai nel fuoco &#8211; rischio di esplosione!<\/li>\n<\/ul>\n<p><strong>Nota sull&#8217;illustrazione:<\/strong><\/p>\n<p>L&#8217;aspetto visivo della copertura in plastica (in particolare il colore e il design) \u00e8 esemplare e pu\u00f2 variare a seconda del lotto di produzione.<\/p>\n<p><strong>Disclaimer:<\/strong><\/p>\n<p>Un uso improprio pu\u00f2 causare danni alle cose, lesioni o situazioni pericolose. Non ci assumiamo alcuna responsabilit\u00e0 per i danni causati da uso improprio, manipolazione o mancata osservanza delle istruzioni. <\/p>\n","protected":false},"excerpt":{"rendered":"<p>La batteria Li-Ion 18650 \u00e8 una cella ricaricabile ad alte prestazioni. \u00c8 particolarmente adatta e compatibile come batteria di ricambio per le nostre spade laser RGB o pixel. Ci\u00f2 significa che la durata della spada laser pu\u00f2 essere prolungata semplicemente sostituendo la batteria. Nota: Ogni spada laser viene fornita con una batteria corrispondente. La batteria [&hellip;]<\/p>\n","protected":false},"featured_media":22073,"template":"","meta":{"_acf_changed":false,"wds_primary_product_brand":0,"wds_primary_product_cat":0},"produkt-filter":[430],"product_brand":[],"product_cat":[340],"product_tag":[],"class_list":{"0":"post-16752","1":"product","2":"type-product","3":"status-publish","4":"has-post-thumbnail","6":"produkt-filter-zubehoer-it","7":"product_cat-accessori","8":"pa_farbe-schwarz-it-2","9":"pa_farbe-transparent-it","11":"first","12":"instock","13":"taxable","14":"shipping-taxable","15":"purchasable","16":"product-type-simple"},"acf":[],"wcpa_form_fields":null,"_links":{"self":[{"href":"https:\/\/swisssabers.ch\/it\/wp-json\/wp\/v2\/product\/16752","targetHints":{"allow":["GET"]}}],"collection":[{"href":"https:\/\/swisssabers.ch\/it\/wp-json\/wp\/v2\/product"}],"about":[{"href":"https:\/\/swisssabers.ch\/it\/wp-json\/wp\/v2\/types\/product"}],"version-history":[{"count":3,"href":"https:\/\/swisssabers.ch\/it\/wp-json\/wp\/v2\/product\/16752\/revisions"}],"predecessor-version":[{"id":24193,"href":"https:\/\/swisssabers.ch\/it\/wp-json\/wp\/v2\/product\/16752\/revisions\/24193"}],"wp:featuredmedia":[{"embeddable":true,"href":"https:\/\/swisssabers.ch\/it\/wp-json\/wp\/v2\/media\/22073"}],"wp:attachment":[{"href":"https:\/\/swisssabers.ch\/it\/wp-json\/wp\/v2\/media?parent=16752"}],"wp:term":[{"taxonomy":"produkt-filter","embeddable":true,"href":"https:\/\/swisssabers.ch\/it\/wp-json\/wp\/v2\/produkt-filter?post=16752"},{"taxonomy":"product_brand","embeddable":true,"href":"https:\/\/swisssabers.ch\/it\/wp-json\/wp\/v2\/product_brand?post=16752"},{"taxonomy":"product_cat","embeddable":true,"href":"https:\/\/swisssabers.ch\/it\/wp-json\/wp\/v2\/product_cat?post=16752"},{"taxonomy":"product_tag","embeddable":true,"href":"https:\/\/swisssabers.ch\/it\/wp-json\/wp\/v2\/product_tag?post=16752"}],"curies":[{"name":"wp","href":"https:\/\/api.w.org\/{rel}","templated":true}]}}