{"id":16775,"date":"2022-11-20T00:46:13","date_gmt":"2022-11-19T23:46:13","guid":{"rendered":"https:\/\/swisssabers.ch\/shop\/anello-di-trasporto-con-filo-per-la-fibbia-della-cintura\/"},"modified":"2025-07-01T23:53:20","modified_gmt":"2025-07-01T21:53:20","slug":"anello-di-trasporto-con-filo-per-la-fibbia-della-cintura","status":"publish","type":"product","link":"https:\/\/swisssabers.ch\/it\/negozio\/anello-di-trasporto-con-filo-per-la-fibbia-della-cintura\/","title":{"rendered":"Anello Trasporto con Filo | Per Fibbia\n  Cintura"},"content":{"rendered":"<p>Gadget opzionale per spade laser. L&#8217;anello di trasporto pu\u00f2 essere avvitato sulla spada laser per fissarla alla fibbia della cintura. La fibbia della cintura deve essere acquistata separatamente. Alcune spade laser sono gi\u00e0 dotate di un anello di trasporto, quindi l&#8217;anello di trasporto filettato non \u00e8 necessario.  <\/p>\n<p>&nbsp;<\/p>\n<p><strong>Compatibilit\u00e0<\/strong>: Compatibile con le seguenti spade laser: Master, Royal, Thoranest, Durasaber, Phantom, Nyquist, Sith Saber (senza parte inferiore). Non compatibile con tutte le spade laser premium. <\/p>\n","protected":false},"excerpt":{"rendered":"<p>Gadget opzionale per spade laser. L&#8217;anello di trasporto pu\u00f2 essere avvitato sulla spada laser per fissarla alla fibbia della cintura. La fibbia della cintura deve essere acquistata separatamente. Alcune spade laser sono gi\u00e0 dotate di un anello di trasporto, quindi l&#8217;anello di trasporto filettato non \u00e8 necessario. &nbsp; Compatibilit\u00e0: Compatibile con le seguenti spade laser: [&hellip;]<\/p>\n","protected":false},"featured_media":18811,"template":"","meta":{"_acf_changed":false,"wds_primary_product_brand":0,"wds_primary_product_cat":0},"produkt-filter":[427,430],"product_brand":[],"product_cat":[340,347],"product_tag":[],"class_list":{"0":"post-16775","1":"product","2":"type-product","3":"status-publish","4":"has-post-thumbnail","6":"produkt-filter-cosplay-it","7":"produkt-filter-zubehoer-it","8":"product_cat-accessori","9":"product_cat-cosplay-it","10":"pa_farbe-argento","11":"pa_farbe-cromo-lucido","12":"pa_farbe-grigio","13":"pa_farbe-schwarz-it-2","14":"pa_farbe-oro-opaco","16":"first","17":"instock","18":"taxable","19":"shipping-taxable","20":"purchasable","21":"product-type-variable"},"acf":[],"wcpa_form_fields":null,"_links":{"self":[{"href":"https:\/\/swisssabers.ch\/it\/wp-json\/wp\/v2\/product\/16775","targetHints":{"allow":["GET"]}}],"collection":[{"href":"https:\/\/swisssabers.ch\/it\/wp-json\/wp\/v2\/product"}],"about":[{"href":"https:\/\/swisssabers.ch\/it\/wp-json\/wp\/v2\/types\/product"}],"version-history":[{"count":2,"href":"https:\/\/swisssabers.ch\/it\/wp-json\/wp\/v2\/product\/16775\/revisions"}],"predecessor-version":[{"id":24196,"href":"https:\/\/swisssabers.ch\/it\/wp-json\/wp\/v2\/product\/16775\/revisions\/24196"}],"wp:featuredmedia":[{"embeddable":true,"href":"https:\/\/swisssabers.ch\/it\/wp-json\/wp\/v2\/media\/18811"}],"wp:attachment":[{"href":"https:\/\/swisssabers.ch\/it\/wp-json\/wp\/v2\/media?parent=16775"}],"wp:term":[{"taxonomy":"produkt-filter","embeddable":true,"href":"https:\/\/swisssabers.ch\/it\/wp-json\/wp\/v2\/produkt-filter?post=16775"},{"taxonomy":"product_brand","embeddable":true,"href":"https:\/\/swisssabers.ch\/it\/wp-json\/wp\/v2\/product_brand?post=16775"},{"taxonomy":"product_cat","embeddable":true,"href":"https:\/\/swisssabers.ch\/it\/wp-json\/wp\/v2\/product_cat?post=16775"},{"taxonomy":"product_tag","embeddable":true,"href":"https:\/\/swisssabers.ch\/it\/wp-json\/wp\/v2\/product_tag?post=16775"}],"curies":[{"name":"wp","href":"https:\/\/api.w.org\/{rel}","templated":true}]}}