{"id":16848,"date":"2023-03-11T15:59:05","date_gmt":"2023-03-11T14:59:05","guid":{"rendered":"https:\/\/swisssabers.ch\/shop\/custodia-per-spade-laser\/"},"modified":"2025-07-01T23:54:16","modified_gmt":"2025-07-01T21:54:16","slug":"koffer","status":"publish","type":"product","link":"https:\/\/swisssabers.ch\/it\/negozio\/koffer\/","title":{"rendered":"Custodia Spade Laser | Protezione e\n  Spazio Archiviazione Premium"},"content":{"rendered":"<p>La custodia per spada laser di alta qualit\u00e0 offre una protezione ottimale e un pratico spazio per riporre spade laser, lame e altri accessori. Grazie al suo materiale robusto e all&#8217;interno imbottito, protegge i tuoi preziosi oggetti da collezione da eventuali danni e garantisce una conservazione elegante. <\/p>\n<p>Nota:<br \/>\nLa custodia \u00e8 gi\u00e0 inclusa nella maggior parte delle spade laser premium e replica. Se la custodia \u00e8 inclusa o meno \u00e8 indicato nella descrizione del prodotto della rispettiva spada laser. <\/p>\n","protected":false},"excerpt":{"rendered":"<p>La custodia per spada laser di alta qualit\u00e0 offre una protezione ottimale e un pratico spazio per riporre spade laser, lame e altri accessori. Grazie al suo materiale robusto e all&#8217;interno imbottito, protegge i tuoi preziosi oggetti da collezione da eventuali danni e garantisce una conservazione elegante. Nota: La custodia \u00e8 gi\u00e0 inclusa nella maggior [&hellip;]<\/p>\n","protected":false},"featured_media":21769,"template":"","meta":{"_acf_changed":false,"wds_primary_product_brand":0,"wds_primary_product_cat":0},"produkt-filter":[430],"product_brand":[],"product_cat":[340],"product_tag":[],"class_list":{"0":"post-16848","1":"product","2":"type-product","3":"status-publish","4":"has-post-thumbnail","6":"produkt-filter-zubehoer-it","7":"product_cat-accessori","9":"first","10":"instock","11":"taxable","12":"shipping-taxable","13":"purchasable","14":"product-type-simple"},"acf":[],"wcpa_form_fields":null,"_links":{"self":[{"href":"https:\/\/swisssabers.ch\/it\/wp-json\/wp\/v2\/product\/16848","targetHints":{"allow":["GET"]}}],"collection":[{"href":"https:\/\/swisssabers.ch\/it\/wp-json\/wp\/v2\/product"}],"about":[{"href":"https:\/\/swisssabers.ch\/it\/wp-json\/wp\/v2\/types\/product"}],"version-history":[{"count":3,"href":"https:\/\/swisssabers.ch\/it\/wp-json\/wp\/v2\/product\/16848\/revisions"}],"predecessor-version":[{"id":24203,"href":"https:\/\/swisssabers.ch\/it\/wp-json\/wp\/v2\/product\/16848\/revisions\/24203"}],"wp:featuredmedia":[{"embeddable":true,"href":"https:\/\/swisssabers.ch\/it\/wp-json\/wp\/v2\/media\/21769"}],"wp:attachment":[{"href":"https:\/\/swisssabers.ch\/it\/wp-json\/wp\/v2\/media?parent=16848"}],"wp:term":[{"taxonomy":"produkt-filter","embeddable":true,"href":"https:\/\/swisssabers.ch\/it\/wp-json\/wp\/v2\/produkt-filter?post=16848"},{"taxonomy":"product_brand","embeddable":true,"href":"https:\/\/swisssabers.ch\/it\/wp-json\/wp\/v2\/product_brand?post=16848"},{"taxonomy":"product_cat","embeddable":true,"href":"https:\/\/swisssabers.ch\/it\/wp-json\/wp\/v2\/product_cat?post=16848"},{"taxonomy":"product_tag","embeddable":true,"href":"https:\/\/swisssabers.ch\/it\/wp-json\/wp\/v2\/product_tag?post=16848"}],"curies":[{"name":"wp","href":"https:\/\/api.w.org\/{rel}","templated":true}]}}