{"id":21243,"date":"2025-02-01T13:08:39","date_gmt":"2025-02-01T12:08:39","guid":{"rendered":"https:\/\/swisssabers.ch\/shop\/ultra-bright-neopixel-klinge\/"},"modified":"2025-07-02T00:01:07","modified_gmt":"2025-07-01T22:01:07","slug":"ultra-bright-neopixel-klinge","status":"publish","type":"product","link":"https:\/\/swisssabers.ch\/it\/negozio\/ultra-bright-neopixel-klinge\/","title":{"rendered":"Lama Neopixel Ultra-Luminosa | 1&#8243;,\n  82 cm"},"content":{"rendered":"<p>Lama Neopixel ultra-luminosa per spade laser da 1\u2033 \u2013 684 LED per la massima luminosit\u00e0! Prova una luminosit\u00e0 senza precedenti con questa nuovissima lama Neopixel! Dotata di 684 (!) LED, offre effetti luminosi impressionanti e colori intensi. Dettagli tecnici:<br \/>\n\u2705 Lunghezza: 82 cm<br \/>\n\u2705 Diametro: 1\u2033 (2,54 cm)<br \/>\n\u2705 Materiale: robusto policarbonato con rivestimento di diffusione della luce di 3 mm<br \/>\n\u2705\u26a0\ufe0f Tipo di LED: LED 5050 pixel di alta qualit\u00e0 per colori nitidissimi Nota: questa lama non \u00e8 adatta ai duelli. \u26a1 A causa dell\u2019alta densit\u00e0 di LED, richiede pi\u00f9 energia rispetto alle lame neopixel tradizionali. Importante: ogni spada laser viene fornita con una lama standard. Questa lama \u00e8 un upgrade opzionale per una luminosit\u00e0 ancora pi\u00f9 intensa.<\/p>\n","protected":false},"excerpt":{"rendered":"<p>Lama Neopixel ultra-luminosa per spade laser da 1\u2033 \u2013 684 LED per la massima luminosit\u00e0! Prova una luminosit\u00e0 senza precedenti con questa nuovissima lama Neopixel! Dotata di 684 (!) LED, offre effetti luminosi impressionanti e colori intensi. Dettagli tecnici: \u2705 Lunghezza: 82 cm \u2705 Diametro: 1\u2033 (2,54 cm) \u2705 Materiale: robusto policarbonato con rivestimento di [&hellip;]<\/p>\n","protected":false},"featured_media":21244,"template":"","meta":{"_acf_changed":false,"wds_primary_product_brand":0,"wds_primary_product_cat":0},"produkt-filter":[430],"product_brand":[],"product_cat":[728,340],"product_tag":[],"class_list":{"0":"post-21243","1":"product","2":"type-product","3":"status-publish","4":"has-post-thumbnail","6":"produkt-filter-zubehoer-it","7":"product_cat-accessori-product-feed","8":"product_cat-accessori","10":"first","11":"instock","12":"sale","13":"taxable","14":"shipping-taxable","15":"purchasable","16":"product-type-simple"},"acf":[],"wcpa_form_fields":null,"_links":{"self":[{"href":"https:\/\/swisssabers.ch\/it\/wp-json\/wp\/v2\/product\/21243","targetHints":{"allow":["GET"]}}],"collection":[{"href":"https:\/\/swisssabers.ch\/it\/wp-json\/wp\/v2\/product"}],"about":[{"href":"https:\/\/swisssabers.ch\/it\/wp-json\/wp\/v2\/types\/product"}],"version-history":[{"count":1,"href":"https:\/\/swisssabers.ch\/it\/wp-json\/wp\/v2\/product\/21243\/revisions"}],"predecessor-version":[{"id":24240,"href":"https:\/\/swisssabers.ch\/it\/wp-json\/wp\/v2\/product\/21243\/revisions\/24240"}],"wp:featuredmedia":[{"embeddable":true,"href":"https:\/\/swisssabers.ch\/it\/wp-json\/wp\/v2\/media\/21244"}],"wp:attachment":[{"href":"https:\/\/swisssabers.ch\/it\/wp-json\/wp\/v2\/media?parent=21243"}],"wp:term":[{"taxonomy":"produkt-filter","embeddable":true,"href":"https:\/\/swisssabers.ch\/it\/wp-json\/wp\/v2\/produkt-filter?post=21243"},{"taxonomy":"product_brand","embeddable":true,"href":"https:\/\/swisssabers.ch\/it\/wp-json\/wp\/v2\/product_brand?post=21243"},{"taxonomy":"product_cat","embeddable":true,"href":"https:\/\/swisssabers.ch\/it\/wp-json\/wp\/v2\/product_cat?post=21243"},{"taxonomy":"product_tag","embeddable":true,"href":"https:\/\/swisssabers.ch\/it\/wp-json\/wp\/v2\/product_tag?post=21243"}],"curies":[{"name":"wp","href":"https:\/\/api.w.org\/{rel}","templated":true}]}}